{"id":42299,"date":"2025-01-09T13:03:55","date_gmt":"2025-01-09T11:03:55","guid":{"rendered":"https:\/\/agrozone.ee\/?post_type=product&#038;p=42299"},"modified":"2025-08-26T13:57:08","modified_gmt":"2025-08-26T11:57:08","slug":"pruudisolg-giant-scarlet","status":"publish","type":"product","link":"https:\/\/agrozone.ee\/en\/product\/pruudisolg-giant-scarlet\/","title":{"rendered":"Pruudis\u00f5lg \u2018Giant Scarlet\u2019"},"content":{"rendered":"<p>Zinnia elegans<\/p>\n<ul>\n<li>Suurep\u00e4rane l\u00f5ike- ja peenralill!<\/li>\n<li>Suured erkpunased t\u00e4idis\u00f5ied l\u00e4bim\u00f5\u00f5duga 10-12 cm meelitavad liblikaid.<\/li>\n<li>Tugevad pikad varred.<\/li>\n<li>K\u00f5rgus: 100 cm.<\/li>\n<\/ul>\n<h3>Kasutusjuhend<\/h3>\n<ul>\n<li>Eelistab p\u00e4ikesepaistelist, sooja ja tuulevarjulist kasvukohta, rammusat kuid kerget vett l\u00e4bilaskvat mulda.<\/li>\n<li>K\u00fclma\u00f5rn!<\/li>\n<\/ul>\n","protected":false},"excerpt":{"rendered":"<ul>\n<li>Suurep\u00e4rane l\u00f5ike- ja peenralill!<\/li>\n<li>Suured erkpunased t\u00e4idis\u00f5ied l\u00e4bim\u00f5\u00f5duga 10-12 cm meelitavad liblikaid.<\/li>\n<\/ul>\n","protected":false},"featured_media":42302,"template":"","meta":{"_acf_changed":false,"_seopress_robots_primary_cat":"","_seopress_titles_title":"Pruudis\u00f5lg \u2018Giant Scarlet\u2019: L\u00f5ike- ja peenralill","_seopress_titles_desc":"Giant Scarlet pruudis\u00f5lg on suurep\u00e4rane l\u00f5ike- ja peenralill, mis meelitab liblikaid oma erkpunaste \u00f5itega. Ideaalne p\u00e4ikesepaistelisse aeda.","_seopress_robots_index":"","_gspb_post_css":""},"product_brand":[],"product_cat":[15,100,479,87],"product_tag":[],"class_list":{"0":"post-42299","1":"product","2":"type-product","3":"status-publish","4":"has-post-thumbnail","6":"product_cat-koik-kategooriad","7":"product_cat-lilleseemned","8":"product_cat-pruudisolg","9":"product_cat-seemned","11":"first","12":"instock","13":"taxable","14":"shipping-taxable","15":"purchasable","16":"product-type-simple"},"ct_brands":[],"acf":[],"_links":{"self":[{"href":"https:\/\/agrozone.ee\/en\/wp-json\/wp\/v2\/product\/42299","targetHints":{"allow":["GET"]}}],"collection":[{"href":"https:\/\/agrozone.ee\/en\/wp-json\/wp\/v2\/product"}],"about":[{"href":"https:\/\/agrozone.ee\/en\/wp-json\/wp\/v2\/types\/product"}],"wp:featuredmedia":[{"embeddable":true,"href":"https:\/\/agrozone.ee\/en\/wp-json\/wp\/v2\/media\/42302"}],"wp:attachment":[{"href":"https:\/\/agrozone.ee\/en\/wp-json\/wp\/v2\/media?parent=42299"}],"wp:term":[{"taxonomy":"product_brand","embeddable":true,"href":"https:\/\/agrozone.ee\/en\/wp-json\/wp\/v2\/product_brand?post=42299"},{"taxonomy":"product_cat","embeddable":true,"href":"https:\/\/agrozone.ee\/en\/wp-json\/wp\/v2\/product_cat?post=42299"},{"taxonomy":"product_tag","embeddable":true,"href":"https:\/\/agrozone.ee\/en\/wp-json\/wp\/v2\/product_tag?post=42299"}],"curies":[{"name":"wp","href":"https:\/\/api.w.org\/{rel}","templated":true}]}}