{"id":4238,"date":"2024-06-09T15:59:18","date_gmt":"2024-06-09T12:59:18","guid":{"rendered":"https:\/\/agrozone.ee\/?post_type=product&#038;p=4238"},"modified":"2026-02-21T10:11:46","modified_gmt":"2026-02-21T08:11:46","slug":"score-250-ec-2ml","status":"publish","type":"product","link":"https:\/\/agrozone.ee\/en\/product\/score-250-ec-2ml\/","title":{"rendered":"Score 250 EC 2ml (viljapuude seenhaiguste t\u00f5rjeks)"},"content":{"rendered":"<p><strong>Score 250 EC 2ml<\/strong><\/p>\n<ul>\n<li>Laia toimespektriga s\u00fcsteemne fungitsiid.<\/li>\n<\/ul>\n<p><strong>Kasutusala:<\/strong> \u00f5una-, pirni-,ploomi-, kirsipuu ja teiste seemne- ja luuviljaliste seenhaiguste t\u00f5rjeks.<\/p>\n<p><a href=\"https:\/\/agrozone.ee\/wp-content\/uploads\/2024\/10\/infoleht_score_6b1ced5d.pdf\" target=\"_blank\" rel=\"noopener\">INFOLEHT<\/a><\/p>\n<p><a href=\"https:\/\/agrozone.ee\/wp-content\/uploads\/2024\/10\/ohutuskaart_score_250_ec_ee_2014_db49fe2f.pdf\">OHUTUSKAART<\/a><\/p>\n<h3>Kasutusjuhend<\/h3>\n<ul>\n<li>2 ml segatuna 10 l veega, 2 l noorele ja 5 l kandeeas olevale puule.<\/li>\n<li>T\u00f6\u00f6lahuse kulu on 2 liitrit noorele ja 5 liitrit t\u00e4ies kandeeas \u00f5una- v\u00f5i pirnipuule.<\/li>\n<li>Pritsida v\u00e4rskelt valmistatud lahusega tuulevaikse ilmaga, tagada lehtede \u00fchtlane kattumine t\u00f6\u00f6lahusega.<\/li>\n<li>Maksimaalne pritsimiste arv 2.<\/li>\n<li>Parimaid tulemusi annab prof\u00fclaktiline t\u00f5rje.<\/li>\n<li>Soovitatav on pritsida kord enne ja kord p\u00e4rast \u00f5itsemist.<\/li>\n<li>Esimest korda pritsida \u00f5iepungade moodustumise faasis 10-12 p\u00e4evase intervalliga.<\/li>\n<li>Ravivalt pritsida v\u00e4hemalt 96 tundi (4 \u00f6\u00f6p\u00e4eva) p\u00e4rast infektsiooni algust.<\/li>\n<li>Pritsimisvaheline aeg m\u00e4\u00e4ratakse prognoosi j\u00e4rgi, kui ilmaolud on haiguste levikuks soodsad.<\/li>\n<\/ul>\n<p><strong>T\u00f5rjutavad haigused:<\/strong> k\u00e4rnt\u00f5bi, jahukaste ja m\u00e4danikud.<\/p>\n<p><strong>Taimekaitsevahendi kasutamisel tuleb j\u00e4rgida pakendil olevaid juhiseid.<\/strong><\/p>\n","protected":false},"excerpt":{"rendered":"<ul>\n<li>Laia toimespektriga s\u00fcsteemne fungitsiid.<\/li>\n<\/ul>\n<p><strong>Kasutusala:<\/strong> \u00f5una-, pirni-,ploomi-, kirsipuu ja teiste seemne- ja luuviljaliste seenhaiguste t\u00f5rjeks.<\/p>\n","protected":false},"featured_media":4284,"template":"","meta":{"_acf_changed":false,"_seopress_robots_primary_cat":"none","_seopress_titles_title":"","_seopress_titles_desc":"Score 250 EC 2ml - Laia toimespektriga s\u00fcsteemne fungitsiid. \u00d5una-, pirni-,ploomi-, kirsipuu ja teiste seemne- ja luuviljaliste seenhaiguste t\u00f5rjeks.","_seopress_robots_index":"","_gspb_post_css":""},"product_brand":[],"product_cat":[109,15,111],"product_tag":[],"class_list":{"0":"post-4238","1":"product","2":"type-product","3":"status-publish","4":"has-post-thumbnail","6":"product_cat-aia-ja-taimede-kaitse","7":"product_cat-koik-kategooriad","8":"product_cat-taimehaiguste-torje","10":"first","11":"instock","12":"taxable","13":"shipping-taxable","14":"purchasable","15":"product-type-simple"},"ct_brands":[],"acf":[],"_links":{"self":[{"href":"https:\/\/agrozone.ee\/en\/wp-json\/wp\/v2\/product\/4238","targetHints":{"allow":["GET"]}}],"collection":[{"href":"https:\/\/agrozone.ee\/en\/wp-json\/wp\/v2\/product"}],"about":[{"href":"https:\/\/agrozone.ee\/en\/wp-json\/wp\/v2\/types\/product"}],"wp:featuredmedia":[{"embeddable":true,"href":"https:\/\/agrozone.ee\/en\/wp-json\/wp\/v2\/media\/4284"}],"wp:attachment":[{"href":"https:\/\/agrozone.ee\/en\/wp-json\/wp\/v2\/media?parent=4238"}],"wp:term":[{"taxonomy":"product_brand","embeddable":true,"href":"https:\/\/agrozone.ee\/en\/wp-json\/wp\/v2\/product_brand?post=4238"},{"taxonomy":"product_cat","embeddable":true,"href":"https:\/\/agrozone.ee\/en\/wp-json\/wp\/v2\/product_cat?post=4238"},{"taxonomy":"product_tag","embeddable":true,"href":"https:\/\/agrozone.ee\/en\/wp-json\/wp\/v2\/product_tag?post=4238"}],"curies":[{"name":"wp","href":"https:\/\/api.w.org\/{rel}","templated":true}]}}