{"id":4239,"date":"2024-06-09T15:59:18","date_gmt":"2024-06-09T12:59:18","guid":{"rendered":"https:\/\/agrozone.ee\/?post_type=product&#038;p=4239"},"modified":"2026-03-16T06:54:05","modified_gmt":"2026-03-16T04:54:05","slug":"switch-625-wg-5g","status":"publish","type":"product","link":"https:\/\/agrozone.ee\/en\/product\/switch-625-wg-5g\/","title":{"rendered":"Switch 62,5 WG 5g (haiguste t\u00f5rjeks)"},"content":{"rendered":"<p><strong>Switch 62,5 WG 5g<\/strong><\/p>\n<ul>\n<li>Taimekaitsevahend Switch 62,5 WG haiguste t\u00f5rjeks.<\/li>\n<li>Kontaktse ja s\u00fcsteemse toimega fungitsiid maasikate, dekoratiivtaimede, marjap\u00f5\u00f5saste ja liblik\u00f5ieliste k\u00f6\u00f6giviljade seenhaiguste t\u00f5rjeks.<\/li>\n<li>Toode sisaldab kahte toimeainet: fludioksoniili ja ts\u00fcprod\u00fcniili, mis tagab nii kahekordse m\u00f5ju patogeeni vastu kui ka taimede usaldusv\u00e4\u00e4rse kaitse.<\/li>\n<li>Kasutatakse taimehaiguste t\u00f5rjeks \u00f5una- ja pirnipuudel, ploomi- ja kirsipuudel (\u00f5itsemise ajal), vaarikal ning kasvuhoones kurgil ja tomatil, suvik\u00f5rvitsal, puukoolides ja murul.<\/li>\n<\/ul>\n<h3>Toime<\/h3>\n<ul>\n<li>Fludioksoniil ja ts\u00fcprodiniil on laboratoorsetes katsetes n\u00e4idanud v\u00e4ga head m\u00f5ju taime<br \/>\npatogeenide kottseente (Ascomycetes), teisseente (Deuteromycetes), hallikulaadsete (Monilinia) ja<br \/>\nhahkhallituse (Botrytis cinerea) vastu.<\/li>\n<li>Fludioksoniil ja ts\u00fcprodiniil on m\u00f5jusad k\u00f5igi nende<br \/>\npatogeenide vastu.<\/li>\n<li>Preparaat saavutab vihmakindluse 2 tunniga.<\/li>\n<\/ul>\n<p><a href=\"https:\/\/agrozone.ee\/wp-content\/uploads\/2024\/08\/switch-625-wg-label.pdf\" target=\"_blank\" rel=\"noopener\">INFOLEHT<\/a><\/p>\n<h3>Kasutusjuhend<\/h3>\n<p><strong>P\u00f5\u00f5sad:<\/strong> 5 g preparaati lahustada 2,5 l vees.<\/p>\n<p><strong>Puud:<\/strong> 5 g preparaati lahustada 5 l vees.<\/p>\n<p>Taimekaitsevahendi kasutamisel tuleb j\u00e4rgida pakendil ja ohutuskaardil olevaid kasutusjuhendit.<\/p>\n<p>Taimekaitse t\u00f6\u00f6de tegemisel kanda sobilivaid isikukaitsevahendeid ning j\u00e4rgida h\u00fcgieeni- ja ohutusn\u00f5udeid.<\/p>\n","protected":false},"excerpt":{"rendered":"<ul>\n<li>Taimekaitsevahend Switch 62,5 WG haiguste t\u00f5rjeks.<\/li>\n<li>Kontaktse ja s\u00fcsteemse toimega fungitsiid maasikate, dekoratiivtaimede, marjap\u00f5\u00f5saste ja liblik\u00f5ieliste k\u00f6\u00f6giviljade seenhaiguste t\u00f5rjeks.<\/li>\n<li>Kasutatakse taimehaiguste t\u00f5rjeks \u00f5una- ja pirnipuudel, ploomi- ja kirsipuudel (\u00f5itsemise ajal), vaarikal ning kasvuhoones kurgil ja tomatil, suvik\u00f5rvitsal, puukoolides ja murul.<\/li>\n<\/ul>\n","protected":false},"featured_media":4285,"template":"","meta":{"_acf_changed":false,"_seopress_robots_primary_cat":"none","_seopress_titles_title":"","_seopress_titles_desc":"Taimekaitsevahend Switch 62,5 WG haiguste t\u00f5rjeks.Kontaktse ja s\u00fcsteemse toimega fungitsiid maasikate, marjap\u00f5\u00f5saste seenhaiguste t\u00f5rjeks.","_seopress_robots_index":"","_gspb_post_css":""},"product_brand":[],"product_cat":[109,15,111],"product_tag":[],"class_list":{"0":"post-4239","1":"product","2":"type-product","3":"status-publish","4":"has-post-thumbnail","6":"product_cat-aia-ja-taimede-kaitse","7":"product_cat-koik-kategooriad","8":"product_cat-taimehaiguste-torje","10":"first","11":"outofstock","12":"taxable","13":"shipping-taxable","14":"purchasable","15":"product-type-simple"},"ct_brands":[],"acf":[],"_links":{"self":[{"href":"https:\/\/agrozone.ee\/en\/wp-json\/wp\/v2\/product\/4239","targetHints":{"allow":["GET"]}}],"collection":[{"href":"https:\/\/agrozone.ee\/en\/wp-json\/wp\/v2\/product"}],"about":[{"href":"https:\/\/agrozone.ee\/en\/wp-json\/wp\/v2\/types\/product"}],"wp:featuredmedia":[{"embeddable":true,"href":"https:\/\/agrozone.ee\/en\/wp-json\/wp\/v2\/media\/4285"}],"wp:attachment":[{"href":"https:\/\/agrozone.ee\/en\/wp-json\/wp\/v2\/media?parent=4239"}],"wp:term":[{"taxonomy":"product_brand","embeddable":true,"href":"https:\/\/agrozone.ee\/en\/wp-json\/wp\/v2\/product_brand?post=4239"},{"taxonomy":"product_cat","embeddable":true,"href":"https:\/\/agrozone.ee\/en\/wp-json\/wp\/v2\/product_cat?post=4239"},{"taxonomy":"product_tag","embeddable":true,"href":"https:\/\/agrozone.ee\/en\/wp-json\/wp\/v2\/product_tag?post=4239"}],"curies":[{"name":"wp","href":"https:\/\/api.w.org\/{rel}","templated":true}]}}