{"id":4246,"date":"2024-06-09T15:59:18","date_gmt":"2024-06-09T12:59:18","guid":{"rendered":"https:\/\/agrozone.ee\/?post_type=product&#038;p=4246"},"modified":"2026-04-15T07:38:16","modified_gmt":"2026-04-15T05:38:16","slug":"mavrik-30ml","status":"publish","type":"product","link":"https:\/\/agrozone.ee\/en\/product\/mavrik-30ml\/","title":{"rendered":"Mavrik 2F 30ml kahjurite t\u00f5rjevahend insektitsiid"},"content":{"rendered":"<p data-path-to-node=\"10\"><b data-path-to-node=\"10\" data-index-in-node=\"0\">Mavrik 2F \u2013 Laiatoimeline taimekaitsevahend aeda ja p\u00f5llule<\/b><\/p>\n<p id=\"p-rc_7991a3f91e460cda-45\" data-path-to-node=\"11\"><span data-path-to-node=\"11,1\"><span class=\"citation-104\">Mavrik 2F on k\u00f5rge efektiivsusega taimekaitsevahend, mis pakub laia spektriga kaitset mitmesuguste kahjurputukate ja lestade vastu<\/span><\/span><span data-path-to-node=\"11,3\">. <\/span><span data-path-to-node=\"11,5\"><span class=\"citation-103\">Preparaadi vormiks on emulsioon (\u00f5li vees), mille aktiivseks toimeaineks on tau-fluvalinaat (240 g\/l)<\/span><\/span><span data-path-to-node=\"11,7\">. See toode sobib n\u00f5udlikumale aednikule v\u00f5i v\u00e4ikep\u00f5llumehele, kel on vaja hooldada suuremaid pindasid v\u00f5i spetsiifilisi kultuure.<\/span><\/p>\n<p data-path-to-node=\"12\"><b data-path-to-node=\"12\" data-index-in-node=\"0\">Preparaadi peamised omadused:<\/b><\/p>\n<ul data-path-to-node=\"13\">\n<li>\n<p id=\"p-rc_7991a3f91e460cda-46\" data-path-to-node=\"13,0,1\"><span data-path-to-node=\"13,0,1,0\"><b data-path-to-node=\"13,0,1,0\" data-index-in-node=\"0\"><span class=\"citation-102\">Laiendatud kasutusala:<\/span><\/b><span class=\"citation-102\"> Lisaks traditsioonilistele juur- ja k\u00f6\u00f6giviljadele sobib see toode ideaalselt kasutamiseks v\u00e4ikese kasvupinnaga kultuuridel, n\u00e4iteks \u00f5una- ja pirnipuudel, kaalikal ning suhkru-, s\u00f6\u00f6da- ja s\u00f6\u00f6gipeedil<\/span><\/span><span data-path-to-node=\"13,0,1,2\">.<\/span><\/p>\n<\/li>\n<li>\n<p id=\"p-rc_7991a3f91e460cda-47\" data-path-to-node=\"13,1,1\"><span data-path-to-node=\"13,1,1,0\"><b data-path-to-node=\"13,1,1,0\" data-index-in-node=\"0\"><span class=\"citation-101\">Mitmek\u00fclgne kahjurit\u00f5rje:<\/span><\/b><span class=\"citation-101\"> Aitab efektiivselt v\u00f5idelda paljude levinud probleemidega \u2013 t\u00f5rjutavate kahjurite hulka kuuluvad lehet\u00e4id, kartulimardikad, kapsakoid, porgandi-lehekirbud, \u00f5unapuu-\u00f5iel\u00f5ikajad ja mitmesugused lestad<\/span><\/span><span data-path-to-node=\"13,1,1,2\">.<\/span><\/p>\n<\/li>\n<li>\n<p id=\"p-rc_7991a3f91e460cda-48\" data-path-to-node=\"13,2,1\"><span data-path-to-node=\"13,2,1,0\"><b data-path-to-node=\"13,2,1,0\" data-index-in-node=\"0\"><span class=\"citation-100\">Optimaalne toime:<\/span><\/b><span class=\"citation-100\"> Preparaat h\u00e4vitab putukaid kontaktsel teel<\/span><\/span><span data-path-to-node=\"13,2,1,2\">. <\/span><span data-path-to-node=\"13,2,1,4\"><span class=\"citation-99\">Parimad tulemused saavutatakse siis, kui kahjurid on pritsimise hetkel aktiivsed ja oma tundlikus kasvustaadiumis<\/span><\/span><span data-path-to-node=\"13,2,1,6\">.<\/span><\/p>\n<\/li>\n<\/ul>\n<p data-path-to-node=\"14\"><b data-path-to-node=\"14\" data-index-in-node=\"0\">T\u00f6\u00f6lahuse valmistamine ja ohutusn\u00f5uded:<\/b><\/p>\n<ul data-path-to-node=\"15\">\n<li>\n<p id=\"p-rc_7991a3f91e460cda-49\" data-path-to-node=\"15,0,1\"><span data-path-to-node=\"15,0,1,0\"><b data-path-to-node=\"15,0,1,0\" data-index-in-node=\"0\"><span class=\"citation-98\">Doseerimine:<\/span><\/b><span class=\"citation-98\"> S\u00f5ltuvalt kultuurist on soovituslik kulunorm 6 kuni 8 ml preparaati 10 liitri vee kohta, millest piisab 330 m\u00b2 t\u00f6\u00f6tlemiseks<\/span><\/span><span data-path-to-node=\"15,0,1,2\">.<\/span><\/p>\n<\/li>\n<li>\n<p id=\"p-rc_7991a3f91e460cda-50\" data-path-to-node=\"15,1,0\"><span data-path-to-node=\"15,1,0,0\"><b data-path-to-node=\"15,1,0,0\" data-index-in-node=\"0\">Veeorganismide kaitse:<\/b> Pinna- ja p\u00f5hjavee s\u00e4\u00e4stmiseks on rangelt n\u00f5utav kinni pidada puhverv\u00f6\u00f6nditest \u2013 hernel, oal ja kartulil 10 meetrit; porgandil ja peedil 20 meetrit; <\/span><span data-path-to-node=\"15,1,0,2\"><span class=\"citation-97\">\u00f5una- ja pirnipuudel ning ilutaimedel 30 meetrit pinnaveekogudest<\/span><\/span><span data-path-to-node=\"15,1,0,4\">.<\/span><\/p>\n<\/li>\n<li>\n<p id=\"p-rc_7991a3f91e460cda-51\" data-path-to-node=\"15,2,1\"><span data-path-to-node=\"15,2,1,0\"><b data-path-to-node=\"15,2,1,0\" data-index-in-node=\"0\"><span class=\"citation-96 interactive-span-hovered\">Looduss\u00f5bralik ajastus:<\/span><\/b><span class=\"citation-96 interactive-span-hovered\"> Toote kasutamine \u00f5itsemise ajal on lubatud vaid ajavahemikus 22:00\u201305:00, v\u00e4ltimaks mesilaste ja teiste kasulike tolmeldajate kahjustamist<\/span><\/span><span data-path-to-node=\"15,2,1,2\">.<\/span><\/p>\n<\/li>\n<\/ul>\n<p><a href=\"https:\/\/agrozone.ee\/wp-content\/uploads\/2026\/04\/mavrik_2f_infoleht.pdf\" target=\"_blank\" rel=\"noopener\">INFOLEHT<\/a><\/p>\n<p><a href=\"https:\/\/agrozone.ee\/wp-content\/uploads\/2026\/04\/mavrik2f_ohutuskaart.pdf\">OHUTUSKAART<\/a><\/p>\n","protected":false},"excerpt":{"rendered":"<p>Kahjurite t\u00f5rjeks hernel, oal, kartulil, porgandil, lillkapsal, brokkolil, spargelkapsal, peakapsal, rooskapsal ja ilutaimedel.<\/p>\n","protected":false},"featured_media":58167,"template":"","meta":{"_acf_changed":false,"_seopress_robots_primary_cat":"none","_seopress_titles_title":"Taimekaitsevahend Mavrik 2F | Laiatoimeline insektitsiid | Agrozone","_seopress_titles_desc":"Mavrik 2F on t\u00f5hus laia spektriga taimekaitsevahend puu- ja k\u00f6\u00f6giviljadele. Ohutu mesilastele, kui pritsida \u00f5htusel ajal. Osta Agrozone'ist!","_seopress_robots_index":"","_gspb_post_css":""},"product_brand":[2906],"product_cat":[109,15,112],"product_tag":[],"class_list":{"0":"post-4246","1":"product","2":"type-product","3":"status-publish","4":"has-post-thumbnail","6":"product_brand-baltic-agro","7":"product_cat-aia-ja-taimede-kaitse","8":"product_cat-koik-kategooriad","9":"product_cat-taimekahjurite-torje","11":"first","12":"instock","13":"taxable","14":"shipping-taxable","15":"purchasable","16":"product-type-simple"},"ct_brands":[{"id":2906,"name":"Baltic Agro","slug":"baltic-agro"}],"acf":[],"_links":{"self":[{"href":"https:\/\/agrozone.ee\/en\/wp-json\/wp\/v2\/product\/4246","targetHints":{"allow":["GET"]}}],"collection":[{"href":"https:\/\/agrozone.ee\/en\/wp-json\/wp\/v2\/product"}],"about":[{"href":"https:\/\/agrozone.ee\/en\/wp-json\/wp\/v2\/types\/product"}],"wp:featuredmedia":[{"embeddable":true,"href":"https:\/\/agrozone.ee\/en\/wp-json\/wp\/v2\/media\/58167"}],"wp:attachment":[{"href":"https:\/\/agrozone.ee\/en\/wp-json\/wp\/v2\/media?parent=4246"}],"wp:term":[{"taxonomy":"product_brand","embeddable":true,"href":"https:\/\/agrozone.ee\/en\/wp-json\/wp\/v2\/product_brand?post=4246"},{"taxonomy":"product_cat","embeddable":true,"href":"https:\/\/agrozone.ee\/en\/wp-json\/wp\/v2\/product_cat?post=4246"},{"taxonomy":"product_tag","embeddable":true,"href":"https:\/\/agrozone.ee\/en\/wp-json\/wp\/v2\/product_tag?post=4246"}],"curies":[{"name":"wp","href":"https:\/\/api.w.org\/{rel}","templated":true}]}}