{"id":4247,"date":"2024-06-09T15:59:18","date_gmt":"2024-06-09T12:59:18","guid":{"rendered":"https:\/\/agrozone.ee\/?post_type=product&#038;p=4247"},"modified":"2026-04-15T07:38:05","modified_gmt":"2026-04-15T05:38:05","slug":"mavrik-5ml","status":"publish","type":"product","link":"https:\/\/agrozone.ee\/en\/product\/mavrik-5ml\/","title":{"rendered":"Mavrik 2F 5ml"},"content":{"rendered":"<p data-path-to-node=\"3\"><b data-path-to-node=\"3\" data-index-in-node=\"0\">Mavrik 2F 5ml \u2013 T\u00f5hus ja kiire kahjurit\u00f5rje Sinu koduaeda<\/b><\/p>\n<p id=\"p-rc_7991a3f91e460cda-39\" data-path-to-node=\"4\"><span data-path-to-node=\"4,1\"><span class=\"citation-115\">Mavrik 2F on usaldusv\u00e4\u00e4rne insektitsiid, mis on loodud spetsiaalselt kahjurputukate ja lestade t\u00f5rjeks<\/span><\/span><span data-path-to-node=\"4,3\">. <\/span><span data-path-to-node=\"4,5\"><span class=\"citation-114\">See mugavas 5 ml v\u00e4ikepakendis taimekaitsevahend sobib ideaalselt koduaednikule, kuna selle ostmiseks ja kasutamiseks ei ole n\u00f5utav taimekaitsetunnistuse olemasolu<\/span><\/span><span data-path-to-node=\"4,7\">.<\/span><\/p>\n<p data-path-to-node=\"5\"><b data-path-to-node=\"5\" data-index-in-node=\"0\">Miks valida Mavrik 2F?<\/b><\/p>\n<ul data-path-to-node=\"6\">\n<li>\n<p id=\"p-rc_7991a3f91e460cda-40\" data-path-to-node=\"6,0,1\"><span data-path-to-node=\"6,0,1,0\"><b data-path-to-node=\"6,0,1,0\" data-index-in-node=\"0\"><span class=\"citation-113\">Lai valik kaitstavaid taimi:<\/span><\/b><span class=\"citation-113\"> Preparaat on v\u00e4ga t\u00f5hus kahjurite h\u00e4vitamisel levinud aiakultuuridel nagu hernes, oad, kartul, porgand, lillkapsas, brokoli, peakapsas ja rooskapsas<\/span><\/span><span data-path-to-node=\"6,0,1,2\">. <\/span><span data-path-to-node=\"6,0,1,4\"><span class=\"citation-112\">Lisaks sobib see suurep\u00e4raselt dekoratiivtaimede kaitsmiseks<\/span><\/span><span data-path-to-node=\"6,0,1,6\">.<\/span><\/p>\n<\/li>\n<li>\n<p id=\"p-rc_7991a3f91e460cda-41\" data-path-to-node=\"6,1,1\"><span data-path-to-node=\"6,1,1,0\"><b data-path-to-node=\"6,1,1,0\" data-index-in-node=\"0\"><span class=\"citation-111\">Kiire kontaktne m\u00f5ju:<\/span><\/b><span class=\"citation-111\"> Mavrik 2F toimib otsesel kokkupuutel \u2013 see t\u00e4hendab, et t\u00f5rjutavad kahjurid peavad kokku puutuma pritsimisvedelikuga v\u00f5i selle j\u00e4\u00e4kidega<\/span><\/span><span data-path-to-node=\"6,1,1,2\">.<\/span><\/p>\n<\/li>\n<li>\n<p id=\"p-rc_7991a3f91e460cda-42\" data-path-to-node=\"6,2,1\"><span data-path-to-node=\"6,2,1,0\"><b data-path-to-node=\"6,2,1,0\" data-index-in-node=\"0\"><span class=\"citation-110\">Mesilastele ohutum lahendus:<\/span><\/b><span class=\"citation-110\"> Toodet on lubatud kasutada ka taimede \u00f5itsemise ajal<\/span><\/span><span data-path-to-node=\"6,2,1,2\">. <\/span><span data-path-to-node=\"6,2,1,4\"><span class=\"citation-109\">Ohutuse tagamiseks tuleb pritsimist\u00f6id teha kindlasti \u00f5htu- v\u00f5i \u00f6\u00f6tundidel (kell 22:00\u201305:00), kui kasulike putukate lendlus on l\u00f5ppenud<\/span><\/span><span data-path-to-node=\"6,2,1,6\">.<\/span><\/p>\n<\/li>\n<li>\n<p id=\"p-rc_7991a3f91e460cda-43\" data-path-to-node=\"6,3,1\"><span data-path-to-node=\"6,3,1,0\"><b data-path-to-node=\"6,3,1,0\" data-index-in-node=\"0\"><span class=\"citation-108\">Kiired tulemused:<\/span><\/b><span class=\"citation-108\"> Toode on vihmakindel juba 2 tundi peale pritsimist <\/span><\/span><span data-path-to-node=\"6,3,1,3\"><span class=\"citation-107\">ning t\u00f5rje tulemus on n\u00e4htav 4 p\u00e4eva p\u00e4rast t\u00f6\u00f6tlemist<\/span><\/span><span data-path-to-node=\"6,3,1,5\">.<\/span><\/p>\n<\/li>\n<\/ul>\n<p id=\"p-rc_7991a3f91e460cda-44\" data-path-to-node=\"7\"><span data-path-to-node=\"7,0\"><b data-path-to-node=\"7,0\" data-index-in-node=\"0\">Kuidas kasutada?<\/b> <\/span><span data-path-to-node=\"7,2\"><span class=\"citation-106\">T\u00f5husa tulemuse tagamiseks on oluline katta taimed pritsimisvedelikuga v\u00f5imalikult \u00fchtlaselt<\/span><\/span><span data-path-to-node=\"7,4\">. <\/span><span data-path-to-node=\"7,6\"><span class=\"citation-105\">Standardne t\u00f6\u00f6lahuse kulu on 6-8 ml vedelikku 330 m\u00b2 suuruse ala kohta<\/span><\/span><span data-path-to-node=\"7,8\">.<\/span><\/p>\n<p><a href=\"https:\/\/agrozone.ee\/wp-content\/uploads\/2026\/04\/mavrik_2f_infoleht.pdf\" target=\"_blank\" rel=\"noopener\">INFOLEHT<\/a><\/p>\n<p><a href=\"https:\/\/agrozone.ee\/wp-content\/uploads\/2026\/04\/mavrik2f_ohutuskaart.pdf\">OHUTUSKAART<\/a><\/p>\n","protected":false},"excerpt":{"rendered":"<p>Kahjurite t\u00f5rjeks hernel, oal, kartulil, porgandil, lillkapsal, brokkolil, spargelkapsal, peakapsal, rooskapsal ja ilutaimedel.<\/p>\n","protected":false},"featured_media":58170,"template":"","meta":{"_acf_changed":false,"_seopress_robots_primary_cat":"none","_seopress_titles_title":"Mavrik 2F 5ml | T\u00f5hus kahjurit\u00f5rje koduaeda | Agrozone.ee","_seopress_titles_desc":"Vajad kiiret kahjurit\u00f5rjet? Mavrik 2F 5ml h\u00e4vitab kahjurid ja lestad kontaktsel teel. Vabam\u00fc\u00fcgis, ei n\u00f5ua taimekaitsetunnistust. Telli Agrozone e-poest!","_seopress_robots_index":"","_gspb_post_css":""},"product_brand":[2906],"product_cat":[109,15,112],"product_tag":[],"class_list":{"0":"post-4247","1":"product","2":"type-product","3":"status-publish","4":"has-post-thumbnail","6":"product_brand-baltic-agro","7":"product_cat-aia-ja-taimede-kaitse","8":"product_cat-koik-kategooriad","9":"product_cat-taimekahjurite-torje","11":"first","12":"instock","13":"taxable","14":"shipping-taxable","15":"purchasable","16":"product-type-simple"},"ct_brands":[{"id":2906,"name":"Baltic Agro","slug":"baltic-agro"}],"acf":[],"_links":{"self":[{"href":"https:\/\/agrozone.ee\/en\/wp-json\/wp\/v2\/product\/4247","targetHints":{"allow":["GET"]}}],"collection":[{"href":"https:\/\/agrozone.ee\/en\/wp-json\/wp\/v2\/product"}],"about":[{"href":"https:\/\/agrozone.ee\/en\/wp-json\/wp\/v2\/types\/product"}],"wp:featuredmedia":[{"embeddable":true,"href":"https:\/\/agrozone.ee\/en\/wp-json\/wp\/v2\/media\/58170"}],"wp:attachment":[{"href":"https:\/\/agrozone.ee\/en\/wp-json\/wp\/v2\/media?parent=4247"}],"wp:term":[{"taxonomy":"product_brand","embeddable":true,"href":"https:\/\/agrozone.ee\/en\/wp-json\/wp\/v2\/product_brand?post=4247"},{"taxonomy":"product_cat","embeddable":true,"href":"https:\/\/agrozone.ee\/en\/wp-json\/wp\/v2\/product_cat?post=4247"},{"taxonomy":"product_tag","embeddable":true,"href":"https:\/\/agrozone.ee\/en\/wp-json\/wp\/v2\/product_tag?post=4247"}],"curies":[{"name":"wp","href":"https:\/\/api.w.org\/{rel}","templated":true}]}}