{"id":4249,"date":"2024-06-09T15:59:18","date_gmt":"2024-06-09T12:59:18","guid":{"rendered":"https:\/\/agrozone.ee\/?post_type=product&#038;p=4249"},"modified":"2025-08-01T07:38:00","modified_gmt":"2025-08-01T05:38:00","slug":"liimpuunis-3-varviga-3m","status":"publish","type":"product","link":"https:\/\/agrozone.ee\/en\/product\/liimpuunis-3-varviga-3m\/","title":{"rendered":"Liimp\u00fc\u00fcnis 3-v\u00e4rviga 3m"},"content":{"rendered":"<ul>\n<li>Liimp\u00fc\u00fcnis 3-v\u00e4rviga keemiavabaks kahjurit\u00f5rjeks.<\/li>\n<li>Kahjurputukate p\u00fc\u00fcdmiseks ja tuvastamiseks sobiv toode aeda, kasvuhoonesse ja tuppa.<\/li>\n<li>Erinevad v\u00e4rvid meelitavad ligi erinevaid kahjureid ning kahjurid kleepuvad spetsiaalse liimi k\u00fclge.<\/li>\n<li>Kollane: kirsik\u00e4rbse, leinas\u00e4\u00e4skede, karilase, lendava lehet\u00e4i, rododendroni tsikaadide p\u00fc\u00fcdmiseks.<\/li>\n<li>Kirsik\u00e4rbse monitoorimiseks ja p\u00fc\u00fcdmiseks.<\/li>\n<li>Valge: \u00f5unavaablase, ploomivaablase, vaarikamardika p\u00fc\u00fcdmiseks.<\/li>\n<\/ul>\n<h3>Kasutusjuhend<\/h3>\n<ul>\n<li>P\u00fc\u00fcnispaberi suuruse saab ise sobivaks l\u00f5igata.<\/li>\n<li>Komplektis n\u00f6\u00f6r\u00fcmbrisega traat p\u00fc\u00fcnise riputamiseks.<\/li>\n<li>Riputage p\u00fc\u00fcnispaberi k\u00f5ik 3 v\u00e4rvi taimede l\u00e4hedusse, et kindlaks teha, millised kahjurid on taimi kahjustanud.<\/li>\n<li>Konkreetse kahjuri j\u00e4lgimiseks v\u00f5ib riputada \u00fchte v\u00e4rvi liimp\u00fc\u00fcnise osa.<\/li>\n<li>L\u00f5igake soovitud liimp\u00fc\u00fcnise ja riputustraadi pikkus.<\/li>\n<li>Soovitus puude jaoks: 42 cm liimpaberit ja 60 cm riputustraati.<\/li>\n<li>Murdke p\u00fc\u00fcnispaber \u00fcle traadi ja liimige pakendis oleva \u00fcmmarguse kleebisega kokku.<\/li>\n<li>Seej\u00e4rel riputage puu v\u00f5i taime k\u00fclge.<\/li>\n<li>Haarake liimi kattev paber ainult otstest ja t\u00f5mmake paber ettevaatlikult k\u00fclgedele. Vt. pakendil olevat joonist.<\/li>\n<li>Toas l\u00f5igake ca 6 cm pikkune pabeririba ja pange pulga k\u00fclge ning torgake taimepotti.<\/li>\n<li>K\u00e4tele sattunud liimi saate eemaldada alkoholi v\u00f5i taime\u00f5liga.<\/li>\n<li>Komposteeruv toode.<\/li>\n<\/ul>\n","protected":false},"excerpt":{"rendered":"<ul>\n<li>Liimp\u00fc\u00fcnis 3-v\u00e4rviga keemiavabaks kahjurit\u00f5rjeks.<\/li>\n<li>Kahjurputukate p\u00fc\u00fcdmiseks ja tuvastamiseks sobiv toode aeda, kasvuhoonesse ja tuppa.<\/li>\n<li>Erinevad v\u00e4rvid meelitavad ligi erinevaid kahjureid ning kahjurid kleepuvad spetsiaalse liimi k\u00fclge.<\/li>\n<\/ul>\n","protected":false},"featured_media":4801,"template":"","meta":{"_acf_changed":false,"_seopress_robots_primary_cat":"","_seopress_titles_title":"","_seopress_titles_desc":"Liimp\u00fc\u00fcnis 3-v\u00e4rviga keemiavabaks kahjurit\u00f5rjeks. Kahjurputukate p\u00fc\u00fcdmiseks ja tuvastamiseks sobiv toode aeda, kasvuhoonesse ja tuppa.","_seopress_robots_index":"","_gspb_post_css":""},"product_brand":[],"product_cat":[109,15,112],"product_tag":[],"class_list":{"0":"post-4249","1":"product","2":"type-product","3":"status-publish","4":"has-post-thumbnail","6":"product_cat-aia-ja-taimede-kaitse","7":"product_cat-koik-kategooriad","8":"product_cat-taimekahjurite-torje","10":"first","11":"instock","12":"taxable","13":"shipping-taxable","14":"purchasable","15":"product-type-simple"},"ct_brands":[],"acf":[],"_links":{"self":[{"href":"https:\/\/agrozone.ee\/en\/wp-json\/wp\/v2\/product\/4249","targetHints":{"allow":["GET"]}}],"collection":[{"href":"https:\/\/agrozone.ee\/en\/wp-json\/wp\/v2\/product"}],"about":[{"href":"https:\/\/agrozone.ee\/en\/wp-json\/wp\/v2\/types\/product"}],"wp:featuredmedia":[{"embeddable":true,"href":"https:\/\/agrozone.ee\/en\/wp-json\/wp\/v2\/media\/4801"}],"wp:attachment":[{"href":"https:\/\/agrozone.ee\/en\/wp-json\/wp\/v2\/media?parent=4249"}],"wp:term":[{"taxonomy":"product_brand","embeddable":true,"href":"https:\/\/agrozone.ee\/en\/wp-json\/wp\/v2\/product_brand?post=4249"},{"taxonomy":"product_cat","embeddable":true,"href":"https:\/\/agrozone.ee\/en\/wp-json\/wp\/v2\/product_cat?post=4249"},{"taxonomy":"product_tag","embeddable":true,"href":"https:\/\/agrozone.ee\/en\/wp-json\/wp\/v2\/product_tag?post=4249"}],"curies":[{"name":"wp","href":"https:\/\/api.w.org\/{rel}","templated":true}]}}