{"id":4252,"date":"2024-06-09T15:59:19","date_gmt":"2024-06-09T12:59:19","guid":{"rendered":"https:\/\/agrozone.ee\/?post_type=product&#038;p=4252"},"modified":"2025-08-01T07:39:14","modified_gmt":"2025-08-01T05:39:14","slug":"liimivoo-viljapuudele-3m","status":"publish","type":"product","link":"https:\/\/agrozone.ee\/en\/product\/liimivoo-viljapuudele-3m\/","title":{"rendered":"Liimiv\u00f6\u00f6 viljapuudele 3m"},"content":{"rendered":"<ul>\n<li>Liimiv\u00f6\u00f6 kahjurite t\u00f5rjeks viljapuudel, mis ei sisalda keemilisi putukat\u00f5rjevahendeid ja on kasulikele putukatele ohutu.<\/li>\n<li>Katsed n\u00e4itavad, et rohelist v\u00e4rvi liim kasulikke lendavaid putukaid ligi ei meelita.<\/li>\n<li>Viljapuude liimiv\u00f6\u00f6 on kaetud loodusliku liimiga, mis on taastuv tooraine.<\/li>\n<li>\u00dchtlaselt peale kantud liimi ei m\u00f5juta kuumus (kuni 50 \u00b0C) ega k\u00fclm ning p\u00fcsib p\u00fc\u00fcdmisv\u00f5imeline mitu kuud.<\/li>\n<li>Liimiv\u00f6\u00f6 koosneb &#8220;roomamisliimist&#8221;, mis p\u00fc\u00fcab kinni ainult putukaid, kes liimi sisse roomavad.<\/li>\n<li>See hoiab \u00e4ra nn sildade moodustumise liimir\u00f5ngale, nt putukate kleepumise t\u00f5ttu.<\/li>\n<\/ul>\n<p>Hoiab \u00e4ra nende ja paljude teiste kahjurite j\u00f5udmise puu v\u00f5rasse:<\/p>\n<ul>\n<li style=\"list-style-type: none;\">\n<ul>\n<li>Harilik k\u00fclmavaksik<\/li>\n<li>Lumevaksik<\/li>\n<li>Villt\u00e4i ja veret\u00e4i<\/li>\n<li>Puidu\u00fcraja<\/li>\n<li>Sipelgad<\/li>\n<li>P\u00e4hklik\u00e4rsakas<\/li>\n<\/ul>\n<\/li>\n<\/ul>\n<h3>Kasutusjuhend<\/h3>\n<ul>\n<li>Asetage kinnine liimiv\u00f6\u00f6 tumerohelise k\u00fcljega v\u00e4ljapoole \u00fcmber t\u00fcve, kinnitage see n\u00f5elaga ja siduge \u00fclemine osa traadiga kinni.<\/li>\n<li>Seej\u00e4rel t\u00f5mmake liimiv\u00f6\u00f6 allapoole ja siduge altpoolt kinni<\/li>\n<li>Liimiv\u00f6\u00f6 rohelisele liimile kleepuvad vaid sellest \u00fcle roomavad kahjurputukad.<\/li>\n<\/ul>\n<p><strong>K\u00fclmavaksiku vastu: septembri l\u00f5pust m\u00e4rtsini. <\/strong><\/p>\n<p><strong>Vere- ja lehet\u00e4ide, p\u00e4hklik\u00e4rsaka, lumevaksiku vastu: m\u00e4rtsi l\u00f5pust juulini.<\/strong><\/p>\n<p>Liimiv\u00f6\u00f6 t\u00f5rjub k\u00f5iki m\u00f6\u00f6da t\u00fcve roomavaid putukaid, n\u00e4iteks harilik k\u00fclmavaksik (Operophtera brumata) \u2013 \u00fcks peamisi viljapuukahjureid; sipelgad (Lasius sp. jt) \u2013 kaitsevad lehet\u00e4ide kolooniaid; villt\u00e4i ja verit\u00e4i (Eriosoma lanigerum) \u2013 t\u00e4ikolooniad p\u00e4rsivad puude k\u00fclmakindlust; p\u00e4hklik\u00e4rsakas (Curculio nucum) \u2013 v\u00f5ib tugevasti saagikust v\u00e4hendada; puidu\u00fcraja (Xyloborus dispar jt) \u2013 elutseb eri puuliikidel; lumevaksik (Apocheima pilosaria) \u2013 kahjustab erinevaid heitlehelisi taimi, nende hulgas ka viljapuid; kirsipuu-lehet\u00e4i (Myzus cerasi, M. prunavium) \u2013 liimiriba t\u00f5rjub selle kahjuri esimest r\u00fcnnakut.<\/p>\n<p><strong>NB!<\/strong><\/p>\n<ul>\n<li>Toote s\u00e4ilivusaeg ei ole tootja poolt m\u00e4\u00e4ratud.<\/li>\n<li>Pakendit hoida kuivas ja jahedas kohas.<\/li>\n<li>Niiskes v\u00f5i m\u00e4rjas kohas hoides muutub liimiv\u00f6\u00f6 paber m\u00e4rjaks ja kaotab oma m\u00f5ju.<\/li>\n<li>Toodet ei tohiks hoiustada miinuskraadides, sest siis muutub liim k\u00f5vaks ning tirib paberi katki.<\/li>\n<\/ul>\n","protected":false},"excerpt":{"rendered":"<ul>\n<li>Liimiv\u00f6\u00f6 kahjurite t\u00f5rjeks viljapuudel, mis ei sisalda keemilisi putukat\u00f5rjevahendeid ja on kasulikele putukatele ohutu.<\/li>\n<li>Katsed n\u00e4itavad, et rohelist v\u00e4rvi liim kasulikke lendavaid putukaid ligi ei meelita.<\/li>\n<li>Viljapuude liimiv\u00f6\u00f6 on kaetud loodusliku liimiga, mis on taastuv tooraine.<\/li>\n<\/ul>\n","protected":false},"featured_media":44096,"template":"","meta":{"_acf_changed":false,"_seopress_robots_primary_cat":"none","_seopress_titles_title":"","_seopress_titles_desc":"","_seopress_robots_index":"","_gspb_post_css":""},"product_brand":[],"product_cat":[109,15,112],"product_tag":[],"class_list":{"0":"post-4252","1":"product","2":"type-product","3":"status-publish","4":"has-post-thumbnail","6":"product_cat-aia-ja-taimede-kaitse","7":"product_cat-koik-kategooriad","8":"product_cat-taimekahjurite-torje","10":"first","11":"instock","12":"taxable","13":"shipping-taxable","14":"purchasable","15":"product-type-simple"},"ct_brands":[],"acf":[],"_links":{"self":[{"href":"https:\/\/agrozone.ee\/en\/wp-json\/wp\/v2\/product\/4252","targetHints":{"allow":["GET"]}}],"collection":[{"href":"https:\/\/agrozone.ee\/en\/wp-json\/wp\/v2\/product"}],"about":[{"href":"https:\/\/agrozone.ee\/en\/wp-json\/wp\/v2\/types\/product"}],"wp:featuredmedia":[{"embeddable":true,"href":"https:\/\/agrozone.ee\/en\/wp-json\/wp\/v2\/media\/44096"}],"wp:attachment":[{"href":"https:\/\/agrozone.ee\/en\/wp-json\/wp\/v2\/media?parent=4252"}],"wp:term":[{"taxonomy":"product_brand","embeddable":true,"href":"https:\/\/agrozone.ee\/en\/wp-json\/wp\/v2\/product_brand?post=4252"},{"taxonomy":"product_cat","embeddable":true,"href":"https:\/\/agrozone.ee\/en\/wp-json\/wp\/v2\/product_cat?post=4252"},{"taxonomy":"product_tag","embeddable":true,"href":"https:\/\/agrozone.ee\/en\/wp-json\/wp\/v2\/product_tag?post=4252"}],"curies":[{"name":"wp","href":"https:\/\/api.w.org\/{rel}","templated":true}]}}