{"id":42616,"date":"2025-01-21T14:51:34","date_gmt":"2025-01-21T12:51:34","guid":{"rendered":"https:\/\/agrozone.ee\/?post_type=product&#038;p=42616"},"modified":"2026-03-27T11:38:07","modified_gmt":"2026-03-27T09:38:07","slug":"seemnekartul-lea-5-kg","status":"publish","type":"product","link":"https:\/\/agrozone.ee\/en\/product\/seemnekartul-lea-5-kg\/","title":{"rendered":"Seemnekartul Lea 5 kg"},"content":{"rendered":"<p>Kartul \u2018Lea\u2019 on v\u00e4ga varajane k\u00f5rgesaagiline lauakartuli sort, mis sobib mahekasvatusse.<\/p>\n<p>Mugulad on ovaalsed, madalate silmadega, sileda koore ning tumekollase sisuga.<\/p>\n<p>V\u00e4ga heade maitse-ja keeduomadustega- keetmiseks, p\u00fcreedeks ja praadimiseks.<\/p>\n<p>V\u00e4rv muutub minimaalselt peale keetmist ja praadimist.<\/p>\n<p>Hea vastupanuv\u00f5ime haigustele. T\u00fc\u00fcp: AB<\/p>\n<p>Sertifitseeritud seemnekartul.<\/p>\n","protected":false},"excerpt":{"rendered":"<p><em>Sertifitseeritud seemnekartul<\/em><\/p>\n","protected":false},"featured_media":42619,"template":"","meta":{"_acf_changed":false,"_seopress_robots_primary_cat":"none","_seopress_titles_title":"","_seopress_titles_desc":"Otsid mahedat seemnekartulit? Lea on haiguskindel ja v\u00e4ga varajane sort, mis sobib ideaalselt p\u00fcreedeks ja keetmiseks. Telli kvaliteetne seeme siit.","_seopress_robots_index":"","_gspb_post_css":""},"product_brand":[],"product_cat":[15,87,994],"product_tag":[],"class_list":{"0":"post-42616","1":"product","2":"type-product","3":"status-publish","4":"has-post-thumbnail","6":"product_cat-koik-kategooriad","7":"product_cat-seemned","8":"product_cat-seemnekartul","10":"first","11":"instock","12":"taxable","13":"shipping-taxable","14":"purchasable","15":"product-type-simple"},"ct_brands":[],"acf":[],"_links":{"self":[{"href":"https:\/\/agrozone.ee\/en\/wp-json\/wp\/v2\/product\/42616","targetHints":{"allow":["GET"]}}],"collection":[{"href":"https:\/\/agrozone.ee\/en\/wp-json\/wp\/v2\/product"}],"about":[{"href":"https:\/\/agrozone.ee\/en\/wp-json\/wp\/v2\/types\/product"}],"wp:featuredmedia":[{"embeddable":true,"href":"https:\/\/agrozone.ee\/en\/wp-json\/wp\/v2\/media\/42619"}],"wp:attachment":[{"href":"https:\/\/agrozone.ee\/en\/wp-json\/wp\/v2\/media?parent=42616"}],"wp:term":[{"taxonomy":"product_brand","embeddable":true,"href":"https:\/\/agrozone.ee\/en\/wp-json\/wp\/v2\/product_brand?post=42616"},{"taxonomy":"product_cat","embeddable":true,"href":"https:\/\/agrozone.ee\/en\/wp-json\/wp\/v2\/product_cat?post=42616"},{"taxonomy":"product_tag","embeddable":true,"href":"https:\/\/agrozone.ee\/en\/wp-json\/wp\/v2\/product_tag?post=42616"}],"curies":[{"name":"wp","href":"https:\/\/api.w.org\/{rel}","templated":true}]}}