{"id":42654,"date":"2025-01-21T21:49:54","date_gmt":"2025-01-21T19:49:54","guid":{"rendered":"https:\/\/agrozone.ee\/?post_type=product&#038;p=42654"},"modified":"2025-04-09T15:27:14","modified_gmt":"2025-04-09T13:27:14","slug":"vootpelargoon-night-salmon-h","status":"publish","type":"product","link":"https:\/\/agrozone.ee\/en\/product\/vootpelargoon-night-salmon-h\/","title":{"rendered":"V\u00d6\u00d6TPELARGOON NIGHT SALMON H"},"content":{"rendered":"<p data-sourcepos=\"1:1-1:379\">Kasvatatakse \u00fcheaastaste taimedena, vahel ka mitmeaastastena. \u00d5itseb \u00f5ues terve suve ja siseruumides aastaringselt. \u00d5ied on suured ja efektsed. Neid lilli hinnatakse pika \u00f5itsemisaja ja ebasoodsate kasvutingimuste t\u00e4iusliku taluvuse poolest. Nad on dekoratiivsed isegi tuulistes lillepeenardes ja niiskuse puudumisel. Enne k\u00fclma tooge taimed siseruumidesse, et \u00f5itsemine j\u00e4tkuks.<\/p>\n<p data-sourcepos=\"3:1-3:257\">Pidage meeles, et talvel peavad pelargoonid puhkama: hoidke neid 12 kraadi juures ja kastke harva. Veebruari l\u00f5pus viige taimed tuppa v\u00f5i aknalauale, l\u00f5igake vanad paksud oksad \u00e4ra, et noored v\u00f5rsed saaksid j\u00f5udu. Poole teise kuu p\u00e4rast \u00f5itsevad nad uuesti.<\/p>\n<p data-sourcepos=\"5:1-5:60\">7 seemet on piisav 1 m\u00b2 lillepeenra v\u00f5i 4 poti istutamiseks.<\/p>\n<ul>\n<li data-sourcepos=\"7:1-14:35\">Seemnete arv pakendis, tk: 7<\/li>\n<li data-sourcepos=\"7:1-14:35\">K\u00fclviaeg kasvuhoones: II-III<\/li>\n<li data-sourcepos=\"7:1-14:35\">Vahemaad, cm: 30&#215;30<\/li>\n<li data-sourcepos=\"7:1-14:35\">\u00d5itsemisperiood: VII-XII<\/li>\n<li data-sourcepos=\"7:1-14:35\">Kasvukoht: P\u00f5ld, terrassil, r\u00f5dul<\/li>\n<li data-sourcepos=\"7:1-14:35\">Kaubam\u00e4rk: Lucia Elite<\/li>\n<li data-sourcepos=\"7:1-14:35\">Sobib kasvatamiseks: Lillepeenardes<\/li>\n<\/ul>\n","protected":false},"excerpt":{"rendered":"<p>Pelargonium<\/p>\n","protected":false},"featured_media":42657,"template":"","meta":{"_acf_changed":false,"_seopress_robots_primary_cat":"none","_seopress_titles_title":"","_seopress_titles_desc":"","_seopress_robots_index":"","_gspb_post_css":""},"product_brand":[2566],"product_cat":[15,100,1212,1003,87],"product_tag":[],"class_list":{"0":"post-42654","1":"product","2":"type-product","3":"status-publish","4":"has-post-thumbnail","6":"product_brand-lucia-elite","7":"product_cat-koik-kategooriad","8":"product_cat-lilleseemned","9":"product_cat-mitmesugused","10":"product_cat-ristikud","11":"product_cat-seemned","13":"first","14":"instock","15":"taxable","16":"shipping-taxable","17":"purchasable","18":"product-type-simple"},"ct_brands":[{"id":2566,"name":"Lucia Elite","slug":"lucia-elite"}],"acf":[],"_links":{"self":[{"href":"https:\/\/agrozone.ee\/en\/wp-json\/wp\/v2\/product\/42654","targetHints":{"allow":["GET"]}}],"collection":[{"href":"https:\/\/agrozone.ee\/en\/wp-json\/wp\/v2\/product"}],"about":[{"href":"https:\/\/agrozone.ee\/en\/wp-json\/wp\/v2\/types\/product"}],"wp:featuredmedia":[{"embeddable":true,"href":"https:\/\/agrozone.ee\/en\/wp-json\/wp\/v2\/media\/42657"}],"wp:attachment":[{"href":"https:\/\/agrozone.ee\/en\/wp-json\/wp\/v2\/media?parent=42654"}],"wp:term":[{"taxonomy":"product_brand","embeddable":true,"href":"https:\/\/agrozone.ee\/en\/wp-json\/wp\/v2\/product_brand?post=42654"},{"taxonomy":"product_cat","embeddable":true,"href":"https:\/\/agrozone.ee\/en\/wp-json\/wp\/v2\/product_cat?post=42654"},{"taxonomy":"product_tag","embeddable":true,"href":"https:\/\/agrozone.ee\/en\/wp-json\/wp\/v2\/product_tag?post=42654"}],"curies":[{"name":"wp","href":"https:\/\/api.w.org\/{rel}","templated":true}]}}