{"id":42679,"date":"2025-01-21T22:13:38","date_gmt":"2025-01-21T20:13:38","guid":{"rendered":"https:\/\/agrozone.ee\/?post_type=product&#038;p=42679"},"modified":"2026-01-02T22:52:42","modified_gmt":"2026-01-02T20:52:42","slug":"tsillipipar-vulcain","status":"publish","type":"product","link":"https:\/\/agrozone.ee\/en\/product\/tsillipipar-vulcain\/","title":{"rendered":"T\u0160ILLIPIPAR &#8216;VULCAIN&#8217;"},"content":{"rendered":"<ul>\n<li data-sourcepos=\"1:1-1:749\">See sort on t\u00e4helepanuv\u00e4\u00e4rne oma dekoratiivsuse ja v\u00e4ikeste kollaste viljade poolest, mis tekitavad p\u00f5letustunnet.<\/li>\n<li data-sourcepos=\"1:1-1:749\">Taim kannab vilja aastaringselt.<\/li>\n<li data-sourcepos=\"1:1-1:749\">Viljad on v\u00e4ikesed, kaaluga umbes 5 g.<\/li>\n<li data-sourcepos=\"1:1-1:749\">See sort annab t\u00f5en\u00e4oliselt k\u00f5ige teravamad t\u0161illipiprad (700 000\u2013900 000 SHU Scoville&#8217;i skaalal).<\/li>\n<li data-sourcepos=\"1:1-1:749\">Kuna taim on pikk, kasvatatakse seda tavaliselt pottides, mida saab kuumadel suvekuudel \u00f5ue v\u00f5i klaasitud r\u00f5dule asetada ja k\u00fclmematel kuudel tuppa tuua.<\/li>\n<li data-sourcepos=\"1:1-1:749\">Seemned tuleks istutada substraadiga t\u00e4idetud turbapottidesse, asetades 1\u20132 seemet 0,5\u20131,5 cm s\u00fcgavusele.<\/li>\n<li data-sourcepos=\"1:1-1:749\">Idanemiseks on ideaalne temperatuur +22\u201325 \u00b0C.<\/li>\n<li data-sourcepos=\"1:1-1:749\">Seemnete idanemise ajal on aga oluline v\u00e4ltida temperatuuri ja niiskuse k\u00f5ikumist.<\/li>\n<li data-sourcepos=\"1:1-1:749\">S\u00f5ltuvalt kasvutingimustest peaksid seemikud kasvama 60\u201380 p\u00e4eva jooksul.<\/li>\n<\/ul>\n<p data-sourcepos=\"3:1-3:55\">Istutades \u00fckshaaval, piisab 12 seemnest 5\u20137 poti jaoks.<\/p>\n<ul>\n<li data-sourcepos=\"5:1-10:20\">Seemnete arv pakendis, tk: 12<\/li>\n<li data-sourcepos=\"5:1-10:20\">K\u00fclviaeg kasvuhoones: III<\/li>\n<li data-sourcepos=\"5:1-10:20\">Vahemaad, cm: 50&#215;50<\/li>\n<li data-sourcepos=\"5:1-10:20\">Saagikoristus: VII-IX<\/li>\n<li data-sourcepos=\"5:1-10:20\">Kasvukoht: terrassil<\/li>\n<\/ul>\n","protected":false},"excerpt":{"rendered":"<p>See sort on t\u00e4helepanuv\u00e4\u00e4rne oma dekoratiivsuse ja v\u00e4ikeste kollaste viljade poolest, mis tekitavad p\u00f5letustunnet. Taim kannab vilja aastaringselt. Viljad on v\u00e4ikesed, kaaluga umbes 5 g. See sort annab t\u00f5en\u00e4oliselt k\u00f5ige teravamad t\u0161illipiprad (700 000\u2013900 000 SHU Scoville&#8217;i skaalal). Kuna taim on pikk, kasvatatakse seda tavaliselt pottides, mida saab kuumadel suvekuudel \u00f5ue v\u00f5i klaasitud r\u00f5dule asetada [&hellip;]<\/p>\n","protected":false},"featured_media":42682,"template":"","meta":{"_acf_changed":false,"_seopress_robots_primary_cat":"none","_seopress_titles_title":"","_seopress_titles_desc":"","_seopress_robots_index":"","_gspb_post_css":""},"product_brand":[2566],"product_cat":[15,88,369,87],"product_tag":[],"class_list":{"0":"post-42679","1":"product","2":"type-product","3":"status-publish","4":"has-post-thumbnail","6":"product_brand-lucia-elite","7":"product_cat-koik-kategooriad","8":"product_cat-koogiviljaseemned","9":"product_cat-paprika-tsillipaprika","10":"product_cat-seemned","12":"first","13":"instock","14":"taxable","15":"shipping-taxable","16":"purchasable","17":"product-type-simple"},"ct_brands":[{"id":2566,"name":"Lucia Elite","slug":"lucia-elite"}],"acf":[],"_links":{"self":[{"href":"https:\/\/agrozone.ee\/en\/wp-json\/wp\/v2\/product\/42679","targetHints":{"allow":["GET"]}}],"collection":[{"href":"https:\/\/agrozone.ee\/en\/wp-json\/wp\/v2\/product"}],"about":[{"href":"https:\/\/agrozone.ee\/en\/wp-json\/wp\/v2\/types\/product"}],"wp:featuredmedia":[{"embeddable":true,"href":"https:\/\/agrozone.ee\/en\/wp-json\/wp\/v2\/media\/42682"}],"wp:attachment":[{"href":"https:\/\/agrozone.ee\/en\/wp-json\/wp\/v2\/media?parent=42679"}],"wp:term":[{"taxonomy":"product_brand","embeddable":true,"href":"https:\/\/agrozone.ee\/en\/wp-json\/wp\/v2\/product_brand?post=42679"},{"taxonomy":"product_cat","embeddable":true,"href":"https:\/\/agrozone.ee\/en\/wp-json\/wp\/v2\/product_cat?post=42679"},{"taxonomy":"product_tag","embeddable":true,"href":"https:\/\/agrozone.ee\/en\/wp-json\/wp\/v2\/product_tag?post=42679"}],"curies":[{"name":"wp","href":"https:\/\/api.w.org\/{rel}","templated":true}]}}