{"id":42685,"date":"2025-01-21T22:17:25","date_gmt":"2025-01-21T20:17:25","guid":{"rendered":"https:\/\/agrozone.ee\/?post_type=product&#038;p=42685"},"modified":"2025-10-12T07:47:25","modified_gmt":"2025-10-12T05:47:25","slug":"begoonia-flowerball-h-pink","status":"publish","type":"product","link":"https:\/\/agrozone.ee\/en\/product\/begoonia-flowerball-h-pink\/","title":{"rendered":"Begoonia &#8216;Flowerball H Pink&#8217;"},"content":{"rendered":"<ul>\n<li data-sourcepos=\"1:1-1:164\">\u00dcheaastased lilled, mida armastatakse pika ja rikkaliku \u00f5itsemise p\u00e4rast.<\/li>\n<li data-sourcepos=\"1:1-1:164\">\u00d5ied on t\u00e4idis\u00f5ielised, erksad, l\u00e4bim\u00f5\u00f5duga 4 cm.<\/li>\n<li data-sourcepos=\"1:1-1:164\">Taimed on kompaktsed, 20\u201325 cm k\u00f5rgused.<\/li>\n<li data-sourcepos=\"3:1-3:329\">Sobib lillepeenardesse, \u00e4\u00e4riste kaunistamiseks, aknalaudadele ja \u00f5uepottidesse.<\/li>\n<li data-sourcepos=\"3:1-3:329\">Et neid kauneid lilli kogu suve nautida, tuleb neid regulaarselt kasta ja v\u00e4etada.<\/li>\n<li data-sourcepos=\"3:1-3:329\">Istuta \u00f5ue p\u00e4rast viimast k\u00fclma.<\/li>\n<li data-sourcepos=\"3:1-3:329\">\u00d5itsemise soodustamiseks on soovitatav n\u00e4rtsinud \u00f5ied \u00e4ra l\u00f5igata.<\/li>\n<li data-sourcepos=\"3:1-3:329\">Kasvab h\u00e4sti kuivas pinnases ja eelistab p\u00e4ikesepaistelisi alasid.<\/li>\n<\/ul>\n<p data-sourcepos=\"5:1-5:177\">Pelletiseeritud seemned, kaetud ja kergesti k\u00fclvatavad. Seemned idanevad 18\u201322 p\u00e4eva jooksul temperatuuril +22\u201324 \u00b0C. On v\u00e4ga oluline, et seemned oleksid idanemise ajal niisked.<\/p>\n<p data-sourcepos=\"7:1-7:59\">30 seemet on piisav 3-4 ruutmeetri suurusele lillepeenrale.<\/p>\n<ul>\n<li data-sourcepos=\"9:1-16:35\">Seemnete arv pakendis, tk: 30<\/li>\n<li data-sourcepos=\"9:1-16:35\">K\u00fclviaeg kasvuhoones: XII-III<\/li>\n<li data-sourcepos=\"9:1-16:35\">Vahemaad, cm: 15&#215;20<\/li>\n<li data-sourcepos=\"9:1-16:35\">\u00d5itsemisperiood: VI-IX<\/li>\n<li data-sourcepos=\"9:1-16:35\">Kasvukoht: r\u00f5dul, p\u00f5llul, terrassil<\/li>\n<\/ul>\n","protected":false},"excerpt":{"rendered":"<p>Begonia semperflorens hort.<\/p>\n","protected":false},"featured_media":42688,"template":"","meta":{"_acf_changed":false,"_seopress_robots_primary_cat":"none","_seopress_titles_title":"","_seopress_titles_desc":"","_seopress_robots_index":"","_gspb_post_css":""},"product_brand":[2566],"product_cat":[15,100,1212,87],"product_tag":[],"class_list":{"0":"post-42685","1":"product","2":"type-product","3":"status-publish","4":"has-post-thumbnail","6":"product_brand-lucia-elite","7":"product_cat-koik-kategooriad","8":"product_cat-lilleseemned","9":"product_cat-mitmesugused","10":"product_cat-seemned","12":"first","13":"instock","14":"taxable","15":"shipping-taxable","16":"purchasable","17":"product-type-simple"},"ct_brands":[{"id":2566,"name":"Lucia Elite","slug":"lucia-elite"}],"acf":[],"_links":{"self":[{"href":"https:\/\/agrozone.ee\/en\/wp-json\/wp\/v2\/product\/42685","targetHints":{"allow":["GET"]}}],"collection":[{"href":"https:\/\/agrozone.ee\/en\/wp-json\/wp\/v2\/product"}],"about":[{"href":"https:\/\/agrozone.ee\/en\/wp-json\/wp\/v2\/types\/product"}],"wp:featuredmedia":[{"embeddable":true,"href":"https:\/\/agrozone.ee\/en\/wp-json\/wp\/v2\/media\/42688"}],"wp:attachment":[{"href":"https:\/\/agrozone.ee\/en\/wp-json\/wp\/v2\/media?parent=42685"}],"wp:term":[{"taxonomy":"product_brand","embeddable":true,"href":"https:\/\/agrozone.ee\/en\/wp-json\/wp\/v2\/product_brand?post=42685"},{"taxonomy":"product_cat","embeddable":true,"href":"https:\/\/agrozone.ee\/en\/wp-json\/wp\/v2\/product_cat?post=42685"},{"taxonomy":"product_tag","embeddable":true,"href":"https:\/\/agrozone.ee\/en\/wp-json\/wp\/v2\/product_tag?post=42685"}],"curies":[{"name":"wp","href":"https:\/\/api.w.org\/{rel}","templated":true}]}}