{"id":4269,"date":"2024-06-09T15:59:41","date_gmt":"2024-06-09T12:59:41","guid":{"rendered":"https:\/\/agrozone.ee\/?post_type=product&#038;p=4269"},"modified":"2025-08-01T13:34:42","modified_gmt":"2025-08-01T11:34:42","slug":"neemazal-t-s-5ml","status":"publish","type":"product","link":"https:\/\/agrozone.ee\/en\/product\/neemazal-t-s-5ml\/","title":{"rendered":"NeemAzal T\/S 5ml (putukate t\u00f5rjeks)"},"content":{"rendered":"<p><strong>NeemAzal T\/S 5ml<\/strong><\/p>\n<ul>\n<li>Looduslik taimne ekstrakt kahjurite t\u00f5rjeks.<\/li>\n<li>Troopilise neemipuu seemnete tuumadest saadud taimset ekstrakti NeemAzal-T\/S sobib kasutada kahjurite t\u00f5rjeks ka mahep\u00f5llumajanduses.<\/li>\n<li>NeemAzal on troopilise neemipuu seemnete tuumadest saadud taimne ekstrakt lehet\u00e4ide, ripslaste, kaevandik\u00e4rbeste, karilaste, kedriklesta, \u00f5unapuu-v\u00f5rgendikoi, maip\u00f5rnika, kartulimardika, k\u00fclmaliblika, viljakoi jt imevate ja n\u00e4rivate kahjurite t\u00f5rjeks.<\/li>\n<\/ul>\n<h3>Toime<\/h3>\n<ul>\n<li>NeemAzal-T\/S sisaldab asadirahtiin A (troopilise neemipuu\u00a0<em>Azadirachta indica A. Juss<\/em>) seemnetuumadest saadud toimeainet.<\/li>\n<li>Toimeaine imendub lehtedesse ning satub kahjuritesse, kui need imevad v\u00f5i n\u00e4rivad taime lehti.<\/li>\n<li>Kahjurite vastsetel p\u00e4rssub toitumine ja kestumine ning nad surevad, t\u00e4iskasvanutel p\u00e4rssub toitumine, sigivus ja v\u00e4iksemal m\u00e4\u00e4ral esineb surevust.<\/li>\n<li>Kui kahjureid on v\u00e4he ja nad on samas arenguj\u00e4rgus, siis piisab tavaliselt \u00fchest t\u00f6\u00f6tlemisest kahjurite p\u00f5lvkonna v\u00f5i hooaja kohta.<\/li>\n<li>P\u00fcsiva kahjustuse korral (mitu p\u00f5lvkonda) on vajalik korduv t\u00f6\u00f6tlemine.<\/li>\n<li>NeemAzal ei ole kahjulik enamikele kasulikele putukatele.<\/li>\n<\/ul>\n<p><a href=\"https:\/\/agrozone.ee\/wp-content\/uploads\/2024\/10\/infoleht_neemazal_d70f7667.pdf\" target=\"_blank\" rel=\"noopener\">INFOLEHT<\/a><\/p>\n<p><a href=\"https:\/\/agrozone.ee\/wp-content\/uploads\/2024\/10\/neemazal_ts_ohutuskaart_100ml_eesti_keeles_13veebruar2017_d5a94774.pdf\">OHUTUSKAART<\/a><\/p>\n<h3>Kasutusjuhend<\/h3>\n<p><strong>Kahjurite t\u00f5rjeks taimedel:<\/strong> dekoratiivtaimed, dekoratiivpuud, hernes, juurviljad, kapsas, kartul, kurk, lillkapsas, uba, viljapuud; kasvuhoones: maguspipar, tomat, kurk, toataimed.<\/p>\n<p><strong>T\u00f5rjutavad kahjurid:<\/strong> lehet\u00e4id, ripslased, kaevandik\u00e4rbes, karilased, kedriklest, \u00f5unapuu-v\u00f5rgendikoi, maip\u00f5rnikas, kartulimardikas, k\u00fclmaliblikas, viljakoi jt imevad ja n\u00e4rivate kahjurid. Sobib ka toalillede kahjurite t\u00f5rjeks.<\/p>\n","protected":false},"excerpt":{"rendered":"<ul>\n<li>Looduslik taimne ekstrakt kahjurite t\u00f5rjeks.<\/li>\n<li>Troopilise neemipuu seemnete tuumadest saadud taimset ekstrakti NeemAzal-T\/S sobib kasutada kahjurite t\u00f5rjeks ka mahep\u00f5llumajanduses.<\/li>\n<li>NeemAzal on troopilise neemipuu seemnete tuumadest saadud taimne ekstrakt lehet\u00e4ide, ripslaste, kaevandik\u00e4rbeste, karilaste, kedriklesta, \u00f5unapuu-v\u00f5rgendikoi, maip\u00f5rnika, kartulimardika, k\u00fclmaliblika, viljakoi jt imevate ja n\u00e4rivate kahjurite t\u00f5rjeks.<\/li>\n<\/ul>\n","protected":false},"featured_media":52539,"template":"","meta":{"_acf_changed":false,"_seopress_robots_primary_cat":"none","_seopress_titles_title":"","_seopress_titles_desc":"NeemAzal T\/S 5ml - Looduslik taimne ekstrakt kahjurite t\u00f5rjeks. Troopilise neemipuu seemnete tuumadest saadud taimset ekstrakt.","_seopress_robots_index":"","_gspb_post_css":""},"product_brand":[],"product_cat":[109,15,121,112],"product_tag":[],"class_list":{"0":"post-4269","1":"product","2":"type-product","3":"status-publish","4":"has-post-thumbnail","6":"product_cat-aia-ja-taimede-kaitse","7":"product_cat-koik-kategooriad","8":"product_cat-maheaed","9":"product_cat-taimekahjurite-torje","11":"first","12":"instock","13":"taxable","14":"shipping-taxable","15":"purchasable","16":"product-type-simple"},"ct_brands":[],"acf":[],"_links":{"self":[{"href":"https:\/\/agrozone.ee\/en\/wp-json\/wp\/v2\/product\/4269","targetHints":{"allow":["GET"]}}],"collection":[{"href":"https:\/\/agrozone.ee\/en\/wp-json\/wp\/v2\/product"}],"about":[{"href":"https:\/\/agrozone.ee\/en\/wp-json\/wp\/v2\/types\/product"}],"wp:featuredmedia":[{"embeddable":true,"href":"https:\/\/agrozone.ee\/en\/wp-json\/wp\/v2\/media\/52539"}],"wp:attachment":[{"href":"https:\/\/agrozone.ee\/en\/wp-json\/wp\/v2\/media?parent=4269"}],"wp:term":[{"taxonomy":"product_brand","embeddable":true,"href":"https:\/\/agrozone.ee\/en\/wp-json\/wp\/v2\/product_brand?post=4269"},{"taxonomy":"product_cat","embeddable":true,"href":"https:\/\/agrozone.ee\/en\/wp-json\/wp\/v2\/product_cat?post=4269"},{"taxonomy":"product_tag","embeddable":true,"href":"https:\/\/agrozone.ee\/en\/wp-json\/wp\/v2\/product_tag?post=4269"}],"curies":[{"name":"wp","href":"https:\/\/api.w.org\/{rel}","templated":true}]}}