{"id":4271,"date":"2024-06-09T15:59:41","date_gmt":"2024-06-09T12:59:41","guid":{"rendered":"https:\/\/agrozone.ee\/?post_type=product&#038;p=4271"},"modified":"2025-08-01T08:11:52","modified_gmt":"2025-08-01T06:11:52","slug":"roheline-seep-kontsentraat-mayeri-500ml","status":"publish","type":"product","link":"https:\/\/agrozone.ee\/en\/product\/roheline-seep-kontsentraat-mayeri-500ml\/","title":{"rendered":"Roheline seep kontsentraat Mayeri 500ml"},"content":{"rendered":"<p>Vedela rohelise seebi kontsentraat.<\/p>\n<p>&nbsp;<\/p>\n<h3>Kasutusjuhend<\/h3>\n<p>Rohelist seepi kasutatakse taimehooldusvahendina ning taimekaitsevahendite lahuste kleepuvuse suurendamiseks. Taimi v\u00f5ib s\u00fc\u00fca 7 p\u00e4eva p\u00e4rast pritsimist. Sobib h\u00e4sti puhastusvahendiks.<\/p>\n","protected":false},"excerpt":{"rendered":"<p>Vedela rohelise seebi kontsentraat.<\/p>\n","protected":false},"featured_media":4320,"template":"","meta":{"_acf_changed":false,"_seopress_robots_primary_cat":"","_seopress_titles_title":"","_seopress_titles_desc":"","_seopress_robots_index":"","_gspb_post_css":""},"product_brand":[],"product_cat":[109,15,121,112,110],"product_tag":[],"class_list":{"0":"post-4271","1":"product","2":"type-product","3":"status-publish","4":"has-post-thumbnail","6":"product_cat-aia-ja-taimede-kaitse","7":"product_cat-koik-kategooriad","8":"product_cat-maheaed","9":"product_cat-taimekahjurite-torje","10":"product_cat-taimekaitsevahendid","12":"first","13":"instock","14":"taxable","15":"shipping-taxable","16":"purchasable","17":"product-type-simple"},"ct_brands":[],"acf":[],"_links":{"self":[{"href":"https:\/\/agrozone.ee\/en\/wp-json\/wp\/v2\/product\/4271","targetHints":{"allow":["GET"]}}],"collection":[{"href":"https:\/\/agrozone.ee\/en\/wp-json\/wp\/v2\/product"}],"about":[{"href":"https:\/\/agrozone.ee\/en\/wp-json\/wp\/v2\/types\/product"}],"wp:featuredmedia":[{"embeddable":true,"href":"https:\/\/agrozone.ee\/en\/wp-json\/wp\/v2\/media\/4320"}],"wp:attachment":[{"href":"https:\/\/agrozone.ee\/en\/wp-json\/wp\/v2\/media?parent=4271"}],"wp:term":[{"taxonomy":"product_brand","embeddable":true,"href":"https:\/\/agrozone.ee\/en\/wp-json\/wp\/v2\/product_brand?post=4271"},{"taxonomy":"product_cat","embeddable":true,"href":"https:\/\/agrozone.ee\/en\/wp-json\/wp\/v2\/product_cat?post=4271"},{"taxonomy":"product_tag","embeddable":true,"href":"https:\/\/agrozone.ee\/en\/wp-json\/wp\/v2\/product_tag?post=4271"}],"curies":[{"name":"wp","href":"https:\/\/api.w.org\/{rel}","templated":true}]}}