{"id":4272,"date":"2024-06-09T15:59:41","date_gmt":"2024-06-09T12:59:41","guid":{"rendered":"https:\/\/agrozone.ee\/?post_type=product&#038;p=4272"},"modified":"2025-08-01T08:12:07","modified_gmt":"2025-08-01T06:12:07","slug":"roheline-seep-pihustiga-pudelis-500ml-mayeri","status":"publish","type":"product","link":"https:\/\/agrozone.ee\/en\/product\/roheline-seep-pihustiga-pudelis-500ml-mayeri\/","title":{"rendered":"Roheline seep pihustiga pudelis 500ml Mayeri"},"content":{"rendered":"<ul>\n<li>Vedel roheline seep pihustiga pudelis, 500 ml.<\/li>\n<li>Kasutatakse aianduses kahjurite ja hallitusseente t\u00f5rjeks.<\/li>\n<li>Rohelist seepi kasutatakse taimehooldusvahendina ning taimekaitsevahendite lahuste kleepuvuse suurendamiseks.<\/li>\n<li>Sobib h\u00e4sti puhastusvahendiks.<\/li>\n<li>Sobib veekindlate pindade puhastamiseks.<\/li>\n<li>Samuti tekstiilide pesemiseks.<\/li>\n<\/ul>\n<h3>Kasutusjuhend<\/h3>\n<p>&nbsp;<\/p>\n<p><strong><span lang=\"EN-US\">Puhastusvahendina:<\/span><\/strong><span lang=\"EN-US\">\u00a0<\/span><\/p>\n<ul>\n<li><span lang=\"EN-US\">Sobib k\u00f5igi vett-taluvate pindade puhastamiseks ning tekstiiliesemete pesuks. <\/span><\/li>\n<li><span lang=\"EN-US\">Pihustage vahend pinnale v\u00f5i tekstiile ning seej\u00e4rel puhastage niiske lapiga v\u00f5i loputadage puhta veega.<b><br \/>\n<\/b><\/span><\/li>\n<\/ul>\n<p><span lang=\"EN-US\"><strong>Aianduses:<\/strong>\u00a0<\/span><\/p>\n<ul>\n<li><span lang=\"EN-US\">Kasutatakse taimehooldusvahendina ning samuti muude lahuste kleepuvuse suurendamiseks. <\/span><\/li>\n<li><span lang=\"EN-US\">Pritsida taimi lahusega. <\/span><\/li>\n<li><span lang=\"EN-US\">Taimi v\u00f5ib s\u00fc\u00fca 7 p\u00e4eva p\u00e4rast pritsimist.<\/span><\/li>\n<\/ul>\n<p><strong><span lang=\"EN-US\">Koostis:<\/span><\/strong>\u00a0<span lang=\"EN-US\">&lt;5% taimsete rasvade kaaliumi seep.<\/span><\/p>\n","protected":false},"excerpt":{"rendered":"<ul>\n<li>Vedel roheline seep pihustiga pudelis, 500 ml.<\/li>\n<li>Kasutatakse aianduses kahjurite ja hallitusseente t\u00f5rjeks.<\/li>\n<li>Rohelist seepi kasutatakse taimehooldusvahendina ning taimekaitsevahendite lahuste kleepuvuse suurendamiseks.<\/li>\n<li>Sobib h\u00e4sti puhastusvahendiks.<\/li>\n<\/ul>\n","protected":false},"featured_media":4321,"template":"","meta":{"_acf_changed":false,"_seopress_robots_primary_cat":"none","_seopress_titles_title":"","_seopress_titles_desc":"Roheline seep - taimehooldusvahend ning taimekaitsevahendite lahuste kleepuvuse suurendamiseks ja aianduses kahjurite ja hallitusseente t\u00f5rjeks.","_seopress_robots_index":"","_gspb_post_css":""},"product_brand":[],"product_cat":[109,15,112,110],"product_tag":[],"class_list":{"0":"post-4272","1":"product","2":"type-product","3":"status-publish","4":"has-post-thumbnail","6":"product_cat-aia-ja-taimede-kaitse","7":"product_cat-koik-kategooriad","8":"product_cat-taimekahjurite-torje","9":"product_cat-taimekaitsevahendid","11":"first","12":"instock","13":"taxable","14":"shipping-taxable","15":"purchasable","16":"product-type-simple"},"ct_brands":[],"acf":[],"_links":{"self":[{"href":"https:\/\/agrozone.ee\/en\/wp-json\/wp\/v2\/product\/4272","targetHints":{"allow":["GET"]}}],"collection":[{"href":"https:\/\/agrozone.ee\/en\/wp-json\/wp\/v2\/product"}],"about":[{"href":"https:\/\/agrozone.ee\/en\/wp-json\/wp\/v2\/types\/product"}],"wp:featuredmedia":[{"embeddable":true,"href":"https:\/\/agrozone.ee\/en\/wp-json\/wp\/v2\/media\/4321"}],"wp:attachment":[{"href":"https:\/\/agrozone.ee\/en\/wp-json\/wp\/v2\/media?parent=4272"}],"wp:term":[{"taxonomy":"product_brand","embeddable":true,"href":"https:\/\/agrozone.ee\/en\/wp-json\/wp\/v2\/product_brand?post=4272"},{"taxonomy":"product_cat","embeddable":true,"href":"https:\/\/agrozone.ee\/en\/wp-json\/wp\/v2\/product_cat?post=4272"},{"taxonomy":"product_tag","embeddable":true,"href":"https:\/\/agrozone.ee\/en\/wp-json\/wp\/v2\/product_tag?post=4272"}],"curies":[{"name":"wp","href":"https:\/\/api.w.org\/{rel}","templated":true}]}}