{"id":4275,"date":"2024-06-09T15:59:41","date_gmt":"2024-06-09T12:59:41","guid":{"rendered":"https:\/\/agrozone.ee\/?post_type=product&#038;p=4275"},"modified":"2025-08-05T11:18:11","modified_gmt":"2025-08-05T09:18:11","slug":"sipelga-geelsoot-5g","status":"publish","type":"product","link":"https:\/\/agrozone.ee\/en\/product\/sipelga-geelsoot-5g\/","title":{"rendered":"Sipelga geels\u00f6\u00f6t 5g"},"content":{"rendered":"<ul>\n<li class=\"plained\">Sipelga geels\u00f6\u00f6t on kasutusvalmis insektitsiidne geels\u00f6\u00f6t, mis sisaldab imidaklopriidi, mis h\u00e4vitab enamlevinud harilikud (Lasius niger) ja troopilised sipelgad (Linepithema humile, Monomorium pharaonis) ning nende pesad.<\/li>\n<li class=\"plained\">Sipelga geels\u00f6\u00f6t on sipelgatele v\u00e4ga maitsev s\u00f6\u00f6t, mis sisaldab rikkalikult toitvaid ja suhkrurikkaid lisaaineid; geels\u00f6\u00f6da vedel olek ja energiasisaldus tagavad kiire ja k\u00fcllaldase s\u00f6\u00f6mise.<\/li>\n<li class=\"plained\">P\u00e4rast s\u00f6\u00f6da s\u00f6\u00f6mist naasevad sipelgad pessa ja annavad seda edasi teistele koloonias viibivatele sipelgatele, sealhulgas kuningannale.<\/li>\n<li class=\"plained\">S\u00f6\u00f6da edasiandmine \u00fchelt sipelgalt teisele v\u00f5imaldab Domino-efekti, mille t\u00f5ttu kogu pesa h\u00e4vineb kahe n\u00e4dala jooksul p\u00e4rast toote pealekandmist.<\/li>\n<li class=\"plained\">Sipelga geels\u00f6\u00f6t on v\u00e4rvitu, l\u00f5hnatu, ei m\u00e4\u00e4ri ja v\u00f5imaldab insektitsiidi diskreetset kasutamist.<\/li>\n<\/ul>\n<p class=\"plained\"><strong>Kasutuskoht:<\/strong><\/p>\n<p class=\"plained\"><strong>Siseruumides:<\/strong> pragudes ja l\u00f5hedes, m\u00f6\u00f6da seinu.<br \/>\n<strong>V\u00e4liskeskkonnas:<\/strong> pragudes ja l\u00f5hedes, hoonete \u00fcmber v\u00f5i pesa sissep\u00e4\u00e4sudes. kanda biotsiidi ainult pragudesse ja l\u00f5hedesse v\u00f5i otse sipelgapesale.<\/p>\n<ul>\n<li class=\"plained\">Kaitsta mesilaste ja ilmastiku eest, kattes n\u00e4iteks lillepoti v\u00f5i plaadiga (mis tagab siiski, et sipelgad m\u00fcrks\u00f6\u00f6dale ligi p\u00e4\u00e4sevad).<\/li>\n<li class=\"plained\">Sipelga geels\u00f6\u00f6t p\u00fcsib maitsvana pikka aega, tagades toote t\u00f5hususe kuni 3 kuuks p\u00e4rast selle pealekandmist.<\/li>\n<li class=\"plained\">Sipelga geels\u00f6\u00f6t sisaldab m\u00f5ruainet (denatooniumbensoaati) mis v\u00e4hendab juhuslikku tarbimise riski inimeste poolt.<\/li>\n<\/ul>\n<h3>Kasutusjuhend<\/h3>\n<p><strong>Sihtorganismid:<\/strong> Must sipelgas (Lasius niger), Argentiina sipelgas (Linepithema humile), Vaaraosipelgas (Monomorium pharaonis), k\u00f5igis arenguj\u00e4rkudes.<\/p>\n<p><strong>Kasutusmeetod:<\/strong> Kanda toodet tilkadena sipelgate radadele v\u00f5i pragudesse ja l\u00f5hedesse v\u00f5i horisontaalsetele mitteimavatele pindadele pesa sissep\u00e4\u00e4sudes.<\/p>\n<p><strong>S\u00fcstla kasutusjuhend:<\/strong> eemaldage Sipelga geels\u00f6\u00f6t otsast kork ja pange selle ots t\u00f6\u00f6deldavale pinnale, vajutage aeglaselt kolvile ja tilgutage toodet vastavalt n\u00e4idatud annusele. Sulgege pritsi kork p\u00e4rast pealekandmist.<\/p>\n<p><strong>Kasutusm\u00e4\u00e4r ja sagedus:<\/strong> 2 tilka 0,05 g (l\u00e4bim\u00f5\u00f5duga 5 mm) iga meetri v\u00f5i pesa sissep\u00e4\u00e4su kohta. Maksimaalselt 30 tilka 0,05 g pesa kohta (maksimaalselt 1,5 g toodet).<\/p>\n<ul>\n<li>Kontrollida regulaarselt toote tarbimist ja asendada, kui see on otsas.<\/li>\n<li>Toode saavutab t\u00e4ieliku t\u00f5hususe kaks n\u00e4dalat p\u00e4rast pealekandmist ja j\u00e4\u00e4b t\u00f5husaks kuni 3 kuud p\u00e4rast pealekandmist.<\/li>\n<li>Kanda uuesti peale iga 3 kuu j\u00e4rel v\u00f5i varem, kui m\u00fcrks\u00f6\u00f6t on muutunud v\u00f5i t\u00e4ielikult \u00e4ra kulunud.<\/li>\n<li>Mitte kanda toodet absorbeerivatele pindadele.<\/li>\n<li>J\u00e4lgida, et m\u00fcrks\u00f6\u00f6datilgad ei j\u00e4\u00e4ks p\u00e4ikesevalguse v\u00f5i kuumuse k\u00e4tte (nt radiaator).<\/li>\n<\/ul>\n<p>Enne kasutamist alati lugeda m\u00e4rgistust v\u00f5i infolehte ja j\u00e4rgida k\u00f5iki toodud juhiseid. <strong>V\u00e4ltida toote pidevat kasutamist.<\/strong><\/p>\n<p>Enne t\u00f6\u00f6tlemist eemaldada sipelgate k\u00f5ik toiduallikad (j\u00e4\u00e4tmed, toiduj\u00e4\u00e4nused,&#8230; ) kahjurite levialalt, et soodustada geeli s\u00f6\u00f6mist.<\/p>\n<p><strong>M\u00fcrks\u00f6\u00f6da kontrollimise sagedus:<\/strong> kord n\u00e4dalas. Eemaldada j\u00e4relej\u00e4\u00e4nud m\u00fcrks\u00f6\u00f6t v\u00f5i m\u00fcrks\u00f6\u00f6dakarbid mahutid kasutamisperioodi l\u00f5pus, et need k\u00f5rvaldada.<\/p>\n","protected":false},"excerpt":{"rendered":"<p>Sipelga geels\u00f6\u00f6t on kasutusvalmis insektitsiidne geels\u00f6\u00f6t, mis sisaldab imidaklopriidi, mis h\u00e4vitab enamlevinud harilikud (Lasius niger) ja troopilised sipelgad (Linepithema humile, Monomorium pharaonis) ning nende pesad.<br \/>\nSipelga geels\u00f6\u00f6t on sipelgatele v\u00e4ga maitsev s\u00f6\u00f6t, mis sisaldab rikkalikult toitvaid ja suhkrurikkaid lisaaineid; geels\u00f6\u00f6da vedel olek ja energiasisaldus tagavad kiire ja k\u00fcllaldase s\u00f6\u00f6mise. P\u00e4rast s\u00f6\u00f6da s\u00f6\u00f6mist naasevad sipelgad pessa ja annavad seda edasi teistele koloonias viibivatele sipelgatele, sealhulgas kuningannale. S\u00f6\u00f6da edasiandmine \u00fchelt sipelgalt teisele v\u00f5imaldab Domino-efekti, mille t\u00f5ttu kogu pesa h\u00e4vineb kahe n\u00e4dala jooksul p\u00e4rast toote pealekandmist.<br \/>\nSipelga geels\u00f6\u00f6t on v\u00e4rvitu, l\u00f5hnatu, ei m\u00e4\u00e4ri ja v\u00f5imaldab insektitsiidi diskreetset kasutamist.<\/p>\n","protected":false},"featured_media":50538,"template":"","meta":{"_acf_changed":false,"_seopress_robots_primary_cat":"none","_seopress_titles_title":"","_seopress_titles_desc":"Sipelga geels\u00f6\u00f6t on kasutusvalmis insektitsiidne geels\u00f6\u00f6t, mis sisaldab imidaklopriidi, mis h\u00e4vitab enamlevinud harilikud.","_seopress_robots_index":"","_gspb_post_css":""},"product_brand":[],"product_cat":[109,15,112],"product_tag":[],"class_list":{"0":"post-4275","1":"product","2":"type-product","3":"status-publish","4":"has-post-thumbnail","6":"product_cat-aia-ja-taimede-kaitse","7":"product_cat-koik-kategooriad","8":"product_cat-taimekahjurite-torje","10":"first","11":"instock","12":"featured","13":"taxable","14":"shipping-taxable","15":"purchasable","16":"product-type-simple"},"ct_brands":[],"acf":[],"_links":{"self":[{"href":"https:\/\/agrozone.ee\/en\/wp-json\/wp\/v2\/product\/4275","targetHints":{"allow":["GET"]}}],"collection":[{"href":"https:\/\/agrozone.ee\/en\/wp-json\/wp\/v2\/product"}],"about":[{"href":"https:\/\/agrozone.ee\/en\/wp-json\/wp\/v2\/types\/product"}],"wp:featuredmedia":[{"embeddable":true,"href":"https:\/\/agrozone.ee\/en\/wp-json\/wp\/v2\/media\/50538"}],"wp:attachment":[{"href":"https:\/\/agrozone.ee\/en\/wp-json\/wp\/v2\/media?parent=4275"}],"wp:term":[{"taxonomy":"product_brand","embeddable":true,"href":"https:\/\/agrozone.ee\/en\/wp-json\/wp\/v2\/product_brand?post=4275"},{"taxonomy":"product_cat","embeddable":true,"href":"https:\/\/agrozone.ee\/en\/wp-json\/wp\/v2\/product_cat?post=4275"},{"taxonomy":"product_tag","embeddable":true,"href":"https:\/\/agrozone.ee\/en\/wp-json\/wp\/v2\/product_tag?post=4275"}],"curies":[{"name":"wp","href":"https:\/\/api.w.org\/{rel}","templated":true}]}}