{"id":4301,"date":"2024-06-09T16:00:05","date_gmt":"2024-06-09T13:00:05","guid":{"rendered":"https:\/\/agrozone.ee\/?post_type=product&#038;p=4301"},"modified":"2026-01-16T12:30:49","modified_gmt":"2026-01-16T10:30:49","slug":"vork-janeste-eest-kaitseks-150x250m","status":"publish","type":"product","link":"https:\/\/agrozone.ee\/en\/product\/vork-janeste-eest-kaitseks-150x250m\/","title":{"rendered":"V\u00f5rk j\u00e4neste eest kaitseks 1,50&#215;2,50m"},"content":{"rendered":"<p>Kaitsev\u00f5rk j\u00e4neste eest 1,5 x 2,5 m hoiab eemal j\u00e4nesed, rebased ja suuremad loomad.<\/p>\n<p>&nbsp;<\/p>\n<h3>Kasutusjuhend<\/h3>\n<p>Kaitsev\u00f5rk on punutud tsingitud \u00d8 0,7 mm traadist kuusnurksete \u00d8 25 mm v\u00f5rgusilmadega.<\/p>\n","protected":false},"excerpt":{"rendered":"<p>Kaitsev\u00f5rk j\u00e4neste eest 1,5 x 2,5 m hoiab eemal j\u00e4nesed, rebased ja suuremad loomad. &nbsp; Kasutusjuhend Kaitsev\u00f5rk on punutud tsingitud \u00d8 0,7 mm traadist kuusnurksete \u00d8 25 mm v\u00f5rgusilmadega.<\/p>\n","protected":false},"featured_media":4349,"template":"","meta":{"_acf_changed":false,"_seopress_robots_primary_cat":"none","_seopress_titles_title":"","_seopress_titles_desc":"","_seopress_robots_index":"","_gspb_post_css":""},"product_brand":[],"product_cat":[109,15,227,174,110],"product_tag":[],"class_list":{"0":"post-4301","1":"product","2":"type-product","3":"status-publish","4":"has-post-thumbnail","6":"product_cat-aia-ja-taimede-kaitse","7":"product_cat-koik-kategooriad","8":"product_cat-muti-ja-janese-vork","9":"product_cat-taime-ja-pinnasekatted","10":"product_cat-taimekaitsevahendid","11":"product_shipping_class-ei-mahu-automaati","13":"first","14":"instock","15":"taxable","16":"shipping-taxable","17":"purchasable","18":"product-type-simple"},"ct_brands":[],"acf":[],"_links":{"self":[{"href":"https:\/\/agrozone.ee\/en\/wp-json\/wp\/v2\/product\/4301","targetHints":{"allow":["GET"]}}],"collection":[{"href":"https:\/\/agrozone.ee\/en\/wp-json\/wp\/v2\/product"}],"about":[{"href":"https:\/\/agrozone.ee\/en\/wp-json\/wp\/v2\/types\/product"}],"wp:featuredmedia":[{"embeddable":true,"href":"https:\/\/agrozone.ee\/en\/wp-json\/wp\/v2\/media\/4349"}],"wp:attachment":[{"href":"https:\/\/agrozone.ee\/en\/wp-json\/wp\/v2\/media?parent=4301"}],"wp:term":[{"taxonomy":"product_brand","embeddable":true,"href":"https:\/\/agrozone.ee\/en\/wp-json\/wp\/v2\/product_brand?post=4301"},{"taxonomy":"product_cat","embeddable":true,"href":"https:\/\/agrozone.ee\/en\/wp-json\/wp\/v2\/product_cat?post=4301"},{"taxonomy":"product_tag","embeddable":true,"href":"https:\/\/agrozone.ee\/en\/wp-json\/wp\/v2\/product_tag?post=4301"}],"curies":[{"name":"wp","href":"https:\/\/api.w.org\/{rel}","templated":true}]}}