{"id":4307,"date":"2024-06-09T16:00:05","date_gmt":"2024-06-09T13:00:05","guid":{"rendered":"https:\/\/agrozone.ee\/?post_type=product&#038;p=4307"},"modified":"2026-01-16T12:31:30","modified_gmt":"2026-01-16T10:31:30","slug":"tekstiilmults-12x100m-120m%c2%b2","status":"publish","type":"product","link":"https:\/\/agrozone.ee\/en\/product\/tekstiilmults-12x100m-120m%c2%b2\/","title":{"rendered":"Tekstiilmult\u0161 1,2\u00d7100m, 120m\u00b2"},"content":{"rendered":"<p>Tekstiilmult\u0161 on spetsiaalselt v\u00e4ljat\u00f6\u00f6tatud kerge pinnakattematerjal, kasutamiseks aianduses ja haljastuses. Mustakiuline pol\u00fcprop\u00fcleenmaterjal on vastupidav ultraviolettkiirguse ja mullas leiduvatele \u00fchendite suhtes. Kangas takistab umbrohu kasvu ja kiirendab ka noorte taimede juurdumist, kuna hoiab pinnase niiske ja sooja. Tekstiilmult\u0161i v\u00f5ib kasutada ka erinevate pinnasekihtide eraldamiseks, n\u00e4iteks drenaa\u017ei ja substraadi vahel lillepeenras. Tekstiilmult\u0161iga kaetud istutusalal s\u00e4ilib muld kohevamana kui peenravaiba v\u00f5i geotekstiiliga kaetud peenras. Tekstiilmult\u0161i kare pind takistab tigude ja n\u00e4lkjate tegutsemist taimede vahel. Olenevalt kasutuskohast peab vastu 5-6 aastat.<\/p>\n<p>&nbsp;<\/p>\n<h3>Kasutusjuhend<\/h3>\n<p>Kangas laotatakse ettevalmistatud pinnasele ja l\u00f5igatakse terava noaga istutusaugud, servad kinnitatakse kas mulla v\u00f5i spetsiaalsete kinnitusharkidega. Haljastuses v\u00f5ib taimede \u00fcmbruse katta koorepuru v\u00f5i dekoratiivkillustikuga.<\/p>\n","protected":false},"excerpt":{"rendered":"<p>Tekstiilmult\u0161 on spetsiaalselt v\u00e4ljat\u00f6\u00f6tatud kerge pinnakattematerjal, kasutamiseks aianduses ja haljastuses. Mustakiuline pol\u00fcprop\u00fcleenmaterjal on vastupidav ultraviolettkiirguse ja mullas leiduvatele \u00fchendite suhtes. Kangas takistab umbrohu kasvu ja kiirendab ka noorte taimede juurdumist, kuna hoiab pinnase niiske ja sooja. Tekstiilmult\u0161i v\u00f5ib kasutada ka erinevate pinnasekihtide eraldamiseks, n\u00e4iteks drenaa\u017ei ja substraadi vahel lillepeenras. Tekstiilmult\u0161iga kaetud istutusalal s\u00e4ilib muld kohevamana kui peenravaiba v\u00f5i geotekstiiliga kaetud peenras. Tekstiilmult\u0161i kare pind takistab tigude ja n\u00e4lkjate tegutsemist taimede vahel. Olenevalt kasutuskohast peab vastu 5-6 aastat.<\/p>\n","protected":false},"featured_media":4366,"template":"","meta":{"_acf_changed":false,"_seopress_robots_primary_cat":"none","_seopress_titles_title":"","_seopress_titles_desc":"","_seopress_robots_index":"","_gspb_post_css":""},"product_brand":[],"product_cat":[15,174,175],"product_tag":[],"class_list":{"0":"post-4307","1":"product","2":"type-product","3":"status-publish","4":"has-post-thumbnail","6":"product_cat-koik-kategooriad","7":"product_cat-taime-ja-pinnasekatted","8":"product_cat-tekstiilmults","9":"product_shipping_class-ei-mahu-automaati","11":"first","12":"instock","13":"taxable","14":"shipping-taxable","15":"purchasable","16":"product-type-simple"},"ct_brands":[],"acf":[],"_links":{"self":[{"href":"https:\/\/agrozone.ee\/en\/wp-json\/wp\/v2\/product\/4307","targetHints":{"allow":["GET"]}}],"collection":[{"href":"https:\/\/agrozone.ee\/en\/wp-json\/wp\/v2\/product"}],"about":[{"href":"https:\/\/agrozone.ee\/en\/wp-json\/wp\/v2\/types\/product"}],"wp:featuredmedia":[{"embeddable":true,"href":"https:\/\/agrozone.ee\/en\/wp-json\/wp\/v2\/media\/4366"}],"wp:attachment":[{"href":"https:\/\/agrozone.ee\/en\/wp-json\/wp\/v2\/media?parent=4307"}],"wp:term":[{"taxonomy":"product_brand","embeddable":true,"href":"https:\/\/agrozone.ee\/en\/wp-json\/wp\/v2\/product_brand?post=4307"},{"taxonomy":"product_cat","embeddable":true,"href":"https:\/\/agrozone.ee\/en\/wp-json\/wp\/v2\/product_cat?post=4307"},{"taxonomy":"product_tag","embeddable":true,"href":"https:\/\/agrozone.ee\/en\/wp-json\/wp\/v2\/product_tag?post=4307"}],"curies":[{"name":"wp","href":"https:\/\/api.w.org\/{rel}","templated":true}]}}