{"id":4329,"date":"2024-06-09T16:00:27","date_gmt":"2024-06-09T13:00:27","guid":{"rendered":"https:\/\/agrozone.ee\/?post_type=product&#038;p=4329"},"modified":"2025-08-27T08:25:43","modified_gmt":"2025-08-27T06:25:43","slug":"katteloor-16x5m-17g-m2-8m%c2%b2","status":"publish","type":"product","link":"https:\/\/agrozone.ee\/en\/product\/katteloor-16x5m-17g-m2-8m%c2%b2\/","title":{"rendered":"Katteloor 1,6\u00d75m, 17g\/m2, 8m\u00b2"},"content":{"rendered":"<p>Katteloori kasutatakse saagialguse kiirendamiseks, \u00f6\u00f6k\u00fclma kaitseks ja kaitseks kahjurite eest. Katteloor kaitseb \u00f6\u00f6k\u00fclmade eest, t\u00f5stab mulla ja \u00f5hu temperatuuri, v\u00e4hendab tuulekahjustusi, kaitseb lindude ja ulukite eest. Katteloor on v\u00e4ga hea valguse l\u00e4bilaskvusega, lastes 90% valgust taimedeni. Katteloor on kaalult v\u00e4ga kerge ja kaitseb \u00f5rnalt, noori v\u00f5rseid ja juurdekasvu muljumata. Ultraviolettkiirguse suhtes stabiilne materjali struktuur annab pikaajalise kaitse. Loor on niiskust l\u00e4bilaskev ja hingav. Loori on kerge k\u00e4sitsi paigaldada.<\/p>\n<p>&nbsp;<\/p>\n<h3>Kasutusjuhend<\/h3>\n<p>Katteloor on pol\u00fcprop\u00fcleenkiududest v\u00e4ga kerge kangas, mida kasutatakse porgandite, kaalikate, sibulate, maasikate, varajase kartuli, k\u00fclma\u00f5rnade kultuuride katmiseks. Katteloor laotatakse otse kasvava taimestiku peale ja ta ei vaja mingeid kandekonstruktsioone. \u00c4\u00e4rtest kinnitatakse peamiselt mullaga, aga ka liivakottide, vett t\u00e4is voolikute, armatuurraualattide vms. Katteloor tuleb paigaldada l\u00f5dvalt, j\u00e4ttes piisavalt ruumi taimede kasvuks. Arvestada tuleb ka \u00e4\u00e4rte kinnitamiseks vajalikku riba. Katteloor tuleb maasikatelt ja kurkidelt \u00f5itsemise ajaks eemaldada.<\/p>\n","protected":false},"excerpt":{"rendered":"<p>Katteloori kasutatakse saagialguse kiirendamiseks, \u00f6\u00f6k\u00fclma kaitseks ja kaitseks kahjurite eest. Katteloor kaitseb \u00f6\u00f6k\u00fclmade eest, t\u00f5stab mulla ja \u00f5hu temperatuuri, v\u00e4hendab tuulekahjustusi, kaitseb lindude ja ulukite eest. Katteloor on v\u00e4ga hea valguse l\u00e4bilaskvusega, lastes 90% valgust taimedeni. Katteloor on kaalult v\u00e4ga kerge ja kaitseb \u00f5rnalt, noori v\u00f5rseid ja juurdekasvu muljumata. Ultraviolettkiirguse suhtes stabiilne materjali struktuur annab pikaajalise kaitse. Loor on niiskust l\u00e4bilaskev ja hingav. Loori on kerge k\u00e4sitsi paigaldada.<\/p>\n","protected":false},"featured_media":4373,"template":"","meta":{"_acf_changed":false,"_seopress_robots_primary_cat":"","_seopress_titles_title":"","_seopress_titles_desc":"","_seopress_robots_index":"","_gspb_post_css":""},"product_brand":[],"product_cat":[180,15,174],"product_tag":[],"class_list":{"0":"post-4329","1":"product","2":"type-product","3":"status-publish","4":"has-post-thumbnail","6":"product_cat-katteloor","7":"product_cat-koik-kategooriad","8":"product_cat-taime-ja-pinnasekatted","10":"first","11":"instock","12":"taxable","13":"shipping-taxable","14":"purchasable","15":"product-type-simple"},"ct_brands":[],"acf":[],"_links":{"self":[{"href":"https:\/\/agrozone.ee\/en\/wp-json\/wp\/v2\/product\/4329","targetHints":{"allow":["GET"]}}],"collection":[{"href":"https:\/\/agrozone.ee\/en\/wp-json\/wp\/v2\/product"}],"about":[{"href":"https:\/\/agrozone.ee\/en\/wp-json\/wp\/v2\/types\/product"}],"wp:featuredmedia":[{"embeddable":true,"href":"https:\/\/agrozone.ee\/en\/wp-json\/wp\/v2\/media\/4373"}],"wp:attachment":[{"href":"https:\/\/agrozone.ee\/en\/wp-json\/wp\/v2\/media?parent=4329"}],"wp:term":[{"taxonomy":"product_brand","embeddable":true,"href":"https:\/\/agrozone.ee\/en\/wp-json\/wp\/v2\/product_brand?post=4329"},{"taxonomy":"product_cat","embeddable":true,"href":"https:\/\/agrozone.ee\/en\/wp-json\/wp\/v2\/product_cat?post=4329"},{"taxonomy":"product_tag","embeddable":true,"href":"https:\/\/agrozone.ee\/en\/wp-json\/wp\/v2\/product_tag?post=4329"}],"curies":[{"name":"wp","href":"https:\/\/api.w.org\/{rel}","templated":true}]}}