{"id":4365,"date":"2024-06-09T16:00:48","date_gmt":"2024-06-09T13:00:48","guid":{"rendered":"https:\/\/agrozone.ee\/?post_type=product&#038;p=4365"},"modified":"2025-08-05T11:41:33","modified_gmt":"2025-08-05T09:41:33","slug":"talvemuts-naopildiga-okaspuudele-ja-pusikutele-08x12m","status":"publish","type":"product","link":"https:\/\/agrozone.ee\/en\/product\/talvemuts-naopildiga-okaspuudele-ja-pusikutele-08x12m\/","title":{"rendered":"Talvem\u00fcts n\u00e4opildiga okaspuudele ja p\u00fcsikutele 0,8\u00d71,2m"},"content":{"rendered":"<p>Talvem\u00fcts kaitseb k\u00fclmakartlikke p\u00f5\u00f5said, dekoratiiv- ja okaspuid, ning p\u00fcsikuid talvel k\u00fclma- ja kevadel p\u00e4ikesekahjustuse eest.<\/p>\n<p>&nbsp;<\/p>\n<h3>Kasutusjuhend<\/h3>\n<p>Kate asetatakse taimedele p\u00fcsik\u00fclmade saabumisel ja eemaldatakse p\u00e4rast mullapinna sulamist. P\u00e4rast taimedelt eemaldamist kangas kuivatada ja s\u00e4ilitada j\u00e4rgmise talveni.<\/p>\n","protected":false},"excerpt":{"rendered":"<p>Talvem\u00fcts kaitseb k\u00fclmakartlikke p\u00f5\u00f5said, dekoratiiv- ja okaspuid, ning p\u00fcsikuid talvel k\u00fclma- ja kevadel p\u00e4ikesekahjustuse eest.<\/p>\n","protected":false},"featured_media":4414,"template":"","meta":{"_acf_changed":false,"_seopress_robots_primary_cat":"","_seopress_titles_title":"","_seopress_titles_desc":"","_seopress_robots_index":"","_gspb_post_css":""},"product_brand":[],"product_cat":[15,174,193],"product_tag":[],"class_list":{"0":"post-4365","1":"product","2":"type-product","3":"status-publish","4":"has-post-thumbnail","6":"product_cat-koik-kategooriad","7":"product_cat-taime-ja-pinnasekatted","8":"product_cat-talvekatted","10":"first","11":"instock","12":"taxable","13":"shipping-taxable","14":"purchasable","15":"product-type-simple"},"ct_brands":[],"acf":[],"_links":{"self":[{"href":"https:\/\/agrozone.ee\/en\/wp-json\/wp\/v2\/product\/4365","targetHints":{"allow":["GET"]}}],"collection":[{"href":"https:\/\/agrozone.ee\/en\/wp-json\/wp\/v2\/product"}],"about":[{"href":"https:\/\/agrozone.ee\/en\/wp-json\/wp\/v2\/types\/product"}],"wp:featuredmedia":[{"embeddable":true,"href":"https:\/\/agrozone.ee\/en\/wp-json\/wp\/v2\/media\/4414"}],"wp:attachment":[{"href":"https:\/\/agrozone.ee\/en\/wp-json\/wp\/v2\/media?parent=4365"}],"wp:term":[{"taxonomy":"product_brand","embeddable":true,"href":"https:\/\/agrozone.ee\/en\/wp-json\/wp\/v2\/product_brand?post=4365"},{"taxonomy":"product_cat","embeddable":true,"href":"https:\/\/agrozone.ee\/en\/wp-json\/wp\/v2\/product_cat?post=4365"},{"taxonomy":"product_tag","embeddable":true,"href":"https:\/\/agrozone.ee\/en\/wp-json\/wp\/v2\/product_tag?post=4365"}],"curies":[{"name":"wp","href":"https:\/\/api.w.org\/{rel}","templated":true}]}}