{"id":47642,"date":"2025-03-10T10:53:36","date_gmt":"2025-03-10T08:53:36","guid":{"rendered":"https:\/\/agrozone.ee\/toode\/green-plant-fertilizer-sticks-20-pcs\/"},"modified":"2025-10-24T08:02:00","modified_gmt":"2025-10-24T06:02:00","slug":"green-plant-fertilizer-sticks-20-pcs","status":"publish","type":"product","link":"https:\/\/agrozone.ee\/en\/product\/green-plant-fertilizer-sticks-20-pcs\/","title":{"rendered":"Green plant fertilizer sticks 20 pcs"},"content":{"rendered":"<p>Solid complex mineral fertilizer containing macronutrients with microelements <strong>NPK (Mg) 16-5-9 (+2).<\/strong><\/p>\n<p>Action time 3 months.<\/p>\n<ul>\n<li>A complete mineral fertilizer with microelements for fertilizing various leafy ornamental plants indoors and outdoors.<\/li>\n<li>Fertilizer sticks ensure strong leaf development and lush green color.<\/li>\n<li>Nutrients are slowly soluble and allow plants to absorb them gradually.<\/li>\n<li>No danger of over-fertilization.<\/li>\n<li>A balanced ratio of nutrients in the fertilizer increases the resistance of plants to pests and diseases.<\/li>\n<\/ul>\n<p>USING:<\/p>\n<p>1. Measure the diameter of the pot.<br \/>\n2. Based on the pot diameter, take the required number of sticks from the package (see table).<br \/>\n3. Push the sticks into the soil between the plant and the pot edge.<br \/>\n4. Kastke v\u00e4hese m\u00e4\u00e4ral.<br \/>\n5. Replace the sticks as needed every three months.<\/p>\n<p>In winter months (November &#8211; February) reduce the amount of fertilizer by half.<\/p>\n<p><img alt=\"\" loading=\"lazy\" decoding=\"async\" class=\"size-full wp-image-40869\" src=\"https:\/\/agrozone.ee\/wp-content\/uploads\/2024\/12\/screenshot-2024-12-05-104925.png\" alt=\"\" width=\"818\" height=\"118\" srcset=\"https:\/\/agrozone.ee\/wp-content\/uploads\/2024\/12\/screenshot-2024-12-05-104925.png 818w, https:\/\/agrozone.ee\/wp-content\/uploads\/2024\/12\/screenshot-2024-12-05-104925-800x115.png 800w, https:\/\/agrozone.ee\/wp-content\/uploads\/2024\/12\/screenshot-2024-12-05-104925-300x43.png 300w, https:\/\/agrozone.ee\/wp-content\/uploads\/2024\/12\/screenshot-2024-12-05-104925-768x111.png 768w, https:\/\/agrozone.ee\/wp-content\/uploads\/2024\/12\/screenshot-2024-12-05-104925-640x92.png 640w, https:\/\/agrozone.ee\/wp-content\/uploads\/2024\/12\/screenshot-2024-12-05-104925-400x58.png 400w\" sizes=\"auto, (max-width: 818px) 100vw, 818px\" \/><\/p>\n","protected":false},"excerpt":{"rendered":"<p>Solid complex mineral fertilizer containing macronutrients with microelements NPK (Mg) 16-5-9 (+2). Action time 3 months. A complete mineral fertilizer with microelements for fertilizing various leafy ornamental plants indoors and outdoors. Fertilizer sticks ensure strong leaf development and lush green color. Nutrients are slowly soluble and allow plants to absorb them gradually. No danger of [&hellip;]<\/p>\n","protected":false},"featured_media":47679,"template":"","meta":{"_acf_changed":false,"_seopress_robots_primary_cat":"none","_seopress_titles_title":"Green plant fertilizer sticks - 20 pcs quality","_seopress_titles_desc":"Fertilizer sticks containing macronutrients ensure strong plant development and lush color. Ideal solution for growing indoors and outdoors. ","_seopress_robots_index":"","_gspb_post_css":""},"product_brand":[],"product_cat":[1517,1614,1597,1605],"product_tag":[],"class_list":{"0":"post-47642","1":"product","2":"type-product","3":"status-publish","4":"has-post-thumbnail","6":"product_cat-all-categories","7":"product_cat-fertilisers","8":"product_cat-fertilizers-for-houseplants","9":"product_cat-long-acting-fertiliser","11":"first","12":"instock","13":"taxable","14":"shipping-taxable","15":"purchasable","16":"product-type-simple"},"ct_brands":[],"acf":[],"_links":{"self":[{"href":"https:\/\/agrozone.ee\/en\/wp-json\/wp\/v2\/product\/47642","targetHints":{"allow":["GET"]}}],"collection":[{"href":"https:\/\/agrozone.ee\/en\/wp-json\/wp\/v2\/product"}],"about":[{"href":"https:\/\/agrozone.ee\/en\/wp-json\/wp\/v2\/types\/product"}],"wp:featuredmedia":[{"embeddable":true,"href":"https:\/\/agrozone.ee\/en\/wp-json\/wp\/v2\/media\/47679"}],"wp:attachment":[{"href":"https:\/\/agrozone.ee\/en\/wp-json\/wp\/v2\/media?parent=47642"}],"wp:term":[{"taxonomy":"product_brand","embeddable":true,"href":"https:\/\/agrozone.ee\/en\/wp-json\/wp\/v2\/product_brand?post=47642"},{"taxonomy":"product_cat","embeddable":true,"href":"https:\/\/agrozone.ee\/en\/wp-json\/wp\/v2\/product_cat?post=47642"},{"taxonomy":"product_tag","embeddable":true,"href":"https:\/\/agrozone.ee\/en\/wp-json\/wp\/v2\/product_tag?post=47642"}],"curies":[{"name":"wp","href":"https:\/\/api.w.org\/{rel}","templated":true}]}}