{"id":4913,"date":"2024-06-09T16:10:01","date_gmt":"2024-06-09T13:10:01","guid":{"rendered":"https:\/\/agrozone.ee\/?post_type=product&#038;p=4913"},"modified":"2025-10-09T18:04:48","modified_gmt":"2025-10-09T16:04:48","slug":"priimula-colossea","status":"publish","type":"product","link":"https:\/\/agrozone.ee\/en\/product\/priimula-colossea\/","title":{"rendered":"PRIIMULA COLOSSEA"},"content":{"rendered":"<p>PRIIMULA COLOSSEA<\/p>\n<ul>\n<li>Mitmeaastane, 15-30 cm k\u00f5rgune, dekoratiivsed \u00f5ied.<\/li>\n<li>\u00d5ied on 3-5 cm l\u00e4bim\u00f5\u00f5duga, erksad, kahev\u00e4rvilised ja \u00fchev\u00e4rvilised, priimula vaibad on v\u00e4ga atraktiivsed h\u00f5redate puude, madalate viljapuude all.<\/li>\n<li>Sobib h\u00e4sti kiviaedadesse, potti.<\/li>\n<li>Istutatakse kobaratena lillepeenardesse.<\/li>\n<li>Kasvavad h\u00e4sti kerges, mitte kuivas, huumoririkkas mullas.<\/li>\n<li>Primulad v\u00f5ivad kasvada 2-10 aastat samas kohas.<\/li>\n<\/ul>\n<p>Seemnete arv pakendis, tk. 50<br \/>\nIstutuskaugus 15 x 20 cm<br \/>\n\u00d5itsemisperiood III-VI<br \/>\nTaimede k\u00f5rgus, cm 15-30 cm<br \/>\n\u00d5itsemise aeg, k\u00f5rgus III-VI, 15-30 cm<br \/>\nKasvukoht R\u00f5du<br \/>\nMark \u017dalia stotel\u0117<br \/>\nPoolvarju Jah<br \/>\nMitmeaastane Jah<br \/>\nV\u00e4rvus V\u00e4rvide segu<br \/>\nTaimestik Mitmeaastane<br \/>\nSobib kasvatamiseks Kiviaedades, Lilleaedades<br \/>\nKliima Osaline vari<\/p>\n","protected":false},"excerpt":{"rendered":"<p><strong>\u0420rimula veris L.<\/strong><\/p>\n<ul>\n<li>Mitmeaastane, 15-30 cm k\u00f5rgune, dekoratiivsed \u00f5ied.<\/li>\n<li>\u00d5ied on 3-5 cm l\u00e4bim\u00f5\u00f5duga, erksad, kahev\u00e4rvilised ja \u00fchev\u00e4rvilised, priimula vaibad on v\u00e4ga atraktiivsed h\u00f5redate puude, madalate viljapuude all.<\/li>\n<li>Sobib h\u00e4sti kiviaedadesse, potti.<\/li>\n<li>Istutatakse kobaratena lillepeenardesse.<\/li>\n<\/ul>\n","protected":false},"featured_media":4978,"template":"","meta":{"_acf_changed":false,"_seopress_robots_primary_cat":"","_seopress_titles_title":"","_seopress_titles_desc":"PRIIMULA COLOSSEA - Mitmeaastane, 15-30 cm k\u00f5rgune, dekoratiivsed \u00f5ied. \u00d5ied on 3-5 cm l\u00e4bim\u00f5\u00f5duga, priimula vaibad on v\u00e4ga atraktiivsed.","_seopress_robots_index":"","_gspb_post_css":""},"product_brand":[],"product_cat":[15,101,100,1206,87],"product_tag":[],"class_list":{"0":"post-4913","1":"product","2":"type-product","3":"status-publish","4":"has-post-thumbnail","6":"product_cat-koik-kategooriad","7":"product_cat-lille-seemnesegud","8":"product_cat-lilleseemned","9":"product_cat-mitmeaastased","10":"product_cat-seemned","12":"first","13":"instock","14":"taxable","15":"shipping-taxable","16":"purchasable","17":"product-type-simple"},"ct_brands":[],"acf":[],"_links":{"self":[{"href":"https:\/\/agrozone.ee\/en\/wp-json\/wp\/v2\/product\/4913","targetHints":{"allow":["GET"]}}],"collection":[{"href":"https:\/\/agrozone.ee\/en\/wp-json\/wp\/v2\/product"}],"about":[{"href":"https:\/\/agrozone.ee\/en\/wp-json\/wp\/v2\/types\/product"}],"wp:featuredmedia":[{"embeddable":true,"href":"https:\/\/agrozone.ee\/en\/wp-json\/wp\/v2\/media\/4978"}],"wp:attachment":[{"href":"https:\/\/agrozone.ee\/en\/wp-json\/wp\/v2\/media?parent=4913"}],"wp:term":[{"taxonomy":"product_brand","embeddable":true,"href":"https:\/\/agrozone.ee\/en\/wp-json\/wp\/v2\/product_brand?post=4913"},{"taxonomy":"product_cat","embeddable":true,"href":"https:\/\/agrozone.ee\/en\/wp-json\/wp\/v2\/product_cat?post=4913"},{"taxonomy":"product_tag","embeddable":true,"href":"https:\/\/agrozone.ee\/en\/wp-json\/wp\/v2\/product_tag?post=4913"}],"curies":[{"name":"wp","href":"https:\/\/api.w.org\/{rel}","templated":true}]}}