{"id":4930,"date":"2024-06-09T16:10:26","date_gmt":"2024-06-09T13:10:26","guid":{"rendered":"https:\/\/agrozone.ee\/?post_type=product&#038;p=4930"},"modified":"2026-04-09T09:13:47","modified_gmt":"2026-04-09T07:13:47","slug":"aedporgand-rondo","status":"publish","type":"product","link":"https:\/\/agrozone.ee\/en\/product\/aedporgand-rondo\/","title":{"rendered":"AEDPORGAND RONDO"},"content":{"rendered":"<p>AEDPORGAND RONDO<\/p>\n<ul>\n<li>V\u00e4ga varajane sort.<\/li>\n<li>Vegetatsiooniperiood on 73-78 p\u00e4eva alates k\u00fclvamisest.<\/li>\n<li>Juured on \u00fcmmargused, magusad, l\u00f5henemisvastupidavad, ei rohelise isegi siis, kui nad t\u00f5usevad pinnale.<\/li>\n<li>V\u00f5ib kasutada v\u00e4rskelt, sobib h\u00e4sti t\u00f6\u00f6tlemiseks ja k\u00fclmutamiseks.<\/li>\n<li>\u00dcmarad juured v\u00f5ib s\u00e4ilitada l\u00f5ikamata koos teiste k\u00f6\u00f6giviljadega.<\/li>\n<\/ul>\n<p>Kogus pakendis 2 g<br \/>\nSeemnete arv grammi kohta Umbes 800-1000 seemet.<br \/>\nK\u00fclviaeg mulda X, IV-V<br \/>\nIstutuskaugus 20 x 5 cm<br \/>\nSaak VI-VII<br \/>\nKasvukoht P\u00f5ld<br \/>\nKaubam\u00e4rk \u017dalia stotel\u0117<br \/>\nP\u00e4ikeseline koht Jah<br \/>\nEttevalmistusmeetodid K\u00fclmutamine, s\u00e4ilitamine<\/p>\n","protected":false},"excerpt":{"rendered":"<p><strong>Daucus carota L.<\/strong><\/p>\n<ul>\n<li>V\u00e4ga varajane sort.<\/li>\n<li>Vegetatsiooniperiood on 73-78 p\u00e4eva alates k\u00fclvamisest.<\/li>\n<li>Juured on \u00fcmmargused, magusad, l\u00f5henemisvastupidavad, ei rohelise isegi siis, kui nad t\u00f5usevad pinnale.<\/li>\n<li>V\u00f5ib kasutada v\u00e4rskelt, sobib h\u00e4sti t\u00f6\u00f6tlemiseks ja k\u00fclmutamiseks.<\/li>\n<\/ul>\n","protected":false},"featured_media":4987,"template":"","meta":{"_acf_changed":false,"_seopress_robots_primary_cat":"","_seopress_titles_title":"","_seopress_titles_desc":"AEDPORGAND RONDO - V\u00e4ga varajane sort. Juured on \u00fcmmargused, magusad, l\u00f5henemisvastupidavad, ei rohelise isegi siis, kui nad t\u00f5usevad pinnale.","_seopress_robots_index":"","_gspb_post_css":""},"product_brand":[],"product_cat":[15,88,380,87],"product_tag":[],"class_list":{"0":"post-4930","1":"product","2":"type-product","3":"status-publish","4":"has-post-thumbnail","6":"product_cat-koik-kategooriad","7":"product_cat-koogiviljaseemned","8":"product_cat-porgand","9":"product_cat-seemned","11":"first","12":"instock","13":"taxable","14":"shipping-taxable","15":"purchasable","16":"product-type-simple"},"ct_brands":[],"acf":[],"_links":{"self":[{"href":"https:\/\/agrozone.ee\/en\/wp-json\/wp\/v2\/product\/4930","targetHints":{"allow":["GET"]}}],"collection":[{"href":"https:\/\/agrozone.ee\/en\/wp-json\/wp\/v2\/product"}],"about":[{"href":"https:\/\/agrozone.ee\/en\/wp-json\/wp\/v2\/types\/product"}],"wp:featuredmedia":[{"embeddable":true,"href":"https:\/\/agrozone.ee\/en\/wp-json\/wp\/v2\/media\/4987"}],"wp:attachment":[{"href":"https:\/\/agrozone.ee\/en\/wp-json\/wp\/v2\/media?parent=4930"}],"wp:term":[{"taxonomy":"product_brand","embeddable":true,"href":"https:\/\/agrozone.ee\/en\/wp-json\/wp\/v2\/product_brand?post=4930"},{"taxonomy":"product_cat","embeddable":true,"href":"https:\/\/agrozone.ee\/en\/wp-json\/wp\/v2\/product_cat?post=4930"},{"taxonomy":"product_tag","embeddable":true,"href":"https:\/\/agrozone.ee\/en\/wp-json\/wp\/v2\/product_tag?post=4930"}],"curies":[{"name":"wp","href":"https:\/\/api.w.org\/{rel}","templated":true}]}}