{"id":4931,"date":"2024-06-09T16:10:26","date_gmt":"2024-06-09T13:10:26","guid":{"rendered":"https:\/\/agrozone.ee\/?post_type=product&#038;p=4931"},"modified":"2025-04-30T14:26:17","modified_gmt":"2025-04-30T12:26:17","slug":"umbrohutombaja","status":"publish","type":"product","link":"https:\/\/agrozone.ee\/en\/product\/umbrohutombaja\/","title":{"rendered":"UMBROHUT\u00d5MBAJA"},"content":{"rendered":"<p>Metallist umbrohut\u00f5mbaja kummist k\u00e4epidemega.<\/p>\n","protected":false},"excerpt":{"rendered":"<p>Metallist umbrohut\u00f5mbaja kummist k\u00e4epidemega.<\/p>\n","protected":false},"featured_media":4989,"template":"","meta":{"_acf_changed":false,"_seopress_robots_primary_cat":"none","_seopress_titles_title":"","_seopress_titles_desc":"","_seopress_robots_index":"","_gspb_post_css":""},"product_brand":[],"product_cat":[149,1070,15],"product_tag":[],"class_list":{"0":"post-4931","1":"product","2":"type-product","3":"status-publish","4":"has-post-thumbnail","6":"product_cat-aiatarvikud","7":"product_cat-aiatooriistad","8":"product_cat-koik-kategooriad","10":"first","11":"instock","12":"sale","13":"taxable","14":"shipping-taxable","15":"purchasable","16":"product-type-simple"},"ct_brands":[],"acf":[],"_links":{"self":[{"href":"https:\/\/agrozone.ee\/en\/wp-json\/wp\/v2\/product\/4931","targetHints":{"allow":["GET"]}}],"collection":[{"href":"https:\/\/agrozone.ee\/en\/wp-json\/wp\/v2\/product"}],"about":[{"href":"https:\/\/agrozone.ee\/en\/wp-json\/wp\/v2\/types\/product"}],"wp:featuredmedia":[{"embeddable":true,"href":"https:\/\/agrozone.ee\/en\/wp-json\/wp\/v2\/media\/4989"}],"wp:attachment":[{"href":"https:\/\/agrozone.ee\/en\/wp-json\/wp\/v2\/media?parent=4931"}],"wp:term":[{"taxonomy":"product_brand","embeddable":true,"href":"https:\/\/agrozone.ee\/en\/wp-json\/wp\/v2\/product_brand?post=4931"},{"taxonomy":"product_cat","embeddable":true,"href":"https:\/\/agrozone.ee\/en\/wp-json\/wp\/v2\/product_cat?post=4931"},{"taxonomy":"product_tag","embeddable":true,"href":"https:\/\/agrozone.ee\/en\/wp-json\/wp\/v2\/product_tag?post=4931"}],"curies":[{"name":"wp","href":"https:\/\/api.w.org\/{rel}","templated":true}]}}