{"id":4948,"date":"2024-06-09T16:10:50","date_gmt":"2024-06-09T13:10:50","guid":{"rendered":"https:\/\/agrozone.ee\/?post_type=product&#038;p=4948"},"modified":"2026-02-05T12:20:39","modified_gmt":"2026-02-05T10:20:39","slug":"siilkubar-autumn-beauty","status":"publish","type":"product","link":"https:\/\/agrozone.ee\/en\/product\/siilkubar-autumn-beauty\/","title":{"rendered":"SIILK\u00dcBAR AUTUMN BEAUTY"},"content":{"rendered":"<p>SIILK\u00dcBAR AUTUMN BEAUTY<\/p>\n<ul>\n<li>Mitmeaastane, 70-80 cm k\u00f5rgune, v\u00e4he hooldatav, dekoratiivne, rohttaimede \u00f5ied meelitavad liblikaid.<\/li>\n<li>\u00d5ied 9-10 cm laiad, v\u00e4rvilised.<\/li>\n<li>Kasvab h\u00e4sti kergemal mullal, rikastatud orgaaniliste v\u00e4etistega, p\u00e4ikesepoolses kohas v\u00f5i poolvarjupaigas, ei armasta veepiiskasid.<\/li>\n<li>V\u00f5ib istutada haljasaladele, lilleaedadesse, l\u00f5igata kimpude jaoks.<\/li>\n<li>Kuivatatud \u00f5isi saab kasutada taimeteede valmistamiseks.<\/li>\n<\/ul>\n<p>Kogus pakendis 1 g<br \/>\n\u00d5itsemise aeg, k\u00f5rgus VII-VIII, 70 cm.<br \/>\nKaubam\u00e4rk \u017dalia stotel\u0117<\/p>\n","protected":false},"excerpt":{"rendered":"<p><strong>Echinacea purpurea (L.) Moench<\/strong><\/p>\n<ul>\n<li>Mitmeaastane, 70-80 cm k\u00f5rgune, v\u00e4he hooldatav, dekoratiivne, rohttaimede \u00f5ied meelitavad liblikaid.<\/li>\n<li>\u00d5ied 9-10 cm laiad, v\u00e4rvilised.<\/li>\n<li>Kasvab h\u00e4sti kergemal mullal, rikastatud orgaaniliste v\u00e4etistega, p\u00e4ikesepoolses kohas v\u00f5i poolvarjupaigas, ei armasta veepiiskasid.<\/li>\n<\/ul>\n","protected":false},"featured_media":5004,"template":"","meta":{"_acf_changed":false,"_seopress_robots_primary_cat":"none","_seopress_titles_title":"","_seopress_titles_desc":"SIILK\u00dcBAR AUTUMN BEAUTY - Mitmeaastane, 70-80 cm k\u00f5rgune, v\u00e4he hooldatav, dekoratiivne, rohttaimede \u00f5ied meelitavad liblikaid. \u00d5ied 9-10 cm, v\u00e4rvilised.","_seopress_robots_index":"","_gspb_post_css":""},"product_brand":[],"product_cat":[15,100,1206,87],"product_tag":[],"class_list":{"0":"post-4948","1":"product","2":"type-product","3":"status-publish","4":"has-post-thumbnail","6":"product_cat-koik-kategooriad","7":"product_cat-lilleseemned","8":"product_cat-mitmeaastased","9":"product_cat-seemned","11":"first","12":"instock","13":"taxable","14":"shipping-taxable","15":"purchasable","16":"product-type-simple"},"ct_brands":[],"acf":[],"_links":{"self":[{"href":"https:\/\/agrozone.ee\/en\/wp-json\/wp\/v2\/product\/4948","targetHints":{"allow":["GET"]}}],"collection":[{"href":"https:\/\/agrozone.ee\/en\/wp-json\/wp\/v2\/product"}],"about":[{"href":"https:\/\/agrozone.ee\/en\/wp-json\/wp\/v2\/types\/product"}],"wp:featuredmedia":[{"embeddable":true,"href":"https:\/\/agrozone.ee\/en\/wp-json\/wp\/v2\/media\/5004"}],"wp:attachment":[{"href":"https:\/\/agrozone.ee\/en\/wp-json\/wp\/v2\/media?parent=4948"}],"wp:term":[{"taxonomy":"product_brand","embeddable":true,"href":"https:\/\/agrozone.ee\/en\/wp-json\/wp\/v2\/product_brand?post=4948"},{"taxonomy":"product_cat","embeddable":true,"href":"https:\/\/agrozone.ee\/en\/wp-json\/wp\/v2\/product_cat?post=4948"},{"taxonomy":"product_tag","embeddable":true,"href":"https:\/\/agrozone.ee\/en\/wp-json\/wp\/v2\/product_tag?post=4948"}],"curies":[{"name":"wp","href":"https:\/\/api.w.org\/{rel}","templated":true}]}}