{"id":4950,"date":"2024-06-09T16:10:50","date_gmt":"2024-06-09T13:10:50","guid":{"rendered":"https:\/\/agrozone.ee\/?post_type=product&#038;p=4950"},"modified":"2026-03-09T05:22:27","modified_gmt":"2026-03-09T03:22:27","slug":"emajuurjas-peekerlill","status":"publish","type":"product","link":"https:\/\/agrozone.ee\/en\/product\/emajuurjas-peekerlill\/","title":{"rendered":"EMAJUURJAS PEEKERLILL"},"content":{"rendered":"<p>EMAJUURJAS PEEKERLILL<\/p>\n<ul>\n<li>Kaheaastased lilled.<\/li>\n<li>Armastatud oma erksate \u00f5ite p\u00e4rast.<\/li>\n<li>\u00d5itseb esimesel aastal p\u00e4rast istutamist ja j\u00e4tkub kuni esimese k\u00fclmani.<\/li>\n<li>Lilli v\u00f5ib korjata.<\/li>\n<li>V\u00f5ib kasvatada kobaratena ja sobib potis kasvatamiseks.<\/li>\n<li>Sobib ideaalselt lillepeenrale koos teiste suvelilledega, eredav\u00e4rvilised \u00f5ied on hea kontrastiks \u00fchev\u00e4rvilistele taimedele.<\/li>\n<li>Armastab p\u00e4ikeselisi kohti v\u00f5i v\u00f5ib kasvada ka osalises varjus.<\/li>\n<li>Deadhead \u00f5itsemisperioodi pikendamiseks.<\/li>\n<\/ul>\n<p>Kogus pakendis 0,2g<br \/>\nSeemnete arv grammi kohta 3000<br \/>\nK\u00fclviaeg mulda V, 0,5 cm.<br \/>\nK\u00fclviaeg seemikutele III-IV, 0,5 cm<br \/>\nKaugus, cm VI, 30&#215;40 cm<br \/>\nIstutuskaugus 30 x 40 cm<br \/>\n\u00d5itsemisperiood VII-IX, 60-80 cm<br \/>\nTaimede k\u00f5rgus 60 &#8211; 80 cm<br \/>\n\u00d5itsemise aeg, k\u00f5rgus VII-IX, 60-80 cm<br \/>\nKasvukoht P\u00f5ld<br \/>\nMark \u017dalia stotel\u0117<br \/>\n\u00dcmberistutamine VI<br \/>\nP\u00e4ikeseline koht Jah<br \/>\nPoolvarju Jah<br \/>\nKaheaastane Jah<br \/>\nV\u00e4rv V\u00e4rvide segu<br \/>\nTaimestik Mitmeaastane<br \/>\nSobib kasvatamiseks Lilleaedades<br \/>\nKliima P\u00e4ikeseline, osaliselt varjuline<\/p>\n","protected":false},"excerpt":{"rendered":"<p><strong>Penstemon Hartwegii<\/strong><\/p>\n<ul>\n<li>Kaheaastased lilled.<\/li>\n<li>Armastatud oma erksate \u00f5ite p\u00e4rast.<\/li>\n<li>\u00d5itseb esimesel aastal p\u00e4rast istutamist ja j\u00e4tkub kuni esimese k\u00fclmani.<\/li>\n<li>Lilli v\u00f5ib korjata.<\/li>\n<li>V\u00f5ib kasvatada kobaratena ja sobib potis kasvatamiseks.<\/li>\n<\/ul>\n","protected":false},"featured_media":5007,"template":"","meta":{"_acf_changed":false,"_seopress_robots_primary_cat":"","_seopress_titles_title":"","_seopress_titles_desc":"EMAJUURJAS PEEKERLILL - Kaheaastased lilled. Armastatud oma erksate \u00f5ite p\u00e4rast. \u00d5itseb esimesel aastal p\u00e4rast istutamist ja j\u00e4tkub kuni esimese k\u00fclmani.","_seopress_robots_index":"","_gspb_post_css":""},"product_brand":[],"product_cat":[15,100,1206,87],"product_tag":[],"class_list":{"0":"post-4950","1":"product","2":"type-product","3":"status-publish","4":"has-post-thumbnail","6":"product_cat-koik-kategooriad","7":"product_cat-lilleseemned","8":"product_cat-mitmeaastased","9":"product_cat-seemned","11":"first","12":"instock","13":"taxable","14":"shipping-taxable","15":"purchasable","16":"product-type-simple"},"ct_brands":[],"acf":[],"_links":{"self":[{"href":"https:\/\/agrozone.ee\/en\/wp-json\/wp\/v2\/product\/4950","targetHints":{"allow":["GET"]}}],"collection":[{"href":"https:\/\/agrozone.ee\/en\/wp-json\/wp\/v2\/product"}],"about":[{"href":"https:\/\/agrozone.ee\/en\/wp-json\/wp\/v2\/types\/product"}],"wp:featuredmedia":[{"embeddable":true,"href":"https:\/\/agrozone.ee\/en\/wp-json\/wp\/v2\/media\/5007"}],"wp:attachment":[{"href":"https:\/\/agrozone.ee\/en\/wp-json\/wp\/v2\/media?parent=4950"}],"wp:term":[{"taxonomy":"product_brand","embeddable":true,"href":"https:\/\/agrozone.ee\/en\/wp-json\/wp\/v2\/product_brand?post=4950"},{"taxonomy":"product_cat","embeddable":true,"href":"https:\/\/agrozone.ee\/en\/wp-json\/wp\/v2\/product_cat?post=4950"},{"taxonomy":"product_tag","embeddable":true,"href":"https:\/\/agrozone.ee\/en\/wp-json\/wp\/v2\/product_tag?post=4950"}],"curies":[{"name":"wp","href":"https:\/\/api.w.org\/{rel}","templated":true}]}}