{"id":4953,"date":"2024-06-09T16:10:51","date_gmt":"2024-06-09T13:10:51","guid":{"rendered":"https:\/\/agrozone.ee\/?post_type=product&#038;p=4953"},"modified":"2026-04-15T12:06:58","modified_gmt":"2026-04-15T10:06:58","slug":"kurekell-mckana-giants","status":"publish","type":"product","link":"https:\/\/agrozone.ee\/en\/product\/kurekell-mckana-giants\/","title":{"rendered":"KUREKELL MCKANA GIANTS"},"content":{"rendered":"<p>KUREKELL MCKANA GIANTS<\/p>\n<ul>\n<li>Mitmeaastane, \u00fcks ilusamaid ja lemmikumaid lilli kimpude jaoks.<\/li>\n<li>Kasvab 80 cm k\u00f5rguseks.<\/li>\n<li>Lilled on kuni 5 cm l\u00e4bim\u00f5\u00f5duga, kahev\u00e4rvilised, vars on hargnenud.<\/li>\n<li>Seemned idanevad 12\u201316 p\u00e4eva jooksul.<\/li>\n<li>\u00d5itseb teisel aastal p\u00e4rast k\u00fclvi.<\/li>\n<li>Kasvab h\u00e4sti niiskes, viljakas pinnases.<\/li>\n<li>Istutatud peenrasse koos teiste p\u00fcsililledega, korjatakse lilli kimpudeks.<\/li>\n<li>V\u00f5ib kasvada mitu aastat samas kohas, ei vaja talvel katet.<\/li>\n<\/ul>\n<p>Kogus pakis 0,2 g<br \/>\nSeemnete arv grammis ~ 750-800<br \/>\nIstutuskaugused 30 x 30 cm<br \/>\n\u00d5itsemisperiood V-VII<br \/>\nTaime k\u00f5rgus, cm 80 cm<br \/>\n\u00d5itsemisaeg, k\u00f5rgus V\u2013VII, 80 cm<br \/>\nKaubam\u00e4rk \u017dalia stotel\u0117<br \/>\nSiirdamine VII-VIII<br \/>\nP\u00e4ikesepaisteline koht Jah<br \/>\nMitmeaastane Jah<br \/>\nV\u00e4rv V\u00e4rvide segu<br \/>\nTaimestik mitmeaastane<br \/>\nSobib kasvatamiseks lilleaedades<br \/>\nKliima Osaline vari<\/p>\n","protected":false},"excerpt":{"rendered":"<p><strong>Aquilegia vulgaris L.<\/strong><\/p>\n<ul>\n<li>Mitmeaastane, \u00fcks ilusamaid ja lemmikumaid lilli kimpude jaoks.<\/li>\n<li>Kasvab 80 cm k\u00f5rguseks.<\/li>\n<li>Lilled on kuni 5 cm l\u00e4bim\u00f5\u00f5duga, kahev\u00e4rvilised, vars on hargnenud.<\/li>\n<li>Seemned idanevad 12\u201316 p\u00e4eva jooksul.<\/li>\n<li>\u00d5itseb teisel aastal p\u00e4rast k\u00fclvi.<\/li>\n<\/ul>\n","protected":false},"featured_media":5012,"template":"","meta":{"_acf_changed":false,"_seopress_robots_primary_cat":"","_seopress_titles_title":"","_seopress_titles_desc":"KUREKELL MCKANA GIANTS - Mitmeaastane, \u00fcks ilusamaid ja lemmikumaid lilli kimpude jaoks. Lilled on kuni 5 cm l\u00e4bim\u00f5\u00f5duga, kahev\u00e4rvilised, vars on hargnenud.","_seopress_robots_index":"","_gspb_post_css":""},"product_brand":[],"product_cat":[15,100,1206,87],"product_tag":[],"class_list":{"0":"post-4953","1":"product","2":"type-product","3":"status-publish","4":"has-post-thumbnail","6":"product_cat-koik-kategooriad","7":"product_cat-lilleseemned","8":"product_cat-mitmeaastased","9":"product_cat-seemned","11":"first","12":"instock","13":"taxable","14":"shipping-taxable","15":"purchasable","16":"product-type-simple"},"ct_brands":[],"acf":[],"_links":{"self":[{"href":"https:\/\/agrozone.ee\/en\/wp-json\/wp\/v2\/product\/4953","targetHints":{"allow":["GET"]}}],"collection":[{"href":"https:\/\/agrozone.ee\/en\/wp-json\/wp\/v2\/product"}],"about":[{"href":"https:\/\/agrozone.ee\/en\/wp-json\/wp\/v2\/types\/product"}],"wp:featuredmedia":[{"embeddable":true,"href":"https:\/\/agrozone.ee\/en\/wp-json\/wp\/v2\/media\/5012"}],"wp:attachment":[{"href":"https:\/\/agrozone.ee\/en\/wp-json\/wp\/v2\/media?parent=4953"}],"wp:term":[{"taxonomy":"product_brand","embeddable":true,"href":"https:\/\/agrozone.ee\/en\/wp-json\/wp\/v2\/product_brand?post=4953"},{"taxonomy":"product_cat","embeddable":true,"href":"https:\/\/agrozone.ee\/en\/wp-json\/wp\/v2\/product_cat?post=4953"},{"taxonomy":"product_tag","embeddable":true,"href":"https:\/\/agrozone.ee\/en\/wp-json\/wp\/v2\/product_tag?post=4953"}],"curies":[{"name":"wp","href":"https:\/\/api.w.org\/{rel}","templated":true}]}}