{"id":4954,"date":"2024-06-09T16:10:51","date_gmt":"2024-06-09T13:10:51","guid":{"rendered":"https:\/\/agrozone.ee\/?post_type=product&#038;p=4954"},"modified":"2026-03-30T10:06:32","modified_gmt":"2026-03-30T08:06:32","slug":"tahklavendel","status":"publish","type":"product","link":"https:\/\/agrozone.ee\/en\/product\/tahklavendel\/","title":{"rendered":"T\u00c4HKLAVENDEL"},"content":{"rendered":"<p>T\u00c4HKLAVENDEL<\/p>\n<ul>\n<li>Mitmeaastased kulinaarsed, dekoratiivsed, puitunud \u00fcrdid.<\/li>\n<li>Inimtoiduks kasutatakse v\u00e4rskeid v\u00f5i kuivatatud v\u00fcrtsikaid lehti.<\/li>\n<li>Sobivaim paljundamisviis on istikute istutamine, mis on kasvatatud puukoolis seemnetest.<\/li>\n<li>V\u00f5ib kasvada samal kohal isegi 10 aastat.<\/li>\n<\/ul>\n<p>Seemnete arv pakendis, tk. 900<br \/>\nK\u00fclviaeg, s\u00fcgavus II-III, 1 cm<br \/>\nK\u00fclviaeg kasvuhoones III &#8211; V, 1 cm<br \/>\nKaugused, cm 30 x 30 cm<br \/>\nIstutuskaugused V-VII, 30 x 30 cm<br \/>\n\u00d5itsemise aeg, k\u00f5rgus VIII, 50 cm<br \/>\n\u00d5itseb, k\u00f5rgus VIII, 50 cm<br \/>\nKasvukoht Kasvuhoones, Terrassil, P\u00f5ld, R\u00f5du<br \/>\nBrand Organic Way<br \/>\nP\u00e4ikesepaisteline koht Jah<\/p>\n","protected":false},"excerpt":{"rendered":"<p><strong>Lavandula angustifolia Mill.<\/strong><\/p>\n<ul>\n<li>Mitmeaastased kulinaarsed, dekoratiivsed, puitunud \u00fcrdid.<\/li>\n<li>Inimtoiduks kasutatakse v\u00e4rskeid v\u00f5i kuivatatud v\u00fcrtsikaid lehti.<\/li>\n<li>Sobivaim paljundamisviis on istikute istutamine, mis on kasvatatud puukoolis seemnetest.<\/li>\n<li>V\u00f5ib kasvada samal kohal isegi 10 aastat.<\/li>\n<\/ul>\n","protected":false},"featured_media":5014,"template":"","meta":{"_acf_changed":false,"_seopress_robots_primary_cat":"","_seopress_titles_title":"","_seopress_titles_desc":"T\u00c4HKLAVENDEL - Mitmeaastased kulinaarsed, dekoratiivsed, puitunud \u00fcrdid. Inimtoiduks kasutatakse v\u00e4rskeid v\u00f5i kuivatatud v\u00fcrtsikaid lehti.","_seopress_robots_index":"","_gspb_post_css":""},"product_brand":[],"product_cat":[15,100,1206,87],"product_tag":[],"class_list":{"0":"post-4954","1":"product","2":"type-product","3":"status-publish","4":"has-post-thumbnail","6":"product_cat-koik-kategooriad","7":"product_cat-lilleseemned","8":"product_cat-mitmeaastased","9":"product_cat-seemned","11":"first","12":"instock","13":"sale","14":"taxable","15":"shipping-taxable","16":"purchasable","17":"product-type-simple"},"ct_brands":[],"acf":[],"_links":{"self":[{"href":"https:\/\/agrozone.ee\/en\/wp-json\/wp\/v2\/product\/4954","targetHints":{"allow":["GET"]}}],"collection":[{"href":"https:\/\/agrozone.ee\/en\/wp-json\/wp\/v2\/product"}],"about":[{"href":"https:\/\/agrozone.ee\/en\/wp-json\/wp\/v2\/types\/product"}],"wp:featuredmedia":[{"embeddable":true,"href":"https:\/\/agrozone.ee\/en\/wp-json\/wp\/v2\/media\/5014"}],"wp:attachment":[{"href":"https:\/\/agrozone.ee\/en\/wp-json\/wp\/v2\/media?parent=4954"}],"wp:term":[{"taxonomy":"product_brand","embeddable":true,"href":"https:\/\/agrozone.ee\/en\/wp-json\/wp\/v2\/product_brand?post=4954"},{"taxonomy":"product_cat","embeddable":true,"href":"https:\/\/agrozone.ee\/en\/wp-json\/wp\/v2\/product_cat?post=4954"},{"taxonomy":"product_tag","embeddable":true,"href":"https:\/\/agrozone.ee\/en\/wp-json\/wp\/v2\/product_tag?post=4954"}],"curies":[{"name":"wp","href":"https:\/\/api.w.org\/{rel}","templated":true}]}}