{"id":4972,"date":"2024-06-09T16:11:13","date_gmt":"2024-06-09T13:11:13","guid":{"rendered":"https:\/\/agrozone.ee\/?post_type=product&#038;p=4972"},"modified":"2026-01-16T12:18:51","modified_gmt":"2026-01-16T10:18:51","slug":"taimeredel-bambus-3-haru-4-astet-60-cm-korgus","status":"publish","type":"product","link":"https:\/\/agrozone.ee\/en\/product\/taimeredel-bambus-3-haru-4-astet-60-cm-korgus\/","title":{"rendered":"Taimeredel bambus 3 haru 4 astet 60 cm k\u00f5rgus"},"content":{"rendered":"<p><strong>Taimeredel bambus 3 haru 4 astet 60 cm k\u00f5rgus<\/strong><\/p>\n<ul>\n<li>Need loodusliku v\u00e4limusega, redeli stiilis v\u00f5restiktoed on valmistatud taastuvast bambusest ja valmistatud ilma karmide liimide v\u00f5i plastide kasutamiseta.<\/li>\n<li>Ideaalne tugi, et lisada oma ronitaimedele k\u00f5rgust.<\/li>\n<\/ul>\n<p>T\u00e4ielikult biolagunevad ja eluea l\u00f5ppedes kodus komposteeritavad.<\/p>\n","protected":false},"excerpt":{"rendered":"<ul>\n<li>Need loodusliku v\u00e4limusega, redeli stiilis v\u00f5restiktoed on valmistatud taastuvast bambusest ja valmistatud ilma karmide liimide v\u00f5i plastide kasutamiseta.<\/li>\n<li>Ideaalne tugi, et lisada oma ronitaimedele k\u00f5rgust.<\/li>\n<\/ul>\n","protected":false},"featured_media":5032,"template":"","meta":{"_acf_changed":false,"_seopress_robots_primary_cat":"none","_seopress_titles_title":"","_seopress_titles_desc":"Taimeredel bambus 3 haru 4 astet 60 cm k\u00f5rgus - loodusliku v\u00e4limusega, redeli stiilis v\u00f5restiktoed on valmistatud taastuvast bambusest.","_seopress_robots_index":"","_gspb_post_css":""},"product_brand":[],"product_cat":[149,15,150],"product_tag":[],"class_list":{"0":"post-4972","1":"product","2":"type-product","3":"status-publish","4":"has-post-thumbnail","6":"product_cat-aiatarvikud","7":"product_cat-koik-kategooriad","8":"product_cat-taimetoed","9":"product_shipping_class-ei-mahu-automaati","11":"first","12":"instock","13":"taxable","14":"shipping-taxable","15":"purchasable","16":"product-type-simple"},"ct_brands":[],"acf":[],"_links":{"self":[{"href":"https:\/\/agrozone.ee\/en\/wp-json\/wp\/v2\/product\/4972","targetHints":{"allow":["GET"]}}],"collection":[{"href":"https:\/\/agrozone.ee\/en\/wp-json\/wp\/v2\/product"}],"about":[{"href":"https:\/\/agrozone.ee\/en\/wp-json\/wp\/v2\/types\/product"}],"wp:featuredmedia":[{"embeddable":true,"href":"https:\/\/agrozone.ee\/en\/wp-json\/wp\/v2\/media\/5032"}],"wp:attachment":[{"href":"https:\/\/agrozone.ee\/en\/wp-json\/wp\/v2\/media?parent=4972"}],"wp:term":[{"taxonomy":"product_brand","embeddable":true,"href":"https:\/\/agrozone.ee\/en\/wp-json\/wp\/v2\/product_brand?post=4972"},{"taxonomy":"product_cat","embeddable":true,"href":"https:\/\/agrozone.ee\/en\/wp-json\/wp\/v2\/product_cat?post=4972"},{"taxonomy":"product_tag","embeddable":true,"href":"https:\/\/agrozone.ee\/en\/wp-json\/wp\/v2\/product_tag?post=4972"}],"curies":[{"name":"wp","href":"https:\/\/api.w.org\/{rel}","templated":true}]}}