{"id":4990,"date":"2024-06-09T16:11:34","date_gmt":"2024-06-09T13:11:34","guid":{"rendered":"https:\/\/agrozone.ee\/?post_type=product&#038;p=4990"},"modified":"2025-07-31T12:57:58","modified_gmt":"2025-07-31T10:57:58","slug":"kompostikiirendi-biorott-1-6kg","status":"publish","type":"product","link":"https:\/\/agrozone.ee\/en\/product\/kompostikiirendi-biorott-1-6kg\/","title":{"rendered":"KOMPOSTIKIIRENDI BIOROTT 1.6KG"},"content":{"rendered":"<p><strong>KOMPOSTIKIIRENDI BIOROTT 1.6KG<\/strong><\/p>\n<ul>\n<li>Biorott kompostikiirendit kasutatakse komposti saamiseks aia- ja k\u00f6\u00f6gij\u00e4\u00e4tmetest.<\/li>\n<li>Pulber kiirendab komposteerumist ning t\u00f5stab komposti temperatuuri, mis on oluline haiguste ja umbrohtude h\u00e4vitamiseks.<\/li>\n<\/ul>\n<h4>Kasutusjuhend<\/h4>\n<ul>\n<li>Laotada vaheldumisi v\u00e4rsket kompostitavat materjali ja kuiva materjali (p\u00f5hk, oksad jmt) ca 20 cm paksuste kihtidena.<\/li>\n<li>Iga uue kihi j\u00e4rel lisada kompostikiirendit.<\/li>\n<li>Suuremate j\u00e4\u00e4tmete t\u00fckeldamine kiirendab komposti valmimist.<\/li>\n<li>Komposti hoida niiskena.<\/li>\n<li>1,6 kg pulbrist piisab ca 3000 l komposti jaoks<\/li>\n<\/ul>\n<h4>Hoiustamine<\/h4>\n<ul>\n<li>Hoida kuivas ja valguse eest kaitstult temperatuuril 5-20 \u00b0C.<\/li>\n<li>Pikema s\u00e4ilitamise korral (&gt; 12 kuud) on v\u00f5imalik l\u00e4mmastikusisalduse v\u00e4henemine.<\/li>\n<li>Hoida lastele ja koduloomadele k\u00e4ttesaamatus kohas.<\/li>\n<\/ul>\n","protected":false},"excerpt":{"rendered":"<ul>\n<li>Biorott kompostikiirendit kasutatakse komposti saamiseks aia- ja k\u00f6\u00f6gij\u00e4\u00e4tmetest.<\/li>\n<li>Pulber kiirendab komposteerumist ning t\u00f5stab komposti temperatuuri, mis on oluline haiguste ja umbrohtude h\u00e4vitamiseks.<\/li>\n<\/ul>\n","protected":false},"featured_media":5049,"template":"","meta":{"_acf_changed":false,"_seopress_robots_primary_cat":"","_seopress_titles_title":"","_seopress_titles_desc":"KOMPOSTIKIIRENDI BIOROTT 1.6KG - Pulber kiirendab komposteerumist ning t\u00f5stab komposti temperatuuri, mis on oluline haiguste ja umbrohtude h\u00e4vitamiseks.","_seopress_robots_index":"","_gspb_post_css":""},"product_brand":[],"product_cat":[149,15,163],"product_tag":[],"class_list":{"0":"post-4990","1":"product","2":"type-product","3":"status-publish","4":"has-post-thumbnail","6":"product_cat-aiatarvikud","7":"product_cat-koik-kategooriad","8":"product_cat-kompost","10":"first","11":"instock","12":"taxable","13":"shipping-taxable","14":"purchasable","15":"product-type-simple"},"ct_brands":[],"acf":[],"_links":{"self":[{"href":"https:\/\/agrozone.ee\/en\/wp-json\/wp\/v2\/product\/4990","targetHints":{"allow":["GET"]}}],"collection":[{"href":"https:\/\/agrozone.ee\/en\/wp-json\/wp\/v2\/product"}],"about":[{"href":"https:\/\/agrozone.ee\/en\/wp-json\/wp\/v2\/types\/product"}],"wp:featuredmedia":[{"embeddable":true,"href":"https:\/\/agrozone.ee\/en\/wp-json\/wp\/v2\/media\/5049"}],"wp:attachment":[{"href":"https:\/\/agrozone.ee\/en\/wp-json\/wp\/v2\/media?parent=4990"}],"wp:term":[{"taxonomy":"product_brand","embeddable":true,"href":"https:\/\/agrozone.ee\/en\/wp-json\/wp\/v2\/product_brand?post=4990"},{"taxonomy":"product_cat","embeddable":true,"href":"https:\/\/agrozone.ee\/en\/wp-json\/wp\/v2\/product_cat?post=4990"},{"taxonomy":"product_tag","embeddable":true,"href":"https:\/\/agrozone.ee\/en\/wp-json\/wp\/v2\/product_tag?post=4990"}],"curies":[{"name":"wp","href":"https:\/\/api.w.org\/{rel}","templated":true}]}}