{"id":5023,"date":"2024-06-09T16:11:59","date_gmt":"2024-06-09T13:11:59","guid":{"rendered":"https:\/\/agrozone.ee\/?post_type=product&#038;p=5023"},"modified":"2026-04-06T05:54:21","modified_gmt":"2026-04-06T03:54:21","slug":"kulmakate-valge-geotekstiil-2x50m","status":"publish","type":"product","link":"https:\/\/agrozone.ee\/en\/product\/kulmakate-valge-geotekstiil-2x50m\/","title":{"rendered":"K\u00fclmakate \/ valge geotekstiil 2\u00d750m"},"content":{"rendered":"<p><strong>K\u00fclmakate \/ valge geotekstiil 2\u00d750m &#8211; 100 m\u00b2, 200 g\/m\u00b2<\/strong><\/p>\n<ul>\n<li>K\u00fclmakate kaitseb k\u00fclmakartlikke p\u00f5\u00f5said, dekoratiiv- ja okaspuid, roosip\u00f5\u00f5said, rododendroneid, p\u00fcsililli, ronitaimi ja maitsetaimi talvel k\u00fclma- ja kevadel p\u00e4ikesekahjustuse eest.<\/li>\n<\/ul>\n<h4>Kasutusjuhend<\/h4>\n<ul>\n<li>Kate asetatakse taimedele p\u00fcsik\u00fclmade saabumisel ja eemaldatakse p\u00e4rast mullapinna sulamist.<\/li>\n<li>\u00d5rnade taimede puhul on vajalik toestus.<\/li>\n<li>Kangas laseb l\u00e4bi \u00f5hku ja kaitseb taimi haiguste eest.<\/li>\n<li>P\u00e4rast taimedelt eemaldamist kangas kuivatada ja s\u00e4ilitada j\u00e4rgmise talveni.<\/li>\n<\/ul>\n","protected":false},"excerpt":{"rendered":"<ul>\n<li>K\u00fclmakate kaitseb k\u00fclmakartlikke p\u00f5\u00f5said, dekoratiiv- ja okaspuid, roosip\u00f5\u00f5said, rododendroneid, p\u00fcsililli, ronitaimi ja maitsetaimi talvel k\u00fclma- ja kevadel p\u00e4ikesekahjustuse eest.<\/li>\n<\/ul>\n","protected":false},"featured_media":5091,"template":"","meta":{"_acf_changed":false,"_seopress_robots_primary_cat":"none","_seopress_titles_title":"","_seopress_titles_desc":"K\u00fclmakate \/ valge geotekstiil 2\u00d750m - Asetatakse taimedele p\u00fcsik\u00fclmade saabumisel ja eemaldatakse p\u00e4rast mullapinna sulamist. Kaitseb k\u00fclmakartlikke taimi.","_seopress_robots_index":"","_gspb_post_css":""},"product_brand":[],"product_cat":[15,174,193],"product_tag":[],"class_list":{"0":"post-5023","1":"product","2":"type-product","3":"status-publish","4":"has-post-thumbnail","6":"product_cat-koik-kategooriad","7":"product_cat-taime-ja-pinnasekatted","8":"product_cat-talvekatted","10":"first","11":"outofstock","12":"taxable","13":"shipping-taxable","14":"purchasable","15":"product-type-simple"},"ct_brands":[],"acf":[],"_links":{"self":[{"href":"https:\/\/agrozone.ee\/en\/wp-json\/wp\/v2\/product\/5023","targetHints":{"allow":["GET"]}}],"collection":[{"href":"https:\/\/agrozone.ee\/en\/wp-json\/wp\/v2\/product"}],"about":[{"href":"https:\/\/agrozone.ee\/en\/wp-json\/wp\/v2\/types\/product"}],"wp:featuredmedia":[{"embeddable":true,"href":"https:\/\/agrozone.ee\/en\/wp-json\/wp\/v2\/media\/5091"}],"wp:attachment":[{"href":"https:\/\/agrozone.ee\/en\/wp-json\/wp\/v2\/media?parent=5023"}],"wp:term":[{"taxonomy":"product_brand","embeddable":true,"href":"https:\/\/agrozone.ee\/en\/wp-json\/wp\/v2\/product_brand?post=5023"},{"taxonomy":"product_cat","embeddable":true,"href":"https:\/\/agrozone.ee\/en\/wp-json\/wp\/v2\/product_cat?post=5023"},{"taxonomy":"product_tag","embeddable":true,"href":"https:\/\/agrozone.ee\/en\/wp-json\/wp\/v2\/product_tag?post=5023"}],"curies":[{"name":"wp","href":"https:\/\/api.w.org\/{rel}","templated":true}]}}