{"id":5025,"date":"2024-06-09T16:11:59","date_gmt":"2024-06-09T13:11:59","guid":{"rendered":"https:\/\/agrozone.ee\/?post_type=product&#038;p=5025"},"modified":"2026-01-16T12:17:09","modified_gmt":"2026-01-16T10:17:09","slug":"mutivork-1x20m","status":"publish","type":"product","link":"https:\/\/agrozone.ee\/en\/product\/mutivork-1x20m\/","title":{"rendered":"Mutiv\u00f5rk 1\u00d720m"},"content":{"rendered":"<p><strong>Mutiv\u00f5rk 1\u00d720m<\/strong><\/p>\n<ul>\n<li><strong>Silma suurus 16\u00d714 mm<\/strong><\/li>\n<li>Mutiv\u00f5rk on on k\u00f5ige kindlam viis mutikahjustuste v\u00e4ltimiseks murul.<\/li>\n<li>V\u00f5rk paigaldatakse pinnasele enne muru rajamist ning see kaitseb ideaalselt \u00f5uemuru, m\u00e4ngu- ja golfiv\u00e4ljakuid.<\/li>\n<li>Spetsiaalse tehnoloogia abil valmistatud pol\u00fcprop\u00fcleenist mutiv\u00f5rk on v\u00e4ga tugev ja peab vastu v\u00e4hemalt 8 aastat.<\/li>\n<\/ul>\n<h4>Kasutusjuhend<\/h4>\n<ul>\n<li>Kinnita v\u00f5rk maapinnale ja laota selle peale umbes 10 cm paksune liivase mulla kiht.<\/li>\n<li>K\u00fclva muru nagu harilikult, tihendades mulla soovitavalt mururulliga.<\/li>\n<li>Olemasoleva muru korral eemalda m\u00e4ttakiht, paigalda v\u00f5rk ja istuta m\u00e4ttad lihtsalt uuesti tagasi.<\/li>\n<li>Anna v\u00f5rgule \u00fchenduskohtades 10-15 cm \u00fclekatet.<\/li>\n<li>\u00c4\u00e4red ja \u00fclekatted fikseeri\u00a0<a href=\"\/?p=19742\">plastikust<\/a>\u00a0v\u00f5i\u00a0<a href=\"\/?p=19359\">metallist klambritega<\/a>.<\/li>\n<li>Peenarde, puude ja teeservade \u00fcmber paigalda v\u00f5rk L-kujuliselt.<\/li>\n<li>V\u00f5rguga kaetud alale taimede istutamiseks l\u00f5ika v\u00f5rk istutuskohas X-kujuliselt lahti.<\/li>\n<li>Peale istutust kinnita \u00e4\u00e4red klambritega.<\/li>\n<\/ul>\n","protected":false},"excerpt":{"rendered":"<ul>\n<li><strong>Silma suurus 16\u00d714 mm<\/strong><\/li>\n<li>Mutiv\u00f5rk on on k\u00f5ige kindlam viis mutikahjustuste v\u00e4ltimiseks murul.<\/li>\n<li>V\u00f5rk paigaldatakse pinnasele enne muru rajamist ning see kaitseb ideaalselt \u00f5uemuru, m\u00e4ngu- ja golfiv\u00e4ljakuid.<\/li>\n<li>Spetsiaalse tehnoloogia abil valmistatud pol\u00fcprop\u00fcleenist mutiv\u00f5rk on v\u00e4ga tugev ja peab vastu v\u00e4hemalt 8 aastat.<\/li>\n<\/ul>\n","protected":false},"featured_media":5104,"template":"","meta":{"_acf_changed":false,"_seopress_robots_primary_cat":"none","_seopress_titles_title":"","_seopress_titles_desc":"Mutiv\u00f5rk 1\u00d720m - V\u00f5rk paigaldatakse pinnasele enne muru rajamist ning see kaitseb ideaalselt \u00f5uemuru, m\u00e4ngu- ja golfiv\u00e4ljakuid. Silma suurus 16\u00d714 mm","_seopress_robots_index":"","_gspb_post_css":""},"product_brand":[],"product_cat":[15,227,174],"product_tag":[],"class_list":{"0":"post-5025","1":"product","2":"type-product","3":"status-publish","4":"has-post-thumbnail","6":"product_cat-koik-kategooriad","7":"product_cat-muti-ja-janese-vork","8":"product_cat-taime-ja-pinnasekatted","9":"product_shipping_class-ei-mahu-automaati","11":"first","12":"instock","13":"taxable","14":"shipping-taxable","15":"purchasable","16":"product-type-simple"},"ct_brands":[],"acf":[],"_links":{"self":[{"href":"https:\/\/agrozone.ee\/en\/wp-json\/wp\/v2\/product\/5025","targetHints":{"allow":["GET"]}}],"collection":[{"href":"https:\/\/agrozone.ee\/en\/wp-json\/wp\/v2\/product"}],"about":[{"href":"https:\/\/agrozone.ee\/en\/wp-json\/wp\/v2\/types\/product"}],"wp:featuredmedia":[{"embeddable":true,"href":"https:\/\/agrozone.ee\/en\/wp-json\/wp\/v2\/media\/5104"}],"wp:attachment":[{"href":"https:\/\/agrozone.ee\/en\/wp-json\/wp\/v2\/media?parent=5025"}],"wp:term":[{"taxonomy":"product_brand","embeddable":true,"href":"https:\/\/agrozone.ee\/en\/wp-json\/wp\/v2\/product_brand?post=5025"},{"taxonomy":"product_cat","embeddable":true,"href":"https:\/\/agrozone.ee\/en\/wp-json\/wp\/v2\/product_cat?post=5025"},{"taxonomy":"product_tag","embeddable":true,"href":"https:\/\/agrozone.ee\/en\/wp-json\/wp\/v2\/product_tag?post=5025"}],"curies":[{"name":"wp","href":"https:\/\/api.w.org\/{rel}","templated":true}]}}