{"id":50348,"date":"2025-05-29T15:36:30","date_gmt":"2025-05-29T13:36:30","guid":{"rendered":"https:\/\/agrozone.ee\/?post_type=product&#038;p=50348"},"modified":"2025-05-29T15:36:32","modified_gmt":"2025-05-29T13:36:32","slug":"algliide-pe-16-3-4vk-kuusk","status":"publish","type":"product","link":"https:\/\/agrozone.ee\/en\/product\/algliide-pe-16-3-4vk-kuusk\/","title":{"rendered":"Algliide PE 16-3\/4&#8243;vk, kuusk"},"content":{"rendered":"<p>Algliide PE-torule l\u00e4bim\u00f5\u00f5duga 16 mm.<br \/>\nKeermem\u00f5\u00f5t: v\u00e4liskeere 3\/4\u2033.<br \/>\nKuuskliide.<\/p>\n","protected":false},"excerpt":{"rendered":"<p>Algliide PE-torule l\u00e4bim\u00f5\u00f5duga 16 mm. Keermem\u00f5\u00f5t: v\u00e4liskeere 3\/4\u2033. Kuuskliide.<\/p>\n","protected":false},"featured_media":50351,"template":"","meta":{"_acf_changed":false,"_seopress_robots_primary_cat":"","_seopress_titles_title":"","_seopress_titles_desc":"","_seopress_robots_index":"","_gspb_post_css":""},"product_brand":[],"product_cat":[1092,15,1107],"product_tag":[],"class_list":{"0":"post-50348","1":"product","2":"type-product","3":"status-publish","4":"has-post-thumbnail","6":"product_cat-kastmissusteemid","7":"product_cat-koik-kategooriad","8":"product_cat-tilk-ja-imbkastmissusteemi-liitmikud","10":"first","11":"instock","12":"taxable","13":"shipping-taxable","14":"purchasable","15":"product-type-simple"},"ct_brands":[],"acf":[],"_links":{"self":[{"href":"https:\/\/agrozone.ee\/en\/wp-json\/wp\/v2\/product\/50348","targetHints":{"allow":["GET"]}}],"collection":[{"href":"https:\/\/agrozone.ee\/en\/wp-json\/wp\/v2\/product"}],"about":[{"href":"https:\/\/agrozone.ee\/en\/wp-json\/wp\/v2\/types\/product"}],"wp:featuredmedia":[{"embeddable":true,"href":"https:\/\/agrozone.ee\/en\/wp-json\/wp\/v2\/media\/50351"}],"wp:attachment":[{"href":"https:\/\/agrozone.ee\/en\/wp-json\/wp\/v2\/media?parent=50348"}],"wp:term":[{"taxonomy":"product_brand","embeddable":true,"href":"https:\/\/agrozone.ee\/en\/wp-json\/wp\/v2\/product_brand?post=50348"},{"taxonomy":"product_cat","embeddable":true,"href":"https:\/\/agrozone.ee\/en\/wp-json\/wp\/v2\/product_cat?post=50348"},{"taxonomy":"product_tag","embeddable":true,"href":"https:\/\/agrozone.ee\/en\/wp-json\/wp\/v2\/product_tag?post=50348"}],"curies":[{"name":"wp","href":"https:\/\/api.w.org\/{rel}","templated":true}]}}