{"id":5039,"date":"2024-06-09T16:12:20","date_gmt":"2024-06-09T13:12:20","guid":{"rendered":"https:\/\/agrozone.ee\/?post_type=product&#038;p=5039"},"modified":"2026-01-16T12:16:31","modified_gmt":"2026-01-16T10:16:31","slug":"geotekstiil-1x10m","status":"publish","type":"product","link":"https:\/\/agrozone.ee\/en\/product\/geotekstiil-1x10m\/","title":{"rendered":"Geotekstiil 1x10m"},"content":{"rendered":"<p><strong>Geotekstiil 1&#215;10 m, 10 m\u00b2, 100 g\/m\u00b2 hall<\/strong><\/p>\n<ul>\n<li>Geotekstiil on spetsiaalselt v\u00e4ljat\u00f6\u00f6tatud kerge pinnakattematerjal, kasutamiseks aianduses ja haljastuses.<\/li>\n<li>Pol\u00fcprop\u00fcleenmaterjal on vastupidav ultraviolettkiirguse ja mullas leiduvatele \u00fchendite suhtes.<\/li>\n<li>Kangas takistab umbrohu kasvu ja kiirendab ka noorte taimede juurdumist, kuna hoiab pinnase niiske ja sooja.<\/li>\n<li>Geotekstiili v\u00f5ib kasutada ka erinevate pinnasekihtide eraldamiseks, n\u00e4iteks drenaa\u017ei ja substraadi vahel lillepeenras.<\/li>\n<li>Geotekstiiliga kaetud istutusalal s\u00e4ilib muld kohevamana kui peenravaiba v\u00f5i geotekstiiliga kaetud peenras.<\/li>\n<li>Geotekstiili kare pind takistab tigude ja n\u00e4lkjate tegutsemist taimede vahel.<\/li>\n<li>Olenevalt kasutuskohast peab vastu 5-6 aastat.<\/li>\n<\/ul>\n<h4>Kasutusjuhend<\/h4>\n<ul>\n<li>Kangas laotatakse ettevalmistatud pinnasele ja l\u00f5igatakse terava noaga istutusaugud, servad kinnitatakse kas mulla v\u00f5i spetsiaalsete kinnitusharkidega.<\/li>\n<li>Haljastuses v\u00f5ib taimede \u00fcmbruse katta koorepuru v\u00f5i dekoratiivkillustikuga.<\/li>\n<\/ul>\n","protected":false},"excerpt":{"rendered":"<ul>\n<li>100 g\/m\u00b2<\/li>\n<li>Geotekstiil on, \u00f5hku ja vett l\u00e4bilaskev kangas.<\/li>\n<li>Kangas takistab erinevate pinnasekihtide omavahelist segunemist.<\/li>\n<li>Geotekstiil on spetsiaalselt v\u00e4ljat\u00f6\u00f6tatud kerge pinnakattematerjal, kasutamiseks aianduses ja haljastuses.<\/li>\n<li>Pol\u00fcprop\u00fcleenmaterjal on vastupidav ultraviolettkiirguse ja mullas leiduvatele \u00fchendite suhtes.<\/li>\n<li>Kangas takistab umbrohu kasvu ja kiirendab ka noorte taimede juurdumist, kuna hoiab pinnase niiske ja sooja.<\/li>\n<li>Geotekstiili v\u00f5ib kasutada ka erinevate pinnasekihtide eraldamiseks, n\u00e4iteks drenaa\u017ei ja substraadi vahel lillepeenras.<\/li>\n<\/ul>\n","protected":false},"featured_media":5110,"template":"","meta":{"_acf_changed":false,"_seopress_robots_primary_cat":"none","_seopress_titles_title":"","_seopress_titles_desc":"Geotekstiil 1x10m on spetsiaalselt v\u00e4ljat\u00f6\u00f6tatud kerge pinnakattematerjal, kasutamiseks aianduses ja haljastuses. \u00d5hku ja vett l\u00e4bilaskev kangas.","_seopress_robots_index":"","_gspb_post_css":""},"product_brand":[],"product_cat":[15,174,175],"product_tag":[],"class_list":{"0":"post-5039","1":"product","2":"type-product","3":"status-publish","4":"has-post-thumbnail","6":"product_cat-koik-kategooriad","7":"product_cat-taime-ja-pinnasekatted","8":"product_cat-tekstiilmults","9":"product_shipping_class-ei-mahu-automaati","11":"first","12":"instock","13":"taxable","14":"shipping-taxable","15":"purchasable","16":"product-type-simple"},"ct_brands":[],"acf":[],"_links":{"self":[{"href":"https:\/\/agrozone.ee\/en\/wp-json\/wp\/v2\/product\/5039","targetHints":{"allow":["GET"]}}],"collection":[{"href":"https:\/\/agrozone.ee\/en\/wp-json\/wp\/v2\/product"}],"about":[{"href":"https:\/\/agrozone.ee\/en\/wp-json\/wp\/v2\/types\/product"}],"wp:featuredmedia":[{"embeddable":true,"href":"https:\/\/agrozone.ee\/en\/wp-json\/wp\/v2\/media\/5110"}],"wp:attachment":[{"href":"https:\/\/agrozone.ee\/en\/wp-json\/wp\/v2\/media?parent=5039"}],"wp:term":[{"taxonomy":"product_brand","embeddable":true,"href":"https:\/\/agrozone.ee\/en\/wp-json\/wp\/v2\/product_brand?post=5039"},{"taxonomy":"product_cat","embeddable":true,"href":"https:\/\/agrozone.ee\/en\/wp-json\/wp\/v2\/product_cat?post=5039"},{"taxonomy":"product_tag","embeddable":true,"href":"https:\/\/agrozone.ee\/en\/wp-json\/wp\/v2\/product_tag?post=5039"}],"curies":[{"name":"wp","href":"https:\/\/api.w.org\/{rel}","templated":true}]}}