{"id":5040,"date":"2024-06-09T16:12:20","date_gmt":"2024-06-09T13:12:20","guid":{"rendered":"https:\/\/agrozone.ee\/?post_type=product&#038;p=5040"},"modified":"2025-08-05T11:21:13","modified_gmt":"2025-08-05T09:21:13","slug":"kiletunnel-kahe-kilega","status":"publish","type":"product","link":"https:\/\/agrozone.ee\/en\/product\/kiletunnel-kahe-kilega\/","title":{"rendered":"Kiletunnel kahe kilega"},"content":{"rendered":"<p><strong>Kiletunnel kahe kilega 0,9 x 2,5m (tavaline ja perforeeritud)<\/strong><\/p>\n<div class=\"flex-1 overflow-hidden\">\n<div class=\"react-scroll-to-bottom--css-gvcky-79elbk h-full\">\n<div class=\"react-scroll-to-bottom--css-gvcky-1n7m0yu\">\n<div class=\"flex flex-col text-sm pb-9\">\n<div class=\"w-full text-token-text-primary\" dir=\"auto\" data-testid=\"conversation-turn-3\">\n<div class=\"px-4 py-2 justify-center text-base md:gap-6 m-auto\">\n<div class=\"flex flex-1 text-base mx-auto gap-3 juice:gap-4 juice:md:gap-6 md:px-5 lg:px-1 xl:px-5 md:max-w-3xl lg:max-w-[40rem] xl:max-w-[48rem] group final-completion\">\n<div class=\"relative flex w-full flex-col agent-turn\">\n<div class=\"flex-col gap-1 md:gap-3\">\n<div class=\"flex flex-grow flex-col max-w-full\">\n<div class=\"min-h-[20px] text-message flex flex-col items-start gap-3 whitespace-pre-wrap break-words [.text-message+&amp;]:mt-5 overflow-x-auto\" dir=\"auto\" data-message-author-role=\"assistant\" data-message-id=\"49c1f7c4-9098-417e-8528-9f80e426c132\">\n<div class=\"markdown prose w-full break-words dark:prose-invert dark\">\n<ul>\n<li>Kiletunnel on praktiline ja t\u00f5hus vahend taimekasvatuseks, olles varustatud kahe kilega, \u00fcks tavaline ja teine perforeeritud.<\/li>\n<li>Selle m\u00f5\u00f5tmed on 0,9 meetrit lai ja 2,5 meetrit pikk.<\/li>\n<li>See v\u00e4ike struktuur pakub mitmeid eeliseid taimede kasvatamisel.<\/li>\n<li>Esiteks, kiletunnel kiirendab taimede kasvu, luues optimaalseid tingimusi nende arenguks.<\/li>\n<li>Temperatuuri ja niiskust on lihtne kontrollida ning reguleerida, tagades taimedele sobiva keskkonna nende kasvuks ja viljade k\u00fcpsemiseks.<\/li>\n<li>Lisaks taimede arengu kiirendamisele pakub kiletunnel ka kaitset \u00e4\u00e4rmuslike ilmastikutingimuste eest.<\/li>\n<li>Tuule, vihma, rahe v\u00f5i \u00e4kiliste temperatuurimuutuste eest kaitstuna on taimedel parem v\u00f5imalus kasvada ja saaki anda.<\/li>\n<li>Perforeeritud kile lisab veel \u00fche eelise, v\u00f5imaldades \u00f5huringlust, mis on oluline taimede tervisele.<\/li>\n<li>See hoiab \u00e4ra niiskuse kogunemise ja v\u00f5imaldab taimedel hingata, v\u00e4hendades seel\u00e4bi haiguste ja hallituse teket.<\/li>\n<li>Kile on valmistatud PE-materjalist, mis tagab taimede parema idanemise ja kasvu.<\/li>\n<li>Painduvad kaared v\u00f5imaldavad reguleerida tunneli laiust, standard laius 90cm.<\/li>\n<li>Tunnel on valmistatud kvaliteetsest materjalist, mis peab vastu ilmastikutingimustele ja UV-le.<\/li>\n<li>Korduvkasutatav.<\/li>\n<\/ul>\n<p>Kokkuv\u00f5ttes on kiletunnel mitmek\u00fclgne ja kasulik t\u00f6\u00f6riist taimede kasvatamisel, pakkudes optimaalseid tingimusi nende arenguks ja kaitset ilmastikutingimuste eest.<\/p>\n<\/div>\n<\/div>\n<\/div>\n<\/div>\n<\/div>\n<\/div>\n<\/div>\n<\/div>\n<\/div>\n<\/div>\n<\/div>\n<\/div>\n<div class=\"w-full pt-2 md:pt-0 dark:border-white\/20 md:border-transparent md:dark:border-transparent md:w-[calc(100%-.5rem)]\">\n<form class=\"stretch mx-2 flex flex-row gap-3 last:mb-2 md:mx-4 md:last:mb-6 lg:mx-auto lg:max-w-2xl xl:max-w-3xl\">\n<div class=\"relative flex h-full flex-1 flex-col\">\n<div class=\"flex w-full items-center\"><\/div>\n<\/div>\n<\/form>\n<\/div>\n<h3>Kasutusjuhend<\/h3>\n<ul>\n<li>Paigaldage tunnel vastavalt pakendil olevale juhisele.<\/li>\n<li>Valmistage peenar ette ja kobestage muld.<\/li>\n<li>\u00dchendage kaared lahti.<\/li>\n<li>Vajutage kaared 10 cm s\u00fcgavusele mulla sisse.<\/li>\n<li>Kaarte vaheline kaugus v\u00f5iks olla 60cm.<\/li>\n<li>Kinnitage n\u00f6\u00f6r iga kaare k\u00fclge vastavalt joonisele, et tugevdada konstruktsiooni j\u00e4ikust.<\/li>\n<li>\u00dchendage n\u00f6\u00f6ri m\u00f5lemad otsad plastikpiikidega maapinda.<\/li>\n<li>Asetage kile masse paigaldatud konstruktsioonile.<\/li>\n<li>Kinnitage kile m\u00f5lemal pool tugikaari plastikpiikidega.<\/li>\n<li>Keera kiletunneli m\u00f5lemad otsad kokku ning kinnita need maasse metallist kinnituspiikidega.<\/li>\n<li>Varakevadel taimede k\u00fclvamisel paigalda perforeerimata kile, et kiletunnelisse j\u00e4\u00e4ks piisavalt soojust ja niiskust.<\/li>\n<li>\u00d6\u00f6k\u00fclmade m\u00f6\u00f6dumisel asenda perforeeritud kilega, et liigne p\u00e4evane p\u00e4ikesesoojus kiletunnelit kuumaks ei k\u00fctaks ning seel\u00e4bi taimi ei kahjustaks.<\/li>\n<li>Taimede hooldamiseks nagu kastmine, v\u00e4etamine v\u00f5i rohimine, avage kile \u00fcks k\u00fclg ja keerake see \u00fcle raami \u00fclaosa.<\/li>\n<\/ul>\n","protected":false},"excerpt":{"rendered":"<p><strong>Kiletunnel kahe kilega 0,9 x 2,5m (tavaline ja perforeeritud)<\/strong><\/p>\n<ul>\n<li>Kiletunnel on praktiline ja t\u00f5hus vahend taimekasvatuseks, olles varustatud kahe kilega, \u00fcks tavaline ja teine perforeeritud.<\/li>\n<li>Selle m\u00f5\u00f5tmed on 0,9 meetrit lai ja 2,5 meetrit pikk.<\/li>\n<li>See v\u00e4ike struktuur pakub mitmeid eeliseid taimede kasvatamisel.<\/li>\n<li>Esiteks, kiletunnel kiirendab taimede kasvu, luues optimaalseid tingimusi nende arenguks.<\/li>\n<li>Temperatuuri ja niiskust on lihtne kontrollida ning reguleerida, tagades taimedele sobiva keskkonna nende kasvuks ja viljade k\u00fcpsemiseks.<\/li>\n<li>Perforeeritud kile lisab veel \u00fche eelise, v\u00f5imaldades \u00f5huringlust, mis on oluline taimede tervisele.<\/li>\n<li>See hoiab \u00e4ra niiskuse kogunemise ja v\u00f5imaldab taimedel hingata, v\u00e4hendades seel\u00e4bi haiguste ja hallituse teket.<\/li>\n<\/ul>\n","protected":false},"featured_media":5112,"template":"","meta":{"_acf_changed":false,"_seopress_robots_primary_cat":"","_seopress_titles_title":"","_seopress_titles_desc":"Kiletunnel kahe kilega - Kiletunnel kiirendab taimede kasvu hoides temperatuuri ja niiskust, ning kaitseb hetlike ilmaolude eest.","_seopress_robots_index":"","_gspb_post_css":""},"product_brand":[],"product_cat":[233,15,174],"product_tag":[],"class_list":{"0":"post-5040","1":"product","2":"type-product","3":"status-publish","4":"has-post-thumbnail","6":"product_cat-kasvuhoonekiled","7":"product_cat-koik-kategooriad","8":"product_cat-taime-ja-pinnasekatted","10":"first","11":"instock","12":"taxable","13":"shipping-taxable","14":"purchasable","15":"product-type-simple"},"ct_brands":[],"acf":[],"_links":{"self":[{"href":"https:\/\/agrozone.ee\/en\/wp-json\/wp\/v2\/product\/5040","targetHints":{"allow":["GET"]}}],"collection":[{"href":"https:\/\/agrozone.ee\/en\/wp-json\/wp\/v2\/product"}],"about":[{"href":"https:\/\/agrozone.ee\/en\/wp-json\/wp\/v2\/types\/product"}],"wp:featuredmedia":[{"embeddable":true,"href":"https:\/\/agrozone.ee\/en\/wp-json\/wp\/v2\/media\/5112"}],"wp:attachment":[{"href":"https:\/\/agrozone.ee\/en\/wp-json\/wp\/v2\/media?parent=5040"}],"wp:term":[{"taxonomy":"product_brand","embeddable":true,"href":"https:\/\/agrozone.ee\/en\/wp-json\/wp\/v2\/product_brand?post=5040"},{"taxonomy":"product_cat","embeddable":true,"href":"https:\/\/agrozone.ee\/en\/wp-json\/wp\/v2\/product_cat?post=5040"},{"taxonomy":"product_tag","embeddable":true,"href":"https:\/\/agrozone.ee\/en\/wp-json\/wp\/v2\/product_tag?post=5040"}],"curies":[{"name":"wp","href":"https:\/\/api.w.org\/{rel}","templated":true}]}}