{"id":50417,"date":"2025-05-30T07:05:13","date_gmt":"2025-05-30T05:05:13","guid":{"rendered":"https:\/\/agrozone.ee\/?post_type=product&#038;p=50417"},"modified":"2025-05-30T07:05:15","modified_gmt":"2025-05-30T05:05:15","slug":"coolnet-4-x-75-l-h","status":"publish","type":"product","link":"https:\/\/agrozone.ee\/en\/product\/coolnet-4-x-75-l-h\/","title":{"rendered":"Coolnet 4 x 7,5 l\/h"},"content":{"rendered":"<p>V\u00e4ga v\u00e4ikese piisasuurusega staatiline udustuspihusti CoolNet on spetsiaalselt m\u00f5eldud kasvuhoonete jahutamiseks ja niisutamiseks ning taimede paljundamisel juurdumise soodustamiseks.<\/p>\n<p>Tehniline kirjeldus\u200b:<br \/>\nStaatiline udustuspihusti tootlikkusega: 7,5 l\/h x 4 d\u00fc\u00fcsi<br \/>\nNominaalne tootlikkus 4,0 bar r\u00f5hu juures.<br \/>\nR\u00f5hu vahemik: 3,0-5,0 bar.<br \/>\nFiltreerimismeetod tuleb valida vastavalt vees esinevatele saasteainete liigile ja kontsentratsioonile.<br \/>\nSisendi liitmik: pressliitmik.<\/p>\n","protected":false},"excerpt":{"rendered":"<p>V\u00e4ga v\u00e4ikese piisasuurusega staatiline udustuspihusti CoolNet on spetsiaalselt m\u00f5eldud kasvuhoonete jahutamiseks ja niisutamiseks ning taimede paljundamisel juurdumise soodustamiseks. Tehniline kirjeldus\u200b: Staatiline udustuspihusti tootlikkusega: 7,5 l\/h x 4 d\u00fc\u00fcsi Nominaalne tootlikkus 4,0 bar r\u00f5hu juures. R\u00f5hu vahemik: 3,0-5,0 bar. Filtreerimismeetod tuleb valida vastavalt vees esinevatele saasteainete liigile ja kontsentratsioonile. Sisendi liitmik: pressliitmik.<\/p>\n","protected":false},"featured_media":50420,"template":"","meta":{"_acf_changed":false,"_seopress_robots_primary_cat":"","_seopress_titles_title":"","_seopress_titles_desc":"","_seopress_robots_index":"","_gspb_post_css":""},"product_brand":[],"product_cat":[1092,15,1107],"product_tag":[],"class_list":{"0":"post-50417","1":"product","2":"type-product","3":"status-publish","4":"has-post-thumbnail","6":"product_cat-kastmissusteemid","7":"product_cat-koik-kategooriad","8":"product_cat-tilk-ja-imbkastmissusteemi-liitmikud","10":"first","11":"instock","12":"taxable","13":"shipping-taxable","14":"purchasable","15":"product-type-simple"},"ct_brands":[],"acf":[],"_links":{"self":[{"href":"https:\/\/agrozone.ee\/en\/wp-json\/wp\/v2\/product\/50417","targetHints":{"allow":["GET"]}}],"collection":[{"href":"https:\/\/agrozone.ee\/en\/wp-json\/wp\/v2\/product"}],"about":[{"href":"https:\/\/agrozone.ee\/en\/wp-json\/wp\/v2\/types\/product"}],"wp:featuredmedia":[{"embeddable":true,"href":"https:\/\/agrozone.ee\/en\/wp-json\/wp\/v2\/media\/50420"}],"wp:attachment":[{"href":"https:\/\/agrozone.ee\/en\/wp-json\/wp\/v2\/media?parent=50417"}],"wp:term":[{"taxonomy":"product_brand","embeddable":true,"href":"https:\/\/agrozone.ee\/en\/wp-json\/wp\/v2\/product_brand?post=50417"},{"taxonomy":"product_cat","embeddable":true,"href":"https:\/\/agrozone.ee\/en\/wp-json\/wp\/v2\/product_cat?post=50417"},{"taxonomy":"product_tag","embeddable":true,"href":"https:\/\/agrozone.ee\/en\/wp-json\/wp\/v2\/product_tag?post=50417"}],"curies":[{"name":"wp","href":"https:\/\/api.w.org\/{rel}","templated":true}]}}