{"id":50441,"date":"2025-05-30T07:17:37","date_gmt":"2025-05-30T05:17:37","guid":{"rendered":"https:\/\/agrozone.ee\/?post_type=product&#038;p=50441"},"modified":"2025-05-30T07:17:38","modified_gmt":"2025-05-30T05:17:38","slug":"ph-mootja-tm2","status":"publish","type":"product","link":"https:\/\/agrozone.ee\/en\/product\/ph-mootja-tm2\/","title":{"rendered":"pH m\u00f5\u00f5tja TM2"},"content":{"rendered":"<p>Taskuformaadis m\u00f5\u00f5teseade pH v\u00e4\u00e4rtuse ja temperatuuri m\u00f5\u00f5tmiseks.<\/p>\n<p>PH-TM2 on vahetatava anduriga pritsmekindel taskutester pH\/temperatuuri m\u00f5\u00f5tmiseks vedelikest. Kaherealine LCD ekraan (loeb pH-d ja temperatuuri) ja sisseehitatud HOLD funktsioon. Sisaldab stabiilsusindikaatorit, automaatset kalibreerimist ja automaatset temperatuuri kompensatsiooni.<\/p>\n<p>M\u00f5\u00f5teseadega on kaasas kaks pH kalibreerimislahust ( pH 4,0\/7,0), kaitsekork, 4 x 1,5 V patareid ja kasutusjuhend.<\/p>\n<p>Tehnilised andmed<br \/>\nVahemik: 0,0 \u2013 14,0 pH \/ -5,0 \u2013 60,0\u00b0C<br \/>\nResolutsioon: 0,1 pH \/ 0,1\u00b0C<br \/>\nT\u00e4psus: \u00b10,1 pH, \u00b10,5 K<br \/>\nKalibreerimine: automaatne, 1- v\u00f5i 2- punktiline (pH 4,0, 7,0, v\u00f5i 10,0)<br \/>\nTemperatuuri kompensatsioon: automaatne, -0,5 \u2013 60,0 \u00b0C<br \/>\nV\u00f5imsus: 4 x 1,5 V\/ u 300 tundi<br \/>\nAutomaatne v\u00e4ljal\u00fclitusfunktsioon: jah<br \/>\nT\u00f6\u00f6keskkond: 0 \u2013 50\u00b0C; maksimaalne suhteline niiskus 100%<\/p>\n","protected":false},"excerpt":{"rendered":"<p>Taskuformaadis m\u00f5\u00f5teseade pH v\u00e4\u00e4rtuse ja temperatuuri m\u00f5\u00f5tmiseks. PH-TM2 on vahetatava anduriga pritsmekindel taskutester pH\/temperatuuri m\u00f5\u00f5tmiseks vedelikest. Kaherealine LCD ekraan (loeb pH-d ja temperatuuri) ja sisseehitatud HOLD funktsioon. Sisaldab stabiilsusindikaatorit, automaatset kalibreerimist ja automaatset temperatuuri kompensatsiooni. M\u00f5\u00f5teseadega on kaasas kaks pH kalibreerimislahust ( pH 4,0\/7,0), kaitsekork, 4 x 1,5 V patareid ja kasutusjuhend. Tehnilised andmed Vahemik: [&hellip;]<\/p>\n","protected":false},"featured_media":50444,"template":"","meta":{"_acf_changed":false,"_seopress_robots_primary_cat":"","_seopress_titles_title":"","_seopress_titles_desc":"","_seopress_robots_index":"","_gspb_post_css":""},"product_brand":[],"product_cat":[1092,15,1389],"product_tag":[],"class_list":{"0":"post-50441","1":"product","2":"type-product","3":"status-publish","4":"has-post-thumbnail","6":"product_cat-kastmissusteemid","7":"product_cat-koik-kategooriad","8":"product_cat-tarvikud-kastmissusteemid","10":"first","11":"instock","12":"taxable","13":"shipping-taxable","14":"purchasable","15":"product-type-simple"},"ct_brands":[],"acf":[],"_links":{"self":[{"href":"https:\/\/agrozone.ee\/en\/wp-json\/wp\/v2\/product\/50441","targetHints":{"allow":["GET"]}}],"collection":[{"href":"https:\/\/agrozone.ee\/en\/wp-json\/wp\/v2\/product"}],"about":[{"href":"https:\/\/agrozone.ee\/en\/wp-json\/wp\/v2\/types\/product"}],"wp:featuredmedia":[{"embeddable":true,"href":"https:\/\/agrozone.ee\/en\/wp-json\/wp\/v2\/media\/50444"}],"wp:attachment":[{"href":"https:\/\/agrozone.ee\/en\/wp-json\/wp\/v2\/media?parent=50441"}],"wp:term":[{"taxonomy":"product_brand","embeddable":true,"href":"https:\/\/agrozone.ee\/en\/wp-json\/wp\/v2\/product_brand?post=50441"},{"taxonomy":"product_cat","embeddable":true,"href":"https:\/\/agrozone.ee\/en\/wp-json\/wp\/v2\/product_cat?post=50441"},{"taxonomy":"product_tag","embeddable":true,"href":"https:\/\/agrozone.ee\/en\/wp-json\/wp\/v2\/product_tag?post=50441"}],"curies":[{"name":"wp","href":"https:\/\/api.w.org\/{rel}","templated":true}]}}