{"id":50448,"date":"2025-05-30T07:18:56","date_gmt":"2025-05-30T05:18:56","guid":{"rendered":"https:\/\/agrozone.ee\/?post_type=product&#038;p=50448"},"modified":"2025-05-30T07:18:57","modified_gmt":"2025-05-30T05:18:57","slug":"ph-mootja-tm2-andur","status":"publish","type":"product","link":"https:\/\/agrozone.ee\/en\/product\/ph-mootja-tm2-andur\/","title":{"rendered":"pH m\u00f5\u00f5tja TM2 andur"},"content":{"rendered":"<p>pH m\u00f5\u00f5tja TM 2 anduriga.<\/p>\n","protected":false},"excerpt":{"rendered":"<p>pH m\u00f5\u00f5tja TM 2 anduriga.<\/p>\n","protected":false},"featured_media":50451,"template":"","meta":{"_acf_changed":false,"_seopress_robots_primary_cat":"","_seopress_titles_title":"","_seopress_titles_desc":"","_seopress_robots_index":"","_gspb_post_css":""},"product_brand":[],"product_cat":[15],"product_tag":[],"class_list":{"0":"post-50448","1":"product","2":"type-product","3":"status-publish","4":"has-post-thumbnail","6":"product_cat-koik-kategooriad","8":"first","9":"instock","10":"taxable","11":"shipping-taxable","12":"purchasable","13":"product-type-simple"},"ct_brands":[],"acf":[],"_links":{"self":[{"href":"https:\/\/agrozone.ee\/en\/wp-json\/wp\/v2\/product\/50448","targetHints":{"allow":["GET"]}}],"collection":[{"href":"https:\/\/agrozone.ee\/en\/wp-json\/wp\/v2\/product"}],"about":[{"href":"https:\/\/agrozone.ee\/en\/wp-json\/wp\/v2\/types\/product"}],"wp:featuredmedia":[{"embeddable":true,"href":"https:\/\/agrozone.ee\/en\/wp-json\/wp\/v2\/media\/50451"}],"wp:attachment":[{"href":"https:\/\/agrozone.ee\/en\/wp-json\/wp\/v2\/media?parent=50448"}],"wp:term":[{"taxonomy":"product_brand","embeddable":true,"href":"https:\/\/agrozone.ee\/en\/wp-json\/wp\/v2\/product_brand?post=50448"},{"taxonomy":"product_cat","embeddable":true,"href":"https:\/\/agrozone.ee\/en\/wp-json\/wp\/v2\/product_cat?post=50448"},{"taxonomy":"product_tag","embeddable":true,"href":"https:\/\/agrozone.ee\/en\/wp-json\/wp\/v2\/product_tag?post=50448"}],"curies":[{"name":"wp","href":"https:\/\/api.w.org\/{rel}","templated":true}]}}