{"id":5050,"date":"2024-06-09T16:12:41","date_gmt":"2024-06-09T13:12:41","guid":{"rendered":"https:\/\/agrozone.ee\/?post_type=product&#038;p=5050"},"modified":"2026-05-05T07:22:39","modified_gmt":"2026-05-05T05:22:39","slug":"seemnekartul-sunshine-5-kg","status":"publish","type":"product","link":"https:\/\/agrozone.ee\/en\/product\/seemnekartul-sunshine-5-kg\/","title":{"rendered":"Seemnekartul Sunshine 5 kg"},"content":{"rendered":"<p><strong>Seemnekartul Sunshine 5 kg<\/strong><\/p>\n<ul>\n<li>Sertifitseeritud seemnekartul.<\/li>\n<li>Kartul \u2018Sunshine\u2019 on v\u00e4ga varajane kollase sileda koorega, mugulad pikkovaalsed ja v\u00e4ga madalate silmadega, kollase kuni tumekollase sisuga kartulisort.<\/li>\n<li>Sobib v\u00e4rskelt tarbimiseks.<\/li>\n<li>Kartul \u2018Sunshine\u2019 on v\u00e4ga varajane, kiire algareng, keskmine puhkeperiood, mugulate arv peas keskmine, k\u00f5rge saak.<\/li>\n<li>Mugulad on kollase sileda koorega, pikkovaalsed, v\u00e4ga madalate silmadega, kollase kuni tumekollase sisuga.<\/li>\n<li>Kuivainesisaldus madal, B kasutust\u00fc\u00fcp, sobib v\u00e4rskelt tarbimiseks.<\/li>\n<li>K\u00f5rge resistentsus hariliku k\u00e4rna, pruunm\u00e4daniku, Y-viiruste ja m\u00e4rgm\u00e4daniku suhtes, keskmine resistentsus hariliku k\u00e4rna suhtes.<\/li>\n<li>Koristamisel ei teki tumedaid plekke ja koor kinnistub kiiresti.<\/li>\n<\/ul>\n","protected":false},"excerpt":{"rendered":"<p><em>Sertifitseeritud seemnekartul<\/em><\/p>\n","protected":false},"featured_media":5126,"template":"","meta":{"_acf_changed":false,"_seopress_robots_primary_cat":"none","_seopress_titles_title":"","_seopress_titles_desc":"Kartul Sunshine on v\u00e4ga varajane kollase sileda koorega, mugulad pikkovaalsed ja v\u00e4ga madalate silmadega, kollase kuni tumekollase sisuga kartulisort.","_seopress_robots_index":"","_seopress_analysis_target_kw":"Seemnekartul Sunshine 5 kg","_gspb_post_css":""},"product_brand":[],"product_cat":[15,87,994],"product_tag":[],"class_list":{"0":"post-5050","1":"product","2":"type-product","3":"status-publish","4":"has-post-thumbnail","6":"product_cat-koik-kategooriad","7":"product_cat-seemned","8":"product_cat-seemnekartul","10":"first","11":"outofstock","12":"taxable","13":"shipping-taxable","14":"purchasable","15":"product-type-simple"},"ct_brands":[],"acf":[],"_links":{"self":[{"href":"https:\/\/agrozone.ee\/en\/wp-json\/wp\/v2\/product\/5050","targetHints":{"allow":["GET"]}}],"collection":[{"href":"https:\/\/agrozone.ee\/en\/wp-json\/wp\/v2\/product"}],"about":[{"href":"https:\/\/agrozone.ee\/en\/wp-json\/wp\/v2\/types\/product"}],"wp:featuredmedia":[{"embeddable":true,"href":"https:\/\/agrozone.ee\/en\/wp-json\/wp\/v2\/media\/5126"}],"wp:attachment":[{"href":"https:\/\/agrozone.ee\/en\/wp-json\/wp\/v2\/media?parent=5050"}],"wp:term":[{"taxonomy":"product_brand","embeddable":true,"href":"https:\/\/agrozone.ee\/en\/wp-json\/wp\/v2\/product_brand?post=5050"},{"taxonomy":"product_cat","embeddable":true,"href":"https:\/\/agrozone.ee\/en\/wp-json\/wp\/v2\/product_cat?post=5050"},{"taxonomy":"product_tag","embeddable":true,"href":"https:\/\/agrozone.ee\/en\/wp-json\/wp\/v2\/product_tag?post=5050"}],"curies":[{"name":"wp","href":"https:\/\/api.w.org\/{rel}","templated":true}]}}