{"id":5071,"date":"2024-06-09T16:13:03","date_gmt":"2024-06-09T13:13:03","guid":{"rendered":"https:\/\/agrozone.ee\/?post_type=product&#038;p=5071"},"modified":"2026-01-01T01:02:14","modified_gmt":"2025-12-31T23:02:14","slug":"oksasaag-akuga-ry100","status":"publish","type":"product","link":"https:\/\/agrozone.ee\/en\/product\/oksasaag-akuga-ry100\/","title":{"rendered":"Oksasaag akuga RY100"},"content":{"rendered":"<p><strong>Oksasaag akuga RY100<\/strong><\/p>\n<ul>\n<li>RY100 on liitiumakuga elektriline oksasaag.<\/li>\n<li>Kasulik ja h\u00f5lpsasti k\u00e4sitsetav, t\u00e4nu 500W mootorile v\u00f5imaldab see l\u00f5igata kuni 80 mm okste.<\/li>\n<li>Automaatne m\u00e4\u00e4rimine hoiab keti alati \u00f5litatuna, samal ajal kui nikerdusraud h\u00f5lbustab l\u00f5ikamist ka k\u00f5ige paksemas lehestikus.<\/li>\n<li>Praktiline ava v\u00f5imaldab kiireks puhastamiseks otsest juurdep\u00e4\u00e4su mootoriruumi.<\/li>\n<\/ul>\n<p>RY100 on varustatud kahe akuga, akulaadijaga, \u00fcmbrisega, t\u00f6\u00f6riistajuhiga ja viilaga.<\/p>\n","protected":false},"excerpt":{"rendered":"<ul>\n<li>1.34 kg<\/li>\n<li>RY100 on liitiumakuga elektriline oksasaag.<\/li>\n<li>Kasulik ja h\u00f5lpsasti k\u00e4sitsetav, t\u00e4nu 500W mootorile v\u00f5imaldab see l\u00f5igata kuni 80 mm okste.<\/li>\n<li>Automaatne m\u00e4\u00e4rimine hoiab keti alati \u00f5litatuna, samal ajal kui nikerdusraud h\u00f5lbustab l\u00f5ikamist ka k\u00f5ige paksemas lehestikus.<\/li>\n<li>Praktiline ava v\u00f5imaldab kiireks puhastamiseks otsest juurdep\u00e4\u00e4su mootoriruumi.<\/li>\n<\/ul>\n","protected":false},"featured_media":5131,"template":"","meta":{"_acf_changed":false,"_seopress_robots_primary_cat":"none","_seopress_titles_title":"","_seopress_titles_desc":"Oksasaag akuga RY100 on liitiumakuga elektriline oksasaag. Kasulik ja h\u00f5lpsasti k\u00e4sitsetav, t\u00e4nu 500W mootorile v\u00f5imaldab see l\u00f5igata kuni 80 mm okste.","_seopress_robots_index":"","_gspb_post_css":""},"product_brand":[3000],"product_cat":[149,1070,1071,15],"product_tag":[],"class_list":{"0":"post-5071","1":"product","2":"type-product","3":"status-publish","4":"has-post-thumbnail","6":"product_brand-castellari","7":"product_cat-aiatarvikud","8":"product_cat-aiatooriistad","9":"product_cat-akuga-aiatooriistad","10":"product_cat-koik-kategooriad","12":"first","13":"instock","14":"sale","15":"featured","16":"taxable","17":"shipping-taxable","18":"purchasable","19":"product-type-simple"},"ct_brands":[{"id":3000,"name":"CASTELLARI","slug":"castellari"}],"acf":[],"_links":{"self":[{"href":"https:\/\/agrozone.ee\/en\/wp-json\/wp\/v2\/product\/5071","targetHints":{"allow":["GET"]}}],"collection":[{"href":"https:\/\/agrozone.ee\/en\/wp-json\/wp\/v2\/product"}],"about":[{"href":"https:\/\/agrozone.ee\/en\/wp-json\/wp\/v2\/types\/product"}],"wp:featuredmedia":[{"embeddable":true,"href":"https:\/\/agrozone.ee\/en\/wp-json\/wp\/v2\/media\/5131"}],"wp:attachment":[{"href":"https:\/\/agrozone.ee\/en\/wp-json\/wp\/v2\/media?parent=5071"}],"wp:term":[{"taxonomy":"product_brand","embeddable":true,"href":"https:\/\/agrozone.ee\/en\/wp-json\/wp\/v2\/product_brand?post=5071"},{"taxonomy":"product_cat","embeddable":true,"href":"https:\/\/agrozone.ee\/en\/wp-json\/wp\/v2\/product_cat?post=5071"},{"taxonomy":"product_tag","embeddable":true,"href":"https:\/\/agrozone.ee\/en\/wp-json\/wp\/v2\/product_tag?post=5071"}],"curies":[{"name":"wp","href":"https:\/\/api.w.org\/{rel}","templated":true}]}}