{"id":5072,"date":"2024-06-09T16:13:03","date_gmt":"2024-06-09T13:13:03","guid":{"rendered":"https:\/\/agrozone.ee\/?post_type=product&#038;p=5072"},"modified":"2025-12-17T09:50:03","modified_gmt":"2025-12-17T07:50:03","slug":"luisk-li5","status":"publish","type":"product","link":"https:\/\/agrozone.ee\/en\/product\/luisk-li5\/","title":{"rendered":"Luisk LI5"},"content":{"rendered":"<p><strong>Luisk LI5 &#8211; Suure abrasiivsusega korundist luisk.<\/strong><\/p>\n<ul>\n<li>Castellari terituskivi on kuiv kivi, mida saab kasutada t\u00f6\u00f6riistade, nagu oksak\u00e4\u00e4rid, hekik\u00e4\u00e4rid, oksak\u00e4\u00e4rid teritamiseks.<\/li>\n<li>Seda on lihtne kasutada, lihtsalt hoidke seda piki tera l\u00f5iketera ja lihvige m\u00f6\u00f6da umbes 5-10 korda.<\/li>\n<li>P\u00f6\u00f6rake tera \u00fcmber ja korrake 3-5 korda, et eemaldada k\u00f5ik kobedused.<\/li>\n<li>M\u00f5eldud kahe l\u00f5iketeraga k\u00e4\u00e4ride v\u00f5i oksatangide teritamiseks.<\/li>\n<\/ul>\n","protected":false},"excerpt":{"rendered":"<ul>\n<li>Castellari terituskivi on kuiv kivi, mida saab kasutada t\u00f6\u00f6riistade, nagu oksak\u00e4\u00e4rid, hekik\u00e4\u00e4rid, oksak\u00e4\u00e4rid teritamiseks.<\/li>\n<li>Seda on lihtne kasutada, lihtsalt hoidke seda piki tera l\u00f5iketera ja lihvige m\u00f6\u00f6da umbes 5-10 korda.<\/li>\n<li>P\u00f6\u00f6rake tera \u00fcmber ja korrake 3-5 korda, et eemaldada k\u00f5ik kobedused.<\/li>\n<\/ul>\n","protected":false},"featured_media":5140,"template":"","meta":{"_acf_changed":false,"_seopress_robots_primary_cat":"none","_seopress_titles_title":"","_seopress_titles_desc":"Luisk LI5 - Suure abrasiivsusega korundist luisk. Castellari kuiv kivi - saab kasutada t\u00f6\u00f6riistade, nagu oksak\u00e4\u00e4rid, hekik\u00e4\u00e4rid, oksak\u00e4\u00e4rid teritamiseks.","_seopress_robots_index":"","_gspb_post_css":""},"product_brand":[3000],"product_cat":[149,1070,15,1385],"product_tag":[],"class_list":{"0":"post-5072","1":"product","2":"type-product","3":"status-publish","4":"has-post-thumbnail","6":"product_brand-castellari","7":"product_cat-aiatarvikud","8":"product_cat-aiatooriistad","9":"product_cat-koik-kategooriad","10":"product_cat-tarvikud-ja-varuosad","12":"first","13":"instock","14":"taxable","15":"shipping-taxable","16":"purchasable","17":"product-type-simple"},"ct_brands":[{"id":3000,"name":"CASTELLARI","slug":"castellari"}],"acf":[],"_links":{"self":[{"href":"https:\/\/agrozone.ee\/en\/wp-json\/wp\/v2\/product\/5072","targetHints":{"allow":["GET"]}}],"collection":[{"href":"https:\/\/agrozone.ee\/en\/wp-json\/wp\/v2\/product"}],"about":[{"href":"https:\/\/agrozone.ee\/en\/wp-json\/wp\/v2\/types\/product"}],"wp:featuredmedia":[{"embeddable":true,"href":"https:\/\/agrozone.ee\/en\/wp-json\/wp\/v2\/media\/5140"}],"wp:attachment":[{"href":"https:\/\/agrozone.ee\/en\/wp-json\/wp\/v2\/media?parent=5072"}],"wp:term":[{"taxonomy":"product_brand","embeddable":true,"href":"https:\/\/agrozone.ee\/en\/wp-json\/wp\/v2\/product_brand?post=5072"},{"taxonomy":"product_cat","embeddable":true,"href":"https:\/\/agrozone.ee\/en\/wp-json\/wp\/v2\/product_cat?post=5072"},{"taxonomy":"product_tag","embeddable":true,"href":"https:\/\/agrozone.ee\/en\/wp-json\/wp\/v2\/product_tag?post=5072"}],"curies":[{"name":"wp","href":"https:\/\/api.w.org\/{rel}","templated":true}]}}