{"id":5073,"date":"2024-06-09T16:13:04","date_gmt":"2024-06-09T13:13:04","guid":{"rendered":"https:\/\/agrozone.ee\/?post_type=product&#038;p=5073"},"modified":"2026-03-26T14:40:02","modified_gmt":"2026-03-26T12:40:02","slug":"viil-acciaino","status":"publish","type":"product","link":"https:\/\/agrozone.ee\/en\/product\/viil-acciaino\/","title":{"rendered":"Viil Acciaino"},"content":{"rendered":"<p><strong>Viil Acciaino<\/strong><\/p>\n<ul>\n<li>Castellari Acciano viil on k\u00e4ep\u00e4rane teritaja on sama suur kui pliiats ja tal on ilus peenike teritusserv.<\/li>\n<li>See sobib ideaalselt k\u00f5igi teie aiat\u00f6\u00f6riistade ja ka k\u00f6\u00f6gis olevate t\u00fcmpsuvate k\u00e4\u00e4ride teritamiseks.<\/li>\n<li>K\u00e4\u00e4rid, oksak\u00e4\u00e4rid, oksasaagid ja isegi k\u00e4sit\u00f6\u00f6riistade terad muutuvad teravaks, kui seda paar korda \u00fcle libistada.<\/li>\n<li>Soovitatakse teie t\u00f6\u00f6riistade teritamiseks, sest need taastavad l\u00f5iketera, ilma et see kuluks \u00e4ra, mist\u00f5ttu tera kestab kauem.<\/li>\n<\/ul>\n","protected":false},"excerpt":{"rendered":"<ul>\n<li>Castellari Acciano viil on k\u00e4ep\u00e4rane teritaja on sama suur kui pliiats ja tal on ilus peenike teritusserv.<\/li>\n<li>See sobib ideaalselt k\u00f5igi teie aiat\u00f6\u00f6riistade ja ka k\u00f6\u00f6gis olevate t\u00fcmpsuvate k\u00e4\u00e4ride teritamiseks.<\/li>\n<li>K\u00e4\u00e4rid, oksak\u00e4\u00e4rid, oksasaagid ja isegi k\u00e4sit\u00f6\u00f6riistade terad muutuvad teravaks, kui seda paar korda \u00fcle libistada.<\/li>\n<li>Soovitatakse teie t\u00f6\u00f6riistade teritamiseks, sest need taastavad l\u00f5iketera, ilma et see kuluks \u00e4ra, mist\u00f5ttu tera kestab kauem.<\/li>\n<li><\/li>\n<\/ul>\n","protected":false},"featured_media":5141,"template":"","meta":{"_acf_changed":false,"_seopress_robots_primary_cat":"none","_seopress_titles_title":"","_seopress_titles_desc":"Viil Acciaino - Castellari Acciano viil on k\u00e4ep\u00e4rane teritaja on sama suur kui pliiats ja tal on ilus peenike teritusserv.","_seopress_robots_index":"","_gspb_post_css":""},"product_brand":[3000],"product_cat":[149,1070,15,1385],"product_tag":[],"class_list":{"0":"post-5073","1":"product","2":"type-product","3":"status-publish","4":"has-post-thumbnail","6":"product_brand-castellari","7":"product_cat-aiatarvikud","8":"product_cat-aiatooriistad","9":"product_cat-koik-kategooriad","10":"product_cat-tarvikud-ja-varuosad","12":"first","13":"instock","14":"taxable","15":"shipping-taxable","16":"purchasable","17":"product-type-simple"},"ct_brands":[{"id":3000,"name":"CASTELLARI","slug":"castellari"}],"acf":[],"_links":{"self":[{"href":"https:\/\/agrozone.ee\/en\/wp-json\/wp\/v2\/product\/5073","targetHints":{"allow":["GET"]}}],"collection":[{"href":"https:\/\/agrozone.ee\/en\/wp-json\/wp\/v2\/product"}],"about":[{"href":"https:\/\/agrozone.ee\/en\/wp-json\/wp\/v2\/types\/product"}],"wp:featuredmedia":[{"embeddable":true,"href":"https:\/\/agrozone.ee\/en\/wp-json\/wp\/v2\/media\/5141"}],"wp:attachment":[{"href":"https:\/\/agrozone.ee\/en\/wp-json\/wp\/v2\/media?parent=5073"}],"wp:term":[{"taxonomy":"product_brand","embeddable":true,"href":"https:\/\/agrozone.ee\/en\/wp-json\/wp\/v2\/product_brand?post=5073"},{"taxonomy":"product_cat","embeddable":true,"href":"https:\/\/agrozone.ee\/en\/wp-json\/wp\/v2\/product_cat?post=5073"},{"taxonomy":"product_tag","embeddable":true,"href":"https:\/\/agrozone.ee\/en\/wp-json\/wp\/v2\/product_tag?post=5073"}],"curies":[{"name":"wp","href":"https:\/\/api.w.org\/{rel}","templated":true}]}}