{"id":5098,"date":"2024-06-09T16:13:26","date_gmt":"2024-06-09T13:13:26","guid":{"rendered":"https:\/\/agrozone.ee\/?post_type=product&#038;p=5098"},"modified":"2025-09-30T06:57:46","modified_gmt":"2025-09-30T04:57:46","slug":"umbrohutorje-roundup-ultra-500-ml","status":"publish","type":"product","link":"https:\/\/agrozone.ee\/en\/product\/umbrohutorje-roundup-ultra-500-ml\/","title":{"rendered":"Umbrohut\u00f5rje Roundup Ultra 500 ml"},"content":{"rendered":"<p><strong>Umbrohut\u00f5rje Roundup Ultra 500 ml<\/strong><\/p>\n<ul>\n<li>500 ml &#8211; 217m<sup>2<\/sup><\/li>\n<li>Herbitsiid \u00fcheaastaste kaheiduleheliste umbrohtude t\u00f5rjumiseks teedel, radadel ja aladel, mis on vett l\u00e4bilaskva pinnaga ning dekoratiivpuude ja -p\u00f5\u00f5saste ridade vahel ning sammalde t\u00f5rjumiseks dekoratiivpuude ja -p\u00f5\u00f5saste ridade vahel.<\/li>\n<\/ul>\n<p><a href=\"https:\/\/agrozone.ee\/wp-content\/uploads\/2024\/10\/umbrohutorje_ultra_300000007741_ee_et_10_08022022_ef88f26e.pdf\"><strong>Ohutuskaart<\/strong><\/a><\/p>\n<p><strong><a href=\"https:\/\/agrozone.ee\/wp-content\/uploads\/2025\/09\/umbrohutorje-ultra-label.pdf\">Infoleht<\/a><\/strong><\/p>\n<h4>Kasutusjuhend<\/h4>\n<ul>\n<li>T\u00f5rjutav taimestik t\u00f6\u00f6delda hoolikalt.<\/li>\n<li>Kasuta vahendit ajal, mis on v\u00e4lja toodud etiketil ja lubatud kulunormiga.<\/li>\n<li>Maksimaalne kasutamine kasvuperioodil: 4 korda 7 \u2013 21 p\u00e4evase intervalliga.<\/li>\n<li>Kulunorm \u00fchekordseks kasutamiseks on 23 ml ainet 300-500 ml vees 10 m<sup>2<\/sup>.<\/li>\n<li>V\u00e4ltige t\u00f6\u00f6lahuse triivimist\/ sattumist pritsimis ala k\u00f5rval olevatele aladele ja taimedele.<\/li>\n<li>P\u00e4rast taimede pruunistumist ja kuivamist v\u00f5ib alustada k\u00fclvamist ja istutamist.<\/li>\n<li>Surnud v\u00f5i n\u00e4rbuvad taimed saab kompostida v\u00f5i maasse kaevata ilma, et see m\u00f5jutaks hiljem kasvavaid taimi.<\/li>\n<\/ul>\n","protected":false},"excerpt":{"rendered":"<ul>\n<li>500 ml &#8211; 217m<sup>2<\/sup><\/li>\n<li>Herbitsiid \u00fcheaastaste kaheiduleheliste umbrohtude t\u00f5rjumiseks teedel, radadel ja aladel, mis on vett l\u00e4bilaskva pinnaga ning dekoratiivpuude ja -p\u00f5\u00f5saste ridade vahel ning sammalde t\u00f5rjumiseks dekoratiivpuude ja -p\u00f5\u00f5saste ridade vahel.<\/li>\n<\/ul>\n<h4>Kasutusjuhend<\/h4>\n<ul>\n<li>T\u00f5rjutav taimestik t\u00f6\u00f6delda hoolikalt.<\/li>\n<li>Kasuta vahendit ajal, mis on v\u00e4lja toodud etiketil ja lubatud kulunormiga.<\/li>\n<li>Maksimaalne kasutamine kasvuperioodil: 4 korda 7 \u2013 21 p\u00e4evase intervalliga.<\/li>\n<li>Kulunorm \u00fchekordseks kasutamiseks on 23 ml ainet 300-500 ml vees 10 m<sup>2<\/sup>.<\/li>\n<\/ul>\n","protected":false},"featured_media":5156,"template":"","meta":{"_acf_changed":false,"_seopress_robots_primary_cat":"none","_seopress_titles_title":"","_seopress_titles_desc":"Umbrohut\u00f5rje Roundup Ultra 500 ml - 217m2. Herbitsiid \u00fcheaastaste kaheiduleheliste umbrohtude t\u00f5rjumiseks teedel, radadel ja aladel.","_seopress_robots_index":"","_gspb_post_css":""},"product_brand":[],"product_cat":[109,15,727],"product_tag":[],"class_list":{"0":"post-5098","1":"product","2":"type-product","3":"status-publish","4":"has-post-thumbnail","6":"product_cat-aia-ja-taimede-kaitse","7":"product_cat-koik-kategooriad","8":"product_cat-umbrohtude-torje","10":"first","11":"instock","12":"taxable","13":"shipping-taxable","14":"purchasable","15":"product-type-simple"},"ct_brands":[],"acf":[],"_links":{"self":[{"href":"https:\/\/agrozone.ee\/en\/wp-json\/wp\/v2\/product\/5098","targetHints":{"allow":["GET"]}}],"collection":[{"href":"https:\/\/agrozone.ee\/en\/wp-json\/wp\/v2\/product"}],"about":[{"href":"https:\/\/agrozone.ee\/en\/wp-json\/wp\/v2\/types\/product"}],"wp:featuredmedia":[{"embeddable":true,"href":"https:\/\/agrozone.ee\/en\/wp-json\/wp\/v2\/media\/5156"}],"wp:attachment":[{"href":"https:\/\/agrozone.ee\/en\/wp-json\/wp\/v2\/media?parent=5098"}],"wp:term":[{"taxonomy":"product_brand","embeddable":true,"href":"https:\/\/agrozone.ee\/en\/wp-json\/wp\/v2\/product_brand?post=5098"},{"taxonomy":"product_cat","embeddable":true,"href":"https:\/\/agrozone.ee\/en\/wp-json\/wp\/v2\/product_cat?post=5098"},{"taxonomy":"product_tag","embeddable":true,"href":"https:\/\/agrozone.ee\/en\/wp-json\/wp\/v2\/product_tag?post=5098"}],"curies":[{"name":"wp","href":"https:\/\/api.w.org\/{rel}","templated":true}]}}