{"id":5101,"date":"2024-06-09T16:13:26","date_gmt":"2024-06-09T13:13:26","guid":{"rendered":"https:\/\/agrozone.ee\/?post_type=product&#038;p=5101"},"modified":"2025-08-26T14:03:57","modified_gmt":"2025-08-26T12:03:57","slug":"kukemagun-50g","status":"publish","type":"product","link":"https:\/\/agrozone.ee\/en\/product\/kukemagun-50g\/","title":{"rendered":"Kukemagun 50g"},"content":{"rendered":"<p><strong>Kukemagun 50g &#8211; <i>Papaver rhoeas &#8211; ehk\u00a0<b>moon<\/b>\u00a0(Papaver)<\/i><\/strong><\/p>\n<ul>\n<li>Armastatud v\u00e4hen\u00f5udlik \u00fcheaastane ilutaim.<\/li>\n<li>Sobib nii koduaedade kui lilleaasade kaunitariks.<\/li>\n<li>Moon meelitab ligi mesilasi ja liblikaid.<\/li>\n<li>Kukemagun \u00f5itseb juunist-septembrini.<\/li>\n<\/ul>\n<h4>Kasutusjuhend<\/h4>\n<ul>\n<li>K\u00fclvatakse otse valgusk\u00fcllasele kasvukohale.<\/li>\n<li>Sobib v\u00e4ga h\u00e4sti end ise k\u00fclvama ja levima.<\/li>\n<li>Isek\u00fclvi v\u00e4ltimiseks tuleks seemnekuprad enne seemnete valmimist \u00e4ra korjata.<\/li>\n<li>Kukemagun eelistab lubjarikkaid kasvukohti.<\/li>\n<\/ul>\n","protected":false},"excerpt":{"rendered":"<ul>\n<li>Armastatud v\u00e4hen\u00f5udlik \u00fcheaastane ilutaim.<\/li>\n<li>Sobib nii koduaedade kui lilleaasade kaunitariks.<\/li>\n<li>Moon meelitab ligi mesilasi ja liblikaid.<\/li>\n<li>Kukemagun \u00f5itseb juunist-septembrini.<\/li>\n<\/ul>\n","protected":false},"featured_media":42196,"template":"","meta":{"_acf_changed":false,"_seopress_robots_primary_cat":"none","_seopress_titles_title":"","_seopress_titles_desc":"Kukemagun 50g - Armastatud v\u00e4hen\u00f5udlik \u00fcheaastane ilutaim. Sobib nii koduaedade kui lilleaasade kaunitariks. \u00d5itseb juunist-septembrini.","_seopress_robots_index":"","_gspb_post_css":""},"product_brand":[],"product_cat":[15,100,1212,87],"product_tag":[],"class_list":{"0":"post-5101","1":"product","2":"type-product","3":"status-publish","4":"has-post-thumbnail","6":"product_cat-koik-kategooriad","7":"product_cat-lilleseemned","8":"product_cat-mitmesugused","9":"product_cat-seemned","11":"first","12":"instock","13":"featured","14":"taxable","15":"shipping-taxable","16":"purchasable","17":"product-type-simple"},"ct_brands":[],"acf":[],"_links":{"self":[{"href":"https:\/\/agrozone.ee\/en\/wp-json\/wp\/v2\/product\/5101","targetHints":{"allow":["GET"]}}],"collection":[{"href":"https:\/\/agrozone.ee\/en\/wp-json\/wp\/v2\/product"}],"about":[{"href":"https:\/\/agrozone.ee\/en\/wp-json\/wp\/v2\/types\/product"}],"wp:featuredmedia":[{"embeddable":true,"href":"https:\/\/agrozone.ee\/en\/wp-json\/wp\/v2\/media\/42196"}],"wp:attachment":[{"href":"https:\/\/agrozone.ee\/en\/wp-json\/wp\/v2\/media?parent=5101"}],"wp:term":[{"taxonomy":"product_brand","embeddable":true,"href":"https:\/\/agrozone.ee\/en\/wp-json\/wp\/v2\/product_brand?post=5101"},{"taxonomy":"product_cat","embeddable":true,"href":"https:\/\/agrozone.ee\/en\/wp-json\/wp\/v2\/product_cat?post=5101"},{"taxonomy":"product_tag","embeddable":true,"href":"https:\/\/agrozone.ee\/en\/wp-json\/wp\/v2\/product_tag?post=5101"}],"curies":[{"name":"wp","href":"https:\/\/api.w.org\/{rel}","templated":true}]}}