{"id":5114,"date":"2024-06-09T16:13:46","date_gmt":"2024-06-09T13:13:46","guid":{"rendered":"https:\/\/agrozone.ee\/?post_type=product&#038;p=5114"},"modified":"2026-03-30T08:03:35","modified_gmt":"2026-03-30T06:03:35","slug":"rukkilill-50g","status":"publish","type":"product","link":"https:\/\/agrozone.ee\/en\/product\/rukkilill-50g\/","title":{"rendered":"Rukkilill 50g"},"content":{"rendered":"<p><strong>Rukkilill 50g &#8211; <i>Centaurea cyanus<\/i><\/strong><\/p>\n<ul>\n<li>Armastatud ja levinud \u00fcheaastane p\u00f5llulill, hea mee- ja ravimtaim.<\/li>\n<li>Kasutatakse ka erinevate lilleseemnesegude koostises.<\/li>\n<li>Meelitab aeda mesilasi ja liblikaid.<\/li>\n<li>Sobib h\u00e4sti l\u00f5ikelilleks.<\/li>\n<li>Kuivatatud siniseid \u00f5ielehti kasutatakse kookide ja tortide kaunistamiseks.<\/li>\n<li>\u00d5itseb: juuni-august.<\/li>\n<li>Eelistab liivakaid muldi, kuid kasvab ka mujal.<\/li>\n<li>Valguslembene, kuid talub ka varju.<\/li>\n<\/ul>\n<p>Rukkilill pakub muudki peale ilu ja mee.<\/p>\n<ul>\n<li>Tema erksav\u00e4rvilistest \u00f5itest saadakse sinist v\u00e4rvi.<\/li>\n<li>Ta on tuntud ravimtaimena.<\/li>\n<li>Ravimina kogutakse siniseid kroonlehti.<\/li>\n<li>Need tuleb \u00f5hukese kihina varjulises kohas kiiresti kuivatada.<\/li>\n<li>Kiiresti seep\u00e4rast, et sinised \u00f5ied kipuvad muidu mustaks ja v\u00e4\u00e4rtusetuks muutuma.<\/li>\n<li>Rukkilille \u00f5itest saab hea kompressi v\u00e4sinud v\u00f5i p\u00f5letikulistele silmadele.<\/li>\n<li>Rukkilille \u00f5isi pannakse vahel ravimtee sisse lihtsalt selleks, et tee v\u00e4limus ilusamaks muuta.<\/li>\n<\/ul>\n<h4>Kasutusjuhend<\/h4>\n<ul>\n<li>K\u00fclvatakse mais-juunis otse kasvukohale.<\/li>\n<li>K\u00f5rgus: 50-60 cm.<\/li>\n<\/ul>\n","protected":false},"excerpt":{"rendered":"<ul>\n<li>Armastatud ja levinud \u00fcheaastane p\u00f5llulill, hea mee- ja ravimtaim.<\/li>\n<li>Kasutatakse ka erinevate lilleseemnesegude koostises.<\/li>\n<li>Meelitab aeda mesilasi ja liblikaid.<\/li>\n<li>Sobib h\u00e4sti l\u00f5ikelilleks.<\/li>\n<li>Kuivatatud siniseid \u00f5ielehti kasutatakse kookide ja tortide kaunistamiseks.<\/li>\n<li>\u00d5itseb: juuni-august.<\/li>\n<\/ul>\n","protected":false},"featured_media":42193,"template":"","meta":{"_acf_changed":false,"_seopress_robots_primary_cat":"none","_seopress_titles_title":"","_seopress_titles_desc":"Rukkilill 50g - Armastatud ja levinud \u00fcheaastane p\u00f5llulill, hea mee- ja ravimtaim. Kasutatakse ka erinevate lilleseemnesegude koostises.","_seopress_robots_index":"","_gspb_post_css":""},"product_brand":[],"product_cat":[15,100,1212,87],"product_tag":[],"class_list":{"0":"post-5114","1":"product","2":"type-product","3":"status-publish","4":"has-post-thumbnail","6":"product_cat-koik-kategooriad","7":"product_cat-lilleseemned","8":"product_cat-mitmesugused","9":"product_cat-seemned","11":"first","12":"instock","13":"featured","14":"taxable","15":"shipping-taxable","16":"purchasable","17":"product-type-simple"},"ct_brands":[],"acf":[],"_links":{"self":[{"href":"https:\/\/agrozone.ee\/en\/wp-json\/wp\/v2\/product\/5114","targetHints":{"allow":["GET"]}}],"collection":[{"href":"https:\/\/agrozone.ee\/en\/wp-json\/wp\/v2\/product"}],"about":[{"href":"https:\/\/agrozone.ee\/en\/wp-json\/wp\/v2\/types\/product"}],"wp:featuredmedia":[{"embeddable":true,"href":"https:\/\/agrozone.ee\/en\/wp-json\/wp\/v2\/media\/42193"}],"wp:attachment":[{"href":"https:\/\/agrozone.ee\/en\/wp-json\/wp\/v2\/media?parent=5114"}],"wp:term":[{"taxonomy":"product_brand","embeddable":true,"href":"https:\/\/agrozone.ee\/en\/wp-json\/wp\/v2\/product_brand?post=5114"},{"taxonomy":"product_cat","embeddable":true,"href":"https:\/\/agrozone.ee\/en\/wp-json\/wp\/v2\/product_cat?post=5114"},{"taxonomy":"product_tag","embeddable":true,"href":"https:\/\/agrozone.ee\/en\/wp-json\/wp\/v2\/product_tag?post=5114"}],"curies":[{"name":"wp","href":"https:\/\/api.w.org\/{rel}","templated":true}]}}