{"id":51309,"date":"2025-06-17T08:42:34","date_gmt":"2025-06-17T06:42:34","guid":{"rendered":"https:\/\/agrozone.ee\/?post_type=product&#038;p=51309"},"modified":"2025-07-01T12:44:38","modified_gmt":"2025-07-01T10:44:38","slug":"kasi-surveprits-16l","status":"publish","type":"product","link":"https:\/\/agrozone.ee\/en\/product\/kasi-surveprits-16l\/","title":{"rendered":"K\u00e4si-surveprits 16L"},"content":{"rendered":"<p data-sourcepos=\"1:1-4:268\">K\u00e4si-aiasurveprits, pikk pihustitoru + voolik 170cm 16l<\/p>\n<p data-sourcepos=\"1:1-4:268\">mugavad seljakotirihmad \u2013 t\u00e4nu seljakoti stiilis \u00f5larihmadele jaotub kaal \u00fchtlaselt, kaitstes selgroogu, ergonoomika ja mugavus on igap\u00e4evase aiat\u00f6\u00f6 alus! <span class=\"citation-0 citation-end-0\">mahutavus 16L \u2013 annab teile t\u00e4ieliku tegutsemisvabaduse isegi suuremal pinnal, ilma et oleks vaja seadet pidevalt \u00fcmber paigutada<\/span> pikk t\u00f6\u00f6ulatus \u2013 t\u00e4nu 50 cm pikkusele pihustitorule ja painduvale 120 cm voolikule saate t\u00e4ieliku liikuvuse ja t\u00f6\u00f6mugavuse isegi raskesti ligip\u00e4\u00e4setavates kohtades, k\u00f5rgete taimede, kasvuhoonenurkade v\u00f5i tihedate lillepeenarde pritsimine ei n\u00f5ua kogu paagi liigutamist<\/p>\n<p data-sourcepos=\"6:1-24:53\"><strong>Pritsi spetsifikatsioonid:<\/strong><br \/>\n50 cm pihustitoru &#8211; ulatute k\u00f5rgematesse ja raskesti ligip\u00e4\u00e4setavatesse kohtadesse<br \/>\npikk kummivoolik 120 cm &#8211; suurem ulatus ilma seadmeid liigutamata<br \/>\nr\u00f5hk 2\u20133 baari &#8211; optimaalne pihustamine ilma \u00fclevooluta<br \/>\nroheline v\u00e4rv &#8211; h\u00e4sti n\u00e4htav ja sobib aia \u00fcmbrusega<br \/>\nlai paagi sisselaskeava<br \/>\nv\u00f5rkfilter sisselaskeaval<br \/>\ntihe konstruktsioon<br \/>\nkaasas t\u00e4ielik tihendite komplekt<br \/>\npaksuseinaline paak<br \/>\nprofiilprits<br \/>\nt\u00f6\u00f6ulatus: 170 cm<br \/>\nsuur maht: kuni 16l<br \/>\nm\u00f5\u00f5dud: 34 x 43 x 20 cm<br \/>\nkaal: 2,15 kg<br \/>\nkaal pakendis: 2,65 kg<br \/>\nv\u00e4rv: roheline<br \/>\nmaterjal: PE, PP, PVC, roostevaba teras, raud, nailon<\/p>\n<p data-sourcepos=\"26:1-32:20\"><strong>Komplekti kuulub:<\/strong><br \/>\n16l pritsipaak<br \/>\nseljakoti \u00f5larihmad<br \/>\ntihendite komplekt<br \/>\nfiltrid<br \/>\ndetailne kasutusjuhend<br \/>\npruun transpordikarp<\/p>\n<p data-sourcepos=\"43:1-43:12\">HOIATUS:<\/p>\n<ul data-sourcepos=\"44:1-53:124\">\n<li data-sourcepos=\"44:1-44:55\">P\u00e4rast kasutamist loputage paagi sisemus puhta veega.<\/li>\n<li data-sourcepos=\"45:1-45:97\">M\u00e4\u00e4rige regulaarselt \u00f5hukambri vildist tihendit, et tagada sujuv t\u00f6\u00f6 ja v\u00e4ltida vedeliku leket.<\/li>\n<li data-sourcepos=\"46:1-46:155\">\u00d5hukambri p\u00f5hjas oleva tihendusr\u00f5nga vahetamisel eemaldage kamber, eemaldage tihendusklapp ja asendage see uue r\u00f5ngaga, seej\u00e4rel pange k\u00f5ik uuesti kokku.<\/li>\n<li data-sourcepos=\"47:1-47:78\">Operaator peaks t\u00f6\u00f6 ajal kandma maski, kindaid ja muid isikukaitsevahendeid.<\/li>\n<li data-sourcepos=\"48:1-48:75\">Hoidke pritsi lastele k\u00e4ttesaamatus kohas ja h\u00e4sti ventileeritavas kohas.<\/li>\n<li data-sourcepos=\"49:1-49:75\">\u00c4rge j\u00e4tke seadet otsese p\u00e4ikesevalguse k\u00e4tte ja kaitske seda k\u00fclma eest.<\/li>\n<li data-sourcepos=\"50:1-50:185\">Prits on m\u00f5eldud enamiku pestitsiidide, herbitsiidide, puhastusvahendite ja muude kemikaalide pihustamiseks. &#8211; \u00c4rge kasutage seda s\u00f6\u00f6vitavate v\u00f5i korrodeerivate lahuste pihustamiseks.<\/li>\n<li data-sourcepos=\"51:1-51:166\">Enne t\u00f6\u00f6 alustamist veenduge, et k\u00f5ik osad, sealhulgas voolik, tihendid ja pumba hoob, on heas seisukorras. Kahjustused v\u00f5ivad p\u00f5hjustada lekkeid v\u00f5i eba\u00f5iget t\u00f6\u00f6d.<\/li>\n<li data-sourcepos=\"52:1-52:110\">Soovitatavast r\u00f5hutasemest k\u00f5rgemale pumpamine v\u00f5ib seadet kahjustada v\u00f5i isegi p\u00f5hjustada paagi plahvatuse.<\/li>\n<li data-sourcepos=\"53:1-53:124\">Tuul v\u00f5ib p\u00f5hjustada kemikaalide levimist soovimatutesse piirkondadesse v\u00f5i operaatori enda peale, tekitades m\u00fcrgistusohu.<\/li>\n<\/ul>\n","protected":false},"excerpt":{"rendered":"<p>K\u00e4si-aiasurveprits, pikk pihustitoru + voolik 170cm 16l mugavad seljakotirihmad \u2013 t\u00e4nu seljakoti stiilis \u00f5larihmadele jaotub kaal \u00fchtlaselt, kaitstes selgroogu, ergonoomika ja mugavus on igap\u00e4evase aiat\u00f6\u00f6 alus! mahutavus 16L \u2013 annab teile t\u00e4ieliku tegutsemisvabaduse isegi suuremal pinnal, ilma et oleks vaja seadet pidevalt \u00fcmber paigutada pikk t\u00f6\u00f6ulatus \u2013 t\u00e4nu 50 cm pikkusele pihustitorule ja painduvale 120 [&hellip;]<\/p>\n","protected":false},"featured_media":51312,"template":"","meta":{"_acf_changed":false,"_seopress_robots_primary_cat":"","_seopress_titles_title":"","_seopress_titles_desc":"","_seopress_robots_index":"","_gspb_post_css":""},"product_brand":[],"product_cat":[149,15,162],"product_tag":[],"class_list":{"0":"post-51309","1":"product","2":"type-product","3":"status-publish","4":"has-post-thumbnail","6":"product_cat-aiatarvikud","7":"product_cat-koik-kategooriad","8":"product_cat-pritsid","10":"first","11":"instock","12":"taxable","13":"shipping-taxable","14":"purchasable","15":"product-type-simple"},"ct_brands":[],"acf":[],"_links":{"self":[{"href":"https:\/\/agrozone.ee\/en\/wp-json\/wp\/v2\/product\/51309","targetHints":{"allow":["GET"]}}],"collection":[{"href":"https:\/\/agrozone.ee\/en\/wp-json\/wp\/v2\/product"}],"about":[{"href":"https:\/\/agrozone.ee\/en\/wp-json\/wp\/v2\/types\/product"}],"wp:featuredmedia":[{"embeddable":true,"href":"https:\/\/agrozone.ee\/en\/wp-json\/wp\/v2\/media\/51312"}],"wp:attachment":[{"href":"https:\/\/agrozone.ee\/en\/wp-json\/wp\/v2\/media?parent=51309"}],"wp:term":[{"taxonomy":"product_brand","embeddable":true,"href":"https:\/\/agrozone.ee\/en\/wp-json\/wp\/v2\/product_brand?post=51309"},{"taxonomy":"product_cat","embeddable":true,"href":"https:\/\/agrozone.ee\/en\/wp-json\/wp\/v2\/product_cat?post=51309"},{"taxonomy":"product_tag","embeddable":true,"href":"https:\/\/agrozone.ee\/en\/wp-json\/wp\/v2\/product_tag?post=51309"}],"curies":[{"name":"wp","href":"https:\/\/api.w.org\/{rel}","templated":true}]}}