{"id":5136,"date":"2024-06-09T16:14:16","date_gmt":"2024-06-09T13:14:16","guid":{"rendered":"https:\/\/agrozone.ee\/?post_type=product&#038;p=5136"},"modified":"2025-07-31T13:44:01","modified_gmt":"2025-07-31T11:44:01","slug":"lillepollu-seemnesegu-5-kg","status":"publish","type":"product","link":"https:\/\/agrozone.ee\/en\/product\/lillepollu-seemnesegu-5-kg\/","title":{"rendered":"Lillep\u00f5llu seemnesegu 5 kg"},"content":{"rendered":"<p><strong>Lillep\u00f5llu seemnesegu 5 kg<\/strong><\/p>\n<ul>\n<li>Seemnesegu koosneb \u00fcheaastastest \u00f5itsvatest meetaimedest, mis meelitavad ligi mesilasi ja teisi kasulikke putukaid ning on silmailuks kogu terve suve.<\/li>\n<li>Segu v\u00f5ib k\u00fclvata koduaedadesse, p\u00f5lluservadele, viljap\u00f5ldude \u00e4\u00e4rde, mesilate juurde.<\/li>\n<li>1 kg piisab 500 m2 k\u00fclvamiseks<\/li>\n<\/ul>\n<p><strong>Koostis: <\/strong><\/p>\n<ul>\n<li>harilik keerispea (Phacelia tanacetifolia)<\/li>\n<li>kahkjaspunane ristik (Trifolium incarnatum)<\/li>\n<li>harilik lina (Linum usitatissimum)<\/li>\n<li>harilik tatar (Fagopyrum esculentum)<\/li>\n<li>p\u00e4rsia ristik (Trifolium resupinatum)<\/li>\n<li>\u00fcheaastane raihein (Lolium multiflorum Lam. var. westerwoldicum Wittm.)<\/li>\n<li>rukkilill (Centaurea cyanus)<\/li>\n<li>harilik kurgirohi (Borago officinalis)<\/li>\n<li>aedtill (Anethum graveolens)<\/li>\n<li>aedkoriander (Coriandrum sativum)<\/li>\n<li>valge sinep (Sinapis alba)<\/li>\n<li>p\u00f5ld-linnujalg (Ornitophus sativus)<\/li>\n<\/ul>\n","protected":false},"excerpt":{"rendered":"<ul>\n<li>Seemnesegu koosneb \u00fcheaastastest \u00f5itsvatest meetaimedest, mis meelitavad ligi mesilasi ja teisi kasulikke putukaid ning on silmailuks kogu terve suve.<\/li>\n<li>Segu v\u00f5ib k\u00fclvata koduaedadesse, p\u00f5lluservadele, viljap\u00f5ldude \u00e4\u00e4rde, mesilate juurde.<\/li>\n<li>1 kg piisab 500 m2 k\u00fclvamiseks<\/li>\n<\/ul>\n","protected":false},"featured_media":47592,"template":"","meta":{"_acf_changed":false,"_seopress_robots_primary_cat":"none","_seopress_titles_title":"","_seopress_titles_desc":"Lillep\u00f5llu seemnesegu 5 kg - koosneb \u00fcheaastastest \u00f5itsvatest meetaimedest. V\u00f5ib k\u00fclvata koduaedadesse, p\u00f5lluservadele, viljap\u00f5ldude \u00e4\u00e4rde, mesilate juurde.","_seopress_robots_index":"","_gspb_post_css":""},"product_brand":[],"product_cat":[15,101,100,932,87],"product_tag":[],"class_list":{"0":"post-5136","1":"product","2":"type-product","3":"status-publish","4":"has-post-thumbnail","6":"product_cat-koik-kategooriad","7":"product_cat-lille-seemnesegud","8":"product_cat-lilleseemned","9":"product_cat-meetaimed-ja-vahekultuurid","10":"product_cat-seemned","12":"first","13":"instock","14":"taxable","15":"shipping-taxable","16":"purchasable","17":"product-type-simple"},"ct_brands":[],"acf":[],"_links":{"self":[{"href":"https:\/\/agrozone.ee\/en\/wp-json\/wp\/v2\/product\/5136","targetHints":{"allow":["GET"]}}],"collection":[{"href":"https:\/\/agrozone.ee\/en\/wp-json\/wp\/v2\/product"}],"about":[{"href":"https:\/\/agrozone.ee\/en\/wp-json\/wp\/v2\/types\/product"}],"wp:featuredmedia":[{"embeddable":true,"href":"https:\/\/agrozone.ee\/en\/wp-json\/wp\/v2\/media\/47592"}],"wp:attachment":[{"href":"https:\/\/agrozone.ee\/en\/wp-json\/wp\/v2\/media?parent=5136"}],"wp:term":[{"taxonomy":"product_brand","embeddable":true,"href":"https:\/\/agrozone.ee\/en\/wp-json\/wp\/v2\/product_brand?post=5136"},{"taxonomy":"product_cat","embeddable":true,"href":"https:\/\/agrozone.ee\/en\/wp-json\/wp\/v2\/product_cat?post=5136"},{"taxonomy":"product_tag","embeddable":true,"href":"https:\/\/agrozone.ee\/en\/wp-json\/wp\/v2\/product_tag?post=5136"}],"curies":[{"name":"wp","href":"https:\/\/api.w.org\/{rel}","templated":true}]}}