{"id":5137,"date":"2024-06-09T16:14:16","date_gmt":"2024-06-09T13:14:16","guid":{"rendered":"https:\/\/agrozone.ee\/?post_type=product&#038;p=5137"},"modified":"2025-07-31T13:43:20","modified_gmt":"2025-07-31T11:43:20","slug":"meetaimede-seemnesegu-1-kg","status":"publish","type":"product","link":"https:\/\/agrozone.ee\/en\/product\/meetaimede-seemnesegu-1-kg\/","title":{"rendered":"Meetaimede seemnesegu 1 kg"},"content":{"rendered":"<p><strong>Meetaimede seemnesegu 1 kg<\/strong><\/p>\n<ul>\n<li>Meetaimede seemnesegu sobib mesilaste korjeala rajamiseks.<\/li>\n<li>Segu koosneb \u00fcheaastastest \u00f5itsvatest meetaimedest, mis meelitavad ligi mesilasi ja teisi kasulikke putukaid ja on v\u00e4ga head nektari kogumiseks.<\/li>\n<li>\u00d5itsvad taimed on silmailuks kogu terve suve.<\/li>\n<li>Meetaimede segu v\u00f5ib k\u00fclvata ka koduaedadesse, p\u00f5lluservadele, viljap\u00f5ldude \u00e4\u00e4rde.<\/li>\n<li>Putukate rohkus ja parem tolmeldamine parandavad k\u00f5rvalasuvate p\u00f5llutaimede seemnesaaki.<\/li>\n<li>1 kg piisab 500 m2 k\u00fclvamiseks<\/li>\n<\/ul>\n<p><strong>Koostis:<\/strong><\/p>\n<ul>\n<li>harilik keerispea (Phacelia tanacetifolia)<\/li>\n<li>kahkjaspunane ristik (Trifolium incarnatum)<\/li>\n<li>aleksandria ristik (Trifolium alexandrinum)<\/li>\n<li>p\u00e4rsia ristik (Trifolium resupinatum)<\/li>\n<li>harilik tatar (Fagopyrum esculentum)<\/li>\n<li>suvivikk (Vicia sativa)<\/li>\n<li>valge sinep (Sinapis alba)<\/li>\n<li>p\u00f5ld-linnujalg (Ornitophus sativus)<\/li>\n<li>\u00fcheaastane raihein (Lolium multiflorum Lam. var. westerwoldicum Wittm.)<\/li>\n<li>harilik kurgirohi (Borago officinalis)<\/li>\n<li>aedtill (Anethum graveolens)<\/li>\n<li>harilik saialill (Calendula officinalis)<\/li>\n<\/ul>\n","protected":false},"excerpt":{"rendered":"<ul>\n<li>Seemnesegu sobib mesilaste korjeala rajamiseks.<\/li>\n<li>Segu koosneb \u00fcheaastastest \u00f5itsvatest meetaimedest, mis meelitavad ligi mesilasi ja teisi kasulikke putukaid ja on v\u00e4ga head nektari kogumiseks.<\/li>\n<li>\u00d5itsvad taimed on silmailuks kogu terve suve.<\/li>\n<li>Segu v\u00f5ib k\u00fclvata ka koduaedadesse, p\u00f5lluservadele, viljap\u00f5ldude \u00e4\u00e4rde.<\/li>\n<li>Putukate rohkus ja parem tolmeldamine parandavad k\u00f5rvalasuvate p\u00f5llutaimede seemnesaaki.<\/li>\n<li>1 kg piisab 500 m2 k\u00fclvamiseks<\/li>\n<\/ul>\n","protected":false},"featured_media":44145,"template":"","meta":{"_acf_changed":false,"_seopress_robots_primary_cat":"none","_seopress_titles_title":"","_seopress_titles_desc":"Meetaimede seemnesegu 1 kg - Seemnesegu sobib mesilaste korjeala rajamiseks. Segu koosneb \u00fcheaastastest \u00f5itsvatest meetaimedest.","_seopress_robots_index":"","_gspb_post_css":""},"product_brand":[],"product_cat":[15,101,100,932,87],"product_tag":[],"class_list":{"0":"post-5137","1":"product","2":"type-product","3":"status-publish","4":"has-post-thumbnail","6":"product_cat-koik-kategooriad","7":"product_cat-lille-seemnesegud","8":"product_cat-lilleseemned","9":"product_cat-meetaimed-ja-vahekultuurid","10":"product_cat-seemned","12":"first","13":"instock","14":"taxable","15":"shipping-taxable","16":"purchasable","17":"product-type-simple"},"ct_brands":[],"acf":[],"_links":{"self":[{"href":"https:\/\/agrozone.ee\/en\/wp-json\/wp\/v2\/product\/5137","targetHints":{"allow":["GET"]}}],"collection":[{"href":"https:\/\/agrozone.ee\/en\/wp-json\/wp\/v2\/product"}],"about":[{"href":"https:\/\/agrozone.ee\/en\/wp-json\/wp\/v2\/types\/product"}],"wp:featuredmedia":[{"embeddable":true,"href":"https:\/\/agrozone.ee\/en\/wp-json\/wp\/v2\/media\/44145"}],"wp:attachment":[{"href":"https:\/\/agrozone.ee\/en\/wp-json\/wp\/v2\/media?parent=5137"}],"wp:term":[{"taxonomy":"product_brand","embeddable":true,"href":"https:\/\/agrozone.ee\/en\/wp-json\/wp\/v2\/product_brand?post=5137"},{"taxonomy":"product_cat","embeddable":true,"href":"https:\/\/agrozone.ee\/en\/wp-json\/wp\/v2\/product_cat?post=5137"},{"taxonomy":"product_tag","embeddable":true,"href":"https:\/\/agrozone.ee\/en\/wp-json\/wp\/v2\/product_tag?post=5137"}],"curies":[{"name":"wp","href":"https:\/\/api.w.org\/{rel}","templated":true}]}}