{"id":51422,"date":"2025-06-24T20:19:07","date_gmt":"2025-06-24T18:19:07","guid":{"rendered":"https:\/\/agrozone.ee\/?post_type=product&#038;p=51422"},"modified":"2026-04-19T11:05:16","modified_gmt":"2026-04-19T09:05:16","slug":"taispuhutav-aiatool-jalatugi","status":"publish","type":"product","link":"https:\/\/agrozone.ee\/en\/product\/taispuhutav-aiatool-jalatugi\/","title":{"rendered":"T\u00e4ispuhutav aiatool + jalatugi"},"content":{"rendered":"<p data-sourcepos=\"1:1-3:184\">tugev ja vastupidav &#8211; t\u00e4ispuhutav tugitool on valmistatud paksust, vastupidavast PVC-kihist, mis on kaetud meeldiva sametit imiteeriva materjaliga, selle tugevdatud konstruktsioon ja kaasaegsed ventiilid hoiavad \u00e4ra kiire \u00f5hulekke ja kaitsevad juhuslike torkevigastuste eest, ideaalne valik neile, kes otsivad vastupidavat tugitooli elutuppa, magamistuppa v\u00f5i aeda<br \/>\nkasutusmugavus &#8211; ergonoomiline kuju ja pehme iste muudavad t\u00e4ispuhutava tugitooli \u00fcllatavalt mugavaks, materjal on hingav ja katsudes pehme &#8211; see ei aja higistama, see on suurep\u00e4rane valik, kui otsite mugavat t\u00e4ispuhutavat tugitooli l\u00f5\u00f5gastumiseks, filmide vaatamiseks v\u00f5i lugemiseks<br \/>\nkandev\u00f5ime &#8211; t\u00e4ispuhutava tugitooli maksimaalne kandev\u00f5ime on kuni 120 kg, seega sobib see nii t\u00e4iskasvanutele kui ka lastele, see on turvaline t\u00e4ispuhutav tugitool isegi pikale mehele<\/p>\n<p data-sourcepos=\"5:1-23:21\"><strong>Tugitooli spetsifikatsioonid:<\/strong><br \/>\nmugav ja ergonoomiline kuju<br \/>\npehme pind<br \/>\nvastupidav PVC materjal<br \/>\nkomplektis sobiv jalatugi<br \/>\ntihe lukustusega ventiil<br \/>\notsikutega jalgpump<br \/>\nsaab kasutada nii sise- kui ka v\u00e4litingimustes<br \/>\nkaasas isekleepuv paranduslapp<br \/>\nstiilne, kaasaegne disain<br \/>\nlihtne kokku panna ja hoiustada<br \/>\nmaksimaalne kandev\u00f5ime: 120 kg<br \/>\ntugitooli m\u00f5\u00f5dud t\u00e4ispuhutuna: 75 x 90 x 80 cm<br \/>\njalatoe m\u00f5\u00f5dud t\u00e4ispuhutuna: 50 x 20 cm<br \/>\nkaal: 1,62 kg<br \/>\nv\u00e4rv: must bee\u017e<br \/>\nmaterjal: PVC, PP, PE<\/p>\n<p data-sourcepos=\"25:1-30:16\"><strong>Komplektis sisaldub:<\/strong><br \/>\nt\u00e4ispuhutav tugitool<br \/>\nt\u00e4ispuhutav jalatugi<br \/>\npump<br \/>\nparanduslapp<br \/>\nv\u00e4rviline pakend<\/p>\n<p data-sourcepos=\"41:1-41:10\">HOIATUSED:<\/p>\n<ul data-sourcepos=\"42:1-47:94\">\n<li data-sourcepos=\"42:1-42:32\">Kasutage vastavalt otstarbele.<\/li>\n<li data-sourcepos=\"43:1-43:72\">\u00c4rge pumbake tugitooli \u00fcle \u2013 see v\u00f5ib n\u00f5rgestada materjali ja \u00f5mblusi.<\/li>\n<li data-sourcepos=\"44:1-44:47\">Asetage tugitool tasasele ja puhtale pinnale.<\/li>\n<li data-sourcepos=\"45:1-45:31\">Hoidke tugitool tulest eemal.<\/li>\n<li data-sourcepos=\"46:1-46:116\">P\u00e4rast kasutamist laske \u00f5hk v\u00e4lja ja hoidke tugitooli kuivas, jahedas kohas, eemal niiskusest ja p\u00e4ikesevalgusest.<\/li>\n<li data-sourcepos=\"47:1-47:94\">Lapsed tohivad tugitooli kasutada ainult t\u00e4iskasvanu j\u00e4relevalve all. Toode ei ole m\u00e4nguasi.<\/li>\n<\/ul>\n","protected":false},"excerpt":{"rendered":"<p>tugev ja vastupidav &#8211; t\u00e4ispuhutav tugitool on valmistatud paksust, vastupidavast PVC-kihist, mis on kaetud meeldiva sametit imiteeriva materjaliga, selle tugevdatud konstruktsioon ja kaasaegsed ventiilid hoiavad \u00e4ra kiire \u00f5hulekke ja kaitsevad juhuslike torkevigastuste eest, ideaalne valik neile, kes otsivad vastupidavat tugitooli elutuppa, magamistuppa v\u00f5i aeda kasutusmugavus &#8211; ergonoomiline kuju ja pehme iste muudavad t\u00e4ispuhutava tugitooli \u00fcllatavalt [&hellip;]<\/p>\n","protected":false},"featured_media":51425,"template":"","meta":{"_acf_changed":false,"_seopress_robots_primary_cat":"none","_seopress_titles_title":"","_seopress_titles_desc":"","_seopress_robots_index":"","_gspb_post_css":""},"product_brand":[],"product_cat":[149,15],"product_tag":[],"class_list":{"0":"post-51422","1":"product","2":"type-product","3":"status-publish","4":"has-post-thumbnail","6":"product_cat-aiatarvikud","7":"product_cat-koik-kategooriad","9":"first","10":"instock","11":"taxable","12":"shipping-taxable","13":"purchasable","14":"product-type-simple"},"ct_brands":[],"acf":[],"_links":{"self":[{"href":"https:\/\/agrozone.ee\/en\/wp-json\/wp\/v2\/product\/51422","targetHints":{"allow":["GET"]}}],"collection":[{"href":"https:\/\/agrozone.ee\/en\/wp-json\/wp\/v2\/product"}],"about":[{"href":"https:\/\/agrozone.ee\/en\/wp-json\/wp\/v2\/types\/product"}],"wp:featuredmedia":[{"embeddable":true,"href":"https:\/\/agrozone.ee\/en\/wp-json\/wp\/v2\/media\/51425"}],"wp:attachment":[{"href":"https:\/\/agrozone.ee\/en\/wp-json\/wp\/v2\/media?parent=51422"}],"wp:term":[{"taxonomy":"product_brand","embeddable":true,"href":"https:\/\/agrozone.ee\/en\/wp-json\/wp\/v2\/product_brand?post=51422"},{"taxonomy":"product_cat","embeddable":true,"href":"https:\/\/agrozone.ee\/en\/wp-json\/wp\/v2\/product_cat?post=51422"},{"taxonomy":"product_tag","embeddable":true,"href":"https:\/\/agrozone.ee\/en\/wp-json\/wp\/v2\/product_tag?post=51422"}],"curies":[{"name":"wp","href":"https:\/\/api.w.org\/{rel}","templated":true}]}}