{"id":5148,"date":"2024-06-09T16:14:36","date_gmt":"2024-06-09T13:14:36","guid":{"rendered":"https:\/\/agrozone.ee\/?post_type=product&#038;p=5148"},"modified":"2025-07-31T13:43:58","modified_gmt":"2025-07-31T11:43:58","slug":"vahekultuuride-seemnesegu-5-kg","status":"publish","type":"product","link":"https:\/\/agrozone.ee\/en\/product\/vahekultuuride-seemnesegu-5-kg\/","title":{"rendered":"Vahekultuuride seemnesegu 5 kg"},"content":{"rendered":"<p><strong>Vahekultuuride seemnesegu 5 kg<\/strong><\/p>\n<ul>\n<li>Seemnesegu koosneb \u00fche-, kahe- ja mitmeaastastest \u00f5itsvatest meetaimedest, mis meelitavad ligi mesilasi ja teisi kasulikke putukaid ning on silmailuks kogu terve suve.<\/li>\n<li>Putukate rohkus ja parem tolmeldamine parandavad k\u00f5rvalasuvate p\u00f5llutaimede seemnesaaki.<\/li>\n<li>Vahekultuurid aitavad parandada mullaviljakust, v\u00e4hendada umbrohtumust ja mullaerosiooni.<\/li>\n<li>Taimejuured kobestavad mulda, luues paremad tingimused mulla mikrofloora elutegevuseks.<\/li>\n<li>Lisaks seovad liblik\u00f5ielised kultuurid ka \u00f5hul\u00e4mmastikku ja rikastavad mulda l\u00e4mmastikuga.<\/li>\n<li>1 kg piisab 500 m2 k\u00fclvamiseks<\/li>\n<\/ul>\n<p><strong>Koostis:<\/strong><\/p>\n<ul>\n<li>roosa ristik (Trifolium hybridum)<\/li>\n<li>harilik lutsern (Medicago sativa)<\/li>\n<li>harilik esparsett (Onobrychis viciifolia )<\/li>\n<li>aleksandria ristik (Trifolium alexandrinum)<\/li>\n<li>valge ristik (Trifolium repens)<\/li>\n<li>punane ristik (Trifolium pratense)<\/li>\n<li>p\u00e4rsia ristik (Trifolium resupinatum)<\/li>\n<li>kollane mesikas (Melilotus officinalis)<\/li>\n<li>kahkjaspunane ristik (Trifolium incarnatum)<\/li>\n<li>harilik keerispea (Phacelia tanacetifolia)<\/li>\n<li>harilik kurgirohi (Borago officinalis)<\/li>\n<li>harilik k\u00f6\u00f6men (Carum carvi)<\/li>\n<li>aedtill (Anethum graveolens)<\/li>\n<li>aedkoriander (Coriandrum sativum)<\/li>\n<li>harilik saialill (Calendula officinalis)<\/li>\n<\/ul>\n","protected":false},"excerpt":{"rendered":"<ul>\n<li>Seemnesegu koosneb \u00fche-, kahe- ja mitmeaastastest \u00f5itsvatest meetaimedest, mis meelitavad ligi mesilasi ja teisi kasulikke putukaid ning on silmailuks kogu terve suve.<\/li>\n<li>Putukate rohkus ja parem tolmeldamine parandavad k\u00f5rvalasuvate p\u00f5llutaimede seemnesaaki.<\/li>\n<li>Vahekultuurid aitavad parandada mullaviljakust, v\u00e4hendada umbrohtumust ja mullaerosiooni.<\/li>\n<li>Taimejuured kobestavad mulda, luues paremad tingimused mulla mikrofloora elutegevuseks.<\/li>\n<li>Lisaks seovad liblik\u00f5ielised kultuurid ka \u00f5hul\u00e4mmastikku ja rikastavad mulda l\u00e4mmastikuga.<\/li>\n<li>1 kg piisab 500 m2 k\u00fclvamiseks<\/li>\n<\/ul>\n","protected":false},"featured_media":47588,"template":"","meta":{"_acf_changed":false,"_seopress_robots_primary_cat":"none","_seopress_titles_title":"","_seopress_titles_desc":"Vahekultuuride seemnesegu 5 kg - Seemnesegu koosneb \u00fche-, kahe- ja mitmeaastastest \u00f5itsvatest meetaimedest. 1 kg piisab 500 m2 k\u00fclvamiseks.","_seopress_robots_index":"","_gspb_post_css":""},"product_brand":[],"product_cat":[15,101,100,932,87],"product_tag":[],"class_list":{"0":"post-5148","1":"product","2":"type-product","3":"status-publish","4":"has-post-thumbnail","6":"product_cat-koik-kategooriad","7":"product_cat-lille-seemnesegud","8":"product_cat-lilleseemned","9":"product_cat-meetaimed-ja-vahekultuurid","10":"product_cat-seemned","12":"first","13":"instock","14":"taxable","15":"shipping-taxable","16":"purchasable","17":"product-type-simple"},"ct_brands":[],"acf":[],"_links":{"self":[{"href":"https:\/\/agrozone.ee\/en\/wp-json\/wp\/v2\/product\/5148","targetHints":{"allow":["GET"]}}],"collection":[{"href":"https:\/\/agrozone.ee\/en\/wp-json\/wp\/v2\/product"}],"about":[{"href":"https:\/\/agrozone.ee\/en\/wp-json\/wp\/v2\/types\/product"}],"wp:featuredmedia":[{"embeddable":true,"href":"https:\/\/agrozone.ee\/en\/wp-json\/wp\/v2\/media\/47588"}],"wp:attachment":[{"href":"https:\/\/agrozone.ee\/en\/wp-json\/wp\/v2\/media?parent=5148"}],"wp:term":[{"taxonomy":"product_brand","embeddable":true,"href":"https:\/\/agrozone.ee\/en\/wp-json\/wp\/v2\/product_brand?post=5148"},{"taxonomy":"product_cat","embeddable":true,"href":"https:\/\/agrozone.ee\/en\/wp-json\/wp\/v2\/product_cat?post=5148"},{"taxonomy":"product_tag","embeddable":true,"href":"https:\/\/agrozone.ee\/en\/wp-json\/wp\/v2\/product_tag?post=5148"}],"curies":[{"name":"wp","href":"https:\/\/api.w.org\/{rel}","templated":true}]}}