{"id":5152,"date":"2024-06-09T16:14:37","date_gmt":"2024-06-09T13:14:37","guid":{"rendered":"https:\/\/agrozone.ee\/?post_type=product&#038;p=5152"},"modified":"2025-07-31T14:33:55","modified_gmt":"2025-07-31T12:33:55","slug":"traatussipuunise-taitepakk-2-feromooni","status":"publish","type":"product","link":"https:\/\/agrozone.ee\/en\/product\/traatussipuunise-taitepakk-2-feromooni\/","title":{"rendered":"Traatussip\u00fc\u00fcnise t\u00e4itepakk 2 feromooni"},"content":{"rendered":"<p><strong>Traatussip\u00fc\u00fcnise t\u00e4itepakk 2 feromooni<\/strong><\/p>\n<p>Paki sisu: 2 feromooni.<br \/>\n\u2022 MEELITAB LIGI NAKSURLASI (T\u00c4ISKASVANUD TRAATUSSE)<br \/>\n\u2022 LIHTNE KASUTADA, PIKAAJALINE M\u00d5JU<br \/>\n\u2022 KATSETATUD T\u00d5HUSUS<br \/>\nSuurep\u00e4rane feromoons\u00f6\u00f6t naksurlastele (t\u00e4iskasvanud traatussidele) teie aias.<\/p>\n<p>T\u00e4nu oma pikaajalisele m\u00f5jule meelitab see s\u00f6\u00f6t t\u00f5husalt ligi t\u00e4iskasvanud traatusse (naksurlasi) kuni kolm kuud.<\/p>\n<p>Lubatud kasutada mahep\u00f5llumajanduses.<br \/>\n<strong>T\u00f5estatud t\u00f5husus: <\/strong><\/p>\n<ul>\n<li>Meie tooted on aastatepikkuste teadmiste, t\u00f5estatud uuringute ja tehnoloogiliste uuenduste tulemus.<\/li>\n<li>Nende t\u00f5husus on katsetatud ja kinnitatud professionaalsete laborite poolt.<\/li>\n<\/ul>\n<h3>Kasutusjuhend<\/h3>\n<p>V\u00f5tke feromooniviaal pakendist v\u00e4lja.<\/p>\n<p><strong>HOIATUS!<\/strong><\/p>\n<ul>\n<li>Kuna viaal vabastab j\u00e4rk-j\u00e4rgult feromooni, avage kott vahetult enne p\u00fc\u00fcnisesse asetamist.<\/li>\n<li>\u00c4rge avage viaali.<\/li>\n<li>Pange kinnine viaal Bio Plantella Stop Wirewormsi kaane sisek\u00fcljel olevasse avasse.<\/li>\n<li>Pange mahutile kaas peale ja matke see p\u00f5llu\/aia serva maa sisse nii, et peale avause ei j\u00e4\u00e4 midagi n\u00e4ha.<\/li>\n<li>Kontrollige regulaarselt s\u00f6\u00f6ta ja eemaldage naksurlased.<\/li>\n<li>Vahetage viaal 3 kuu p\u00e4rast v\u00e4lja.<\/li>\n<li>Parima m\u00f5ju saavutamiseks matke feromooniviaaliga mahuti kevadel kohe, kui ilmad l\u00e4hevad soojaks ja naksurlased hakkavad mullast v\u00e4lja kerkima (kohe p\u00e4rast k\u00fcndi v\u00f5i muud pinnaset\u00f6\u00f6tlust).<\/li>\n<\/ul>\n","protected":false},"excerpt":{"rendered":"<p>Paki sisu: 2 feromooni.<br \/>\n\u2022 MEELITAB LIGI NAKSURLASI (T\u00c4ISKASVANUD TRAATUSSE)<br \/>\n\u2022 LIHTNE KASUTADA, PIKAAJALINE M\u00d5JU<br \/>\n\u2022 KATSETATUD T\u00d5HUSUS<br \/>\nSuurep\u00e4rane feromoons\u00f6\u00f6t naksurlastele (t\u00e4iskasvanud traatussidele) teie aias.<\/p>\n<p>T\u00e4nu oma pikaajalisele m\u00f5jule meelitab see s\u00f6\u00f6t t\u00f5husalt ligi t\u00e4iskasvanud traatusse (naksurlasi) kuni kolm kuud.<\/p>\n<p>Lubatud kasutada mahep\u00f5llumajanduses.<br \/>\n<strong>T\u00f5estatud t\u00f5husus: <\/strong><\/p>\n<ul>\n<li>Meie tooted on aastatepikkuste teadmiste, t\u00f5estatud uuringute ja tehnoloogiliste uuenduste tulemus.<\/li>\n<li>Nende t\u00f5husus on katsetatud ja kinnitatud professionaalsete laborite poolt.<\/li>\n<\/ul>\n","protected":false},"featured_media":5204,"template":"","meta":{"_acf_changed":false,"_seopress_robots_primary_cat":"none","_seopress_titles_title":"","_seopress_titles_desc":"Traatussip\u00fc\u00fcnise t\u00e4itepakk 2 feromooni - T\u00e4nu oma pikaajalisele m\u00f5jule meelitab see s\u00f6\u00f6t t\u00f5husalt ligi t\u00e4iskasvanud traatusse (naksurlasi) kuni kolm kuud.","_seopress_robots_index":"","_gspb_post_css":""},"product_brand":[],"product_cat":[109,15,112],"product_tag":[],"class_list":{"0":"post-5152","1":"product","2":"type-product","3":"status-publish","4":"has-post-thumbnail","6":"product_cat-aia-ja-taimede-kaitse","7":"product_cat-koik-kategooriad","8":"product_cat-taimekahjurite-torje","10":"first","11":"instock","12":"taxable","13":"shipping-taxable","14":"purchasable","15":"product-type-simple"},"ct_brands":[],"acf":[],"_links":{"self":[{"href":"https:\/\/agrozone.ee\/en\/wp-json\/wp\/v2\/product\/5152","targetHints":{"allow":["GET"]}}],"collection":[{"href":"https:\/\/agrozone.ee\/en\/wp-json\/wp\/v2\/product"}],"about":[{"href":"https:\/\/agrozone.ee\/en\/wp-json\/wp\/v2\/types\/product"}],"wp:featuredmedia":[{"embeddable":true,"href":"https:\/\/agrozone.ee\/en\/wp-json\/wp\/v2\/media\/5204"}],"wp:attachment":[{"href":"https:\/\/agrozone.ee\/en\/wp-json\/wp\/v2\/media?parent=5152"}],"wp:term":[{"taxonomy":"product_brand","embeddable":true,"href":"https:\/\/agrozone.ee\/en\/wp-json\/wp\/v2\/product_brand?post=5152"},{"taxonomy":"product_cat","embeddable":true,"href":"https:\/\/agrozone.ee\/en\/wp-json\/wp\/v2\/product_cat?post=5152"},{"taxonomy":"product_tag","embeddable":true,"href":"https:\/\/agrozone.ee\/en\/wp-json\/wp\/v2\/product_tag?post=5152"}],"curies":[{"name":"wp","href":"https:\/\/api.w.org\/{rel}","templated":true}]}}